{"id":1792,"date":"2015-12-09T22:07:46","date_gmt":"2015-12-09T21:07:46","guid":{"rendered":"http:\/\/2015.konzertdirektion-hohenfels.de\/en\/preise\/"},"modified":"2025-06-19T08:50:36","modified_gmt":"2025-06-19T06:50:36","slug":"price-categories","status":"publish","type":"page","link":"https:\/\/www.konzertdirektion-hohenfels.de\/en\/philharmonie-berlin\/price-categories\/","title":{"rendered":"Price categories"},"content":{"rendered":"<h2>Main Music Hall<\/h2>\n<div class=\"table-responsive tab_preise\">\n<table style=\"width: 100%; height: 538px;\">\n<tbody>\n<tr style=\"height: 130px;\">\n<th style=\"height: 130px;\">Price Category<\/th>\n<th style=\"height: 130px;\">Section<\/th>\n<th style=\"height: 130px;\">Row<\/th>\n<th style=\"height: 130px;\" colspan=\"2\">Unit price by subscription<\/p>\n<table>\n<tbody>\n<tr>\n<td>Subscription SERIES B and C<\/td>\n<td>Short-Subscription SERIES MK<\/td>\n<\/tr>\n<\/tbody>\n<\/table>\n<\/th>\n<th style=\"height: 130px;\">Price per ticket without discount<\/th>\n<\/tr>\n<tr style=\"height: 24px;\">\n<td style=\"height: 48px;\" rowspan=\"2\">I<\/td>\n<td style=\"height: 24px;\">A<\/td>\n<td style=\"height: 24px;\">7 &#8211; 12<\/td>\n<td style=\"height: 48px;\" rowspan=\"2\">44,00 \u20ac<\/td>\n<td style=\"height: 48px;\" rowspan=\"2\">46,75 \u20ac<\/td>\n<td style=\"height: 48px;\" rowspan=\"2\">55,00 \u20ac<\/td>\n<\/tr>\n<tr style=\"height: 24px;\">\n<td style=\"height: 24px;\">B<\/td>\n<td style=\"height: 24px;\">1 &#8211; 5<\/td>\n<\/tr>\n<tr style=\"height: 24px;\" bgcolor=\"#e2dcd0\">\n<td style=\"height: 72px;\" rowspan=\"3\">II<\/td>\n<td style=\"height: 24px;\">A<\/td>\n<td style=\"height: 24px;\">1 &#8211; 6<\/td>\n<td style=\"height: 72px;\" rowspan=\"3\">40,00 \u20ac<\/td>\n<td style=\"height: 72px;\" rowspan=\"3\">42,50 \u20ac<\/td>\n<td style=\"height: 72px;\" rowspan=\"3\">50,00 \u20ac<\/td>\n<\/tr>\n<tr style=\"height: 24px;\" bgcolor=\"#e2dcd0\">\n<td style=\"height: 24px;\">B<\/td>\n<td style=\"height: 24px;\">6 &#8211; 10<\/td>\n<\/tr>\n<tr style=\"height: 24px;\" bgcolor=\"#e2dcd0\">\n<td style=\"height: 24px;\">E<\/td>\n<td style=\"height: 24px;\">1 &#8211; 2<\/td>\n<\/tr>\n<tr style=\"height: 24px;\">\n<td style=\"height: 96px;\" rowspan=\"4\">III<\/td>\n<td style=\"height: 24px;\">C<\/td>\n<td style=\"height: 24px;\">1 &#8211; 8<\/td>\n<td style=\"height: 96px;\" rowspan=\"4\">37,60 \u20ac<\/td>\n<td style=\"height: 96px;\" rowspan=\"4\">39,95 \u20ac<\/td>\n<td style=\"height: 96px;\" rowspan=\"4\">47,00 \u20ac<\/td>\n<\/tr>\n<tr style=\"height: 24px;\">\n<td style=\"height: 24px;\">F<\/td>\n<td style=\"height: 24px;\">1 &#8211; 5<\/td>\n<\/tr>\n<tr style=\"height: 24px;\">\n<td style=\"height: 24px;\">E<\/td>\n<td style=\"height: 24px;\">3 &#8211; 4<\/td>\n<\/tr>\n<tr style=\"height: 24px;\">\n<td style=\"height: 24px;\">D<\/td>\n<td style=\"height: 24px;\">1<\/td>\n<\/tr>\n<tr style=\"height: 24px;\" bgcolor=\"#e2dcd0\">\n<td style=\"height: 72px;\" rowspan=\"3\">IV<\/td>\n<td style=\"height: 24px;\">C<\/td>\n<td style=\"height: 24px;\">9 &#8211; 11<\/td>\n<td style=\"height: 72px;\" rowspan=\"3\">31,20 \u20ac<\/td>\n<td style=\"height: 72px;\" rowspan=\"3\">33,15 \u20ac<\/td>\n<td style=\"height: 72px;\" rowspan=\"3\">39,00 \u20ac<\/td>\n<\/tr>\n<tr style=\"height: 24px;\" bgcolor=\"#e2dcd0\">\n<td style=\"height: 24px;\">D<\/td>\n<td style=\"height: 24px;\">2 &#8211; 3<\/td>\n<\/tr>\n<tr style=\"height: 24px;\" bgcolor=\"#e2dcd0\">\n<td style=\"height: 24px;\">E<\/td>\n<td style=\"height: 24px;\">5 &#8211; 6<\/td>\n<\/tr>\n<tr style=\"height: 24px;\">\n<td style=\"height: 72px;\" rowspan=\"3\">V<\/td>\n<td style=\"height: 24px;\">D<\/td>\n<td style=\"height: 24px;\">4 &#8211; 6<\/td>\n<td style=\"height: 72px;\" rowspan=\"3\">26,40 \u20ac<\/td>\n<td style=\"height: 72px;\" rowspan=\"3\">28,05 \u20ac<\/td>\n<td style=\"height: 72px;\" rowspan=\"3\">33,00 \u20ac<\/td>\n<\/tr>\n<tr style=\"height: 24px;\">\n<td style=\"height: 24px;\">E<\/td>\n<td style=\"height: 24px;\">7 &#8211; 8<\/td>\n<\/tr>\n<tr style=\"height: 24px;\">\n<td style=\"height: 24px;\">G<\/td>\n<td style=\"height: 24px;\">1 &#8211; 5<\/td>\n<\/tr>\n<tr style=\"height: 24px;\" bgcolor=\"#e2dcd0\">\n<td style=\"height: 48px;\" rowspan=\"2\">VI<\/td>\n<td style=\"height: 24px;\">H<\/td>\n<td style=\"height: 24px;\">1 &#8211; 5<\/td>\n<td style=\"height: 48px;\" rowspan=\"2\">24,00 \u20ac<\/td>\n<td style=\"height: 48px;\" rowspan=\"2\">25,50 \u20ac<\/td>\n<td style=\"height: 48px;\" rowspan=\"2\">30,00 \u20ac<\/td>\n<\/tr>\n<tr style=\"height: 24px;\" bgcolor=\"#e2dcd0\">\n<td style=\"height: 24px;\">K<\/td>\n<td style=\"height: 24px;\">1 &#8211; 4<\/td>\n<\/tr>\n<\/tbody>\n<\/table>\n<\/div>\n<h2>Chamber Music Hall<\/h2>\n<div class=\"table-responsive tab_preise\">\n<table>\n<tbody>\n<tr>\n<th>Price Category<\/th>\n<th>Section<\/th>\n<th>Row<\/th>\n<th colspan=\"2\">Unit price by subscription<\/p>\n<table>\n<tbody>\n<tr>\n<td>Subscription SERIES B and C<\/td>\n<td>Short-Subscription SERIES MK<\/td>\n<\/tr>\n<\/tbody>\n<\/table>\n<\/th>\n<th>Price per ticket without discount<\/th>\n<\/tr>\n<tr>\n<td>I<\/td>\n<td>A<\/td>\n<td>1 &#8211; 6<\/td>\n<td>44,00 \u20ac<\/td>\n<td>46,75 \u20ac<\/td>\n<td>55,00 \u20ac<\/td>\n<\/tr>\n<tr bgcolor=\"#e2dcd0\">\n<td>II<\/td>\n<td>D<\/td>\n<td>1 &#8211; 6<\/td>\n<td>40,00 \u20ac<\/td>\n<td>42,50 \u20ac<\/td>\n<td>50,00 \u20ac<\/td>\n<\/tr>\n<tr>\n<td rowspan=\"3\">III<\/td>\n<td>E<\/td>\n<td>1 &#8211; 6<\/td>\n<td rowspan=\"3\">37,60 \u20ac<\/td>\n<td rowspan=\"3\">39,95 \u20ac<\/td>\n<td rowspan=\"3\">47,00 \u20ac<\/td>\n<\/tr>\n<tr>\n<td>Empore F<\/td>\n<td>1 &#8211; 4<\/td>\n<\/tr>\n<tr>\n<td>B<\/td>\n<td>1 &#8211; 6<\/td>\n<\/tr>\n<tr bgcolor=\"#e2dcd0\">\n<td rowspan=\"2\">IV<\/td>\n<td>F<\/td>\n<td>1 &#8211; 5<\/td>\n<td rowspan=\"2\">31,20 \u20ac<\/td>\n<td rowspan=\"2\">33,15 \u20ac<\/td>\n<td rowspan=\"2\">39,00 \u20ac<\/td>\n<\/tr>\n<tr bgcolor=\"#e2dcd0\">\n<td>G<\/td>\n<td>1 &#8211; 5<\/td>\n<\/tr>\n<tr>\n<td rowspan=\"3\">V<\/td>\n<td>C<\/td>\n<td>1 &#8211; 4<\/td>\n<td rowspan=\"3\">26,40 \u20ac<\/td>\n<td rowspan=\"3\">28,05 \u20ac<\/td>\n<td rowspan=\"3\">33,00 \u20ac<\/td>\n<\/tr>\n<tr>\n<td>H<\/td>\n<td>1 &#8211; 6<\/td>\n<\/tr>\n<tr>\n<td>Empore H<\/td>\n<td>1 &#8211; 4<\/td>\n<\/tr>\n<\/tbody>\n<\/table>\n<\/div>\n<p><strong>Please notice:<\/strong> Special Places are not part of the subscriptions! Please keep in mind that when buying tickets in advance via the internet (at the websites of <a href=\"https:\/\/konzertdirektion-hohenfels-philharmonie-berlin.reservix.de\/events?_locale=en\">RESERVIX<\/a>, <a href=\"https:\/\/www.eventim.de\/en\/artist\/populaere-konzerte-philharmonie-berlin\/\">EVENTIM<\/a> or <a href=\"https:\/\/www.classictic.com\/en\/organizer\/kdvh\/15109\/\">CLASSICTIC<\/a>) or at an advance booking office, a service fee will be <strong>added<\/strong> to the prices stated above.<\/p>\n<p><strong><a href=\"https:\/\/www.konzertdirektion-hohenfels.de\/en\/agb\/\">For Terms and Conditions click here<\/a><\/strong><\/p>\n","protected":false},"excerpt":{"rendered":"<p>Main Music Hall Price Category Section Row Unit price by subscription Subscription SERIES B and C Short-Subscription SERIES MK Price per ticket without discount I A 7 &#8211; 12 44,00 &#8230;<\/p>\n","protected":false},"author":1,"featured_media":0,"parent":728,"menu_order":0,"comment_status":"closed","ping_status":"closed","template":"","meta":{"_acf_changed":false,"footnotes":""},"class_list":["post-1792","page","type-page","status-publish","hentry"],"acf":[],"yoast_head":"<!-- This site is optimized with the Yoast SEO plugin v27.4 - https:\/\/yoast.com\/product\/yoast-seo-wordpress\/ -->\n<title>Price categories - Konzertdirektion Prof. Victor Hohenfels<\/title>\n<meta name=\"description\" content=\"Konzerte in der Berliner Philharmonie mit Mitgliedern der Berliner Philharmoniker und au\u00dfergew\u00f6hnlichen Solisten und Dirigenten. G\u00fcnstige Preise und Abos!\" \/>\n<meta name=\"robots\" content=\"index, follow, max-snippet:-1, max-image-preview:large, max-video-preview:-1\" \/>\n<link rel=\"canonical\" href=\"https:\/\/www.konzertdirektion-hohenfels.de\/en\/philharmonie-berlin\/price-categories\/\" \/>\n<meta property=\"og:locale\" content=\"en_US\" \/>\n<meta property=\"og:type\" content=\"article\" \/>\n<meta property=\"og:title\" content=\"Price categories - Konzertdirektion Prof. Victor Hohenfels\" \/>\n<meta property=\"og:description\" content=\"Konzerte in der Berliner Philharmonie mit Mitgliedern der Berliner Philharmoniker und au\u00dfergew\u00f6hnlichen Solisten und Dirigenten. G\u00fcnstige Preise und Abos!\" \/>\n<meta property=\"og:url\" content=\"https:\/\/www.konzertdirektion-hohenfels.de\/en\/philharmonie-berlin\/price-categories\/\" \/>\n<meta property=\"og:site_name\" content=\"Konzertdirektion Prof. Victor Hohenfels\" \/>\n<meta property=\"article:publisher\" content=\"https:\/\/www.facebook.com\/konzertdirektion.hohenfels\" \/>\n<meta property=\"article:modified_time\" content=\"2025-06-19T06:50:36+00:00\" \/>\n<meta name=\"twitter:card\" content=\"summary_large_image\" \/>\n<meta name=\"twitter:label1\" content=\"Est. reading time\" \/>\n\t<meta name=\"twitter:data1\" content=\"2 minutes\" \/>\n<script type=\"application\/ld+json\" class=\"yoast-schema-graph\">{\"@context\":\"https:\\\/\\\/schema.org\",\"@graph\":[{\"@type\":\"WebPage\",\"@id\":\"https:\\\/\\\/www.konzertdirektion-hohenfels.de\\\/en\\\/philharmonie-berlin\\\/price-categories\\\/\",\"url\":\"https:\\\/\\\/www.konzertdirektion-hohenfels.de\\\/en\\\/philharmonie-berlin\\\/price-categories\\\/\",\"name\":\"Price categories - Konzertdirektion Prof. Victor Hohenfels\",\"isPartOf\":{\"@id\":\"https:\\\/\\\/www.konzertdirektion-hohenfels.de\\\/#website\"},\"datePublished\":\"2015-12-09T21:07:46+00:00\",\"dateModified\":\"2025-06-19T06:50:36+00:00\",\"description\":\"Konzerte in der Berliner Philharmonie mit Mitgliedern der Berliner Philharmoniker und au\u00dfergew\u00f6hnlichen Solisten und Dirigenten. G\u00fcnstige Preise und Abos!\",\"breadcrumb\":{\"@id\":\"https:\\\/\\\/www.konzertdirektion-hohenfels.de\\\/en\\\/philharmonie-berlin\\\/price-categories\\\/#breadcrumb\"},\"inLanguage\":\"en\",\"potentialAction\":[{\"@type\":\"ReadAction\",\"target\":[\"https:\\\/\\\/www.konzertdirektion-hohenfels.de\\\/en\\\/philharmonie-berlin\\\/price-categories\\\/\"]}]},{\"@type\":\"BreadcrumbList\",\"@id\":\"https:\\\/\\\/www.konzertdirektion-hohenfels.de\\\/en\\\/philharmonie-berlin\\\/price-categories\\\/#breadcrumb\",\"itemListElement\":[{\"@type\":\"ListItem\",\"position\":1,\"name\":\"Home\",\"item\":\"https:\\\/\\\/www.konzertdirektion-hohenfels.de\\\/en\\\/index-weiterleitung\\\/\"},{\"@type\":\"ListItem\",\"position\":2,\"name\":\"Concert Management Philharmonie Berlin\",\"item\":\"https:\\\/\\\/www.konzertdirektion-hohenfels.de\\\/en\\\/philharmonie-berlin\\\/\"},{\"@type\":\"ListItem\",\"position\":3,\"name\":\"Price categories\"}]},{\"@type\":\"WebSite\",\"@id\":\"https:\\\/\\\/www.konzertdirektion-hohenfels.de\\\/#website\",\"url\":\"https:\\\/\\\/www.konzertdirektion-hohenfels.de\\\/\",\"name\":\"Konzertdirektion Prof. Victor Hohenfels\",\"description\":\"\",\"publisher\":{\"@id\":\"https:\\\/\\\/www.konzertdirektion-hohenfels.de\\\/#organization\"},\"potentialAction\":[{\"@type\":\"SearchAction\",\"target\":{\"@type\":\"EntryPoint\",\"urlTemplate\":\"https:\\\/\\\/www.konzertdirektion-hohenfels.de\\\/?s={search_term_string}\"},\"query-input\":{\"@type\":\"PropertyValueSpecification\",\"valueRequired\":true,\"valueName\":\"search_term_string\"}}],\"inLanguage\":\"en\"},{\"@type\":\"Organization\",\"@id\":\"https:\\\/\\\/www.konzertdirektion-hohenfels.de\\\/#organization\",\"name\":\"Konzertdirektion Prof. Victor Hohenfels\",\"url\":\"https:\\\/\\\/www.konzertdirektion-hohenfels.de\\\/\",\"logo\":{\"@type\":\"ImageObject\",\"inLanguage\":\"en\",\"@id\":\"https:\\\/\\\/www.konzertdirektion-hohenfels.de\\\/#\\\/schema\\\/logo\\\/image\\\/\",\"url\":\"https:\\\/\\\/www.konzertdirektion-hohenfels.de\\\/wp-content\\\/uploads\\\/KVH_logo_newsletter.png\",\"contentUrl\":\"https:\\\/\\\/www.konzertdirektion-hohenfels.de\\\/wp-content\\\/uploads\\\/KVH_logo_newsletter.png\",\"width\":230,\"height\":117,\"caption\":\"Konzertdirektion Prof. Victor Hohenfels\"},\"image\":{\"@id\":\"https:\\\/\\\/www.konzertdirektion-hohenfels.de\\\/#\\\/schema\\\/logo\\\/image\\\/\"},\"sameAs\":[\"https:\\\/\\\/www.facebook.com\\\/konzertdirektion.hohenfels\"]}]}<\/script>\n<!-- \/ Yoast SEO plugin. -->","yoast_head_json":{"title":"Price categories - Konzertdirektion Prof. Victor Hohenfels","description":"Konzerte in der Berliner Philharmonie mit Mitgliedern der Berliner Philharmoniker und au\u00dfergew\u00f6hnlichen Solisten und Dirigenten. G\u00fcnstige Preise und Abos!","robots":{"index":"index","follow":"follow","max-snippet":"max-snippet:-1","max-image-preview":"max-image-preview:large","max-video-preview":"max-video-preview:-1"},"canonical":"https:\/\/www.konzertdirektion-hohenfels.de\/en\/philharmonie-berlin\/price-categories\/","og_locale":"en_US","og_type":"article","og_title":"Price categories - Konzertdirektion Prof. Victor Hohenfels","og_description":"Konzerte in der Berliner Philharmonie mit Mitgliedern der Berliner Philharmoniker und au\u00dfergew\u00f6hnlichen Solisten und Dirigenten. G\u00fcnstige Preise und Abos!","og_url":"https:\/\/www.konzertdirektion-hohenfels.de\/en\/philharmonie-berlin\/price-categories\/","og_site_name":"Konzertdirektion Prof. Victor Hohenfels","article_publisher":"https:\/\/www.facebook.com\/konzertdirektion.hohenfels","article_modified_time":"2025-06-19T06:50:36+00:00","twitter_card":"summary_large_image","twitter_misc":{"Est. reading time":"2 minutes"},"schema":{"@context":"https:\/\/schema.org","@graph":[{"@type":"WebPage","@id":"https:\/\/www.konzertdirektion-hohenfels.de\/en\/philharmonie-berlin\/price-categories\/","url":"https:\/\/www.konzertdirektion-hohenfels.de\/en\/philharmonie-berlin\/price-categories\/","name":"Price categories - Konzertdirektion Prof. Victor Hohenfels","isPartOf":{"@id":"https:\/\/www.konzertdirektion-hohenfels.de\/#website"},"datePublished":"2015-12-09T21:07:46+00:00","dateModified":"2025-06-19T06:50:36+00:00","description":"Konzerte in der Berliner Philharmonie mit Mitgliedern der Berliner Philharmoniker und au\u00dfergew\u00f6hnlichen Solisten und Dirigenten. G\u00fcnstige Preise und Abos!","breadcrumb":{"@id":"https:\/\/www.konzertdirektion-hohenfels.de\/en\/philharmonie-berlin\/price-categories\/#breadcrumb"},"inLanguage":"en","potentialAction":[{"@type":"ReadAction","target":["https:\/\/www.konzertdirektion-hohenfels.de\/en\/philharmonie-berlin\/price-categories\/"]}]},{"@type":"BreadcrumbList","@id":"https:\/\/www.konzertdirektion-hohenfels.de\/en\/philharmonie-berlin\/price-categories\/#breadcrumb","itemListElement":[{"@type":"ListItem","position":1,"name":"Home","item":"https:\/\/www.konzertdirektion-hohenfels.de\/en\/index-weiterleitung\/"},{"@type":"ListItem","position":2,"name":"Concert Management Philharmonie Berlin","item":"https:\/\/www.konzertdirektion-hohenfels.de\/en\/philharmonie-berlin\/"},{"@type":"ListItem","position":3,"name":"Price categories"}]},{"@type":"WebSite","@id":"https:\/\/www.konzertdirektion-hohenfels.de\/#website","url":"https:\/\/www.konzertdirektion-hohenfels.de\/","name":"Konzertdirektion Prof. Victor Hohenfels","description":"","publisher":{"@id":"https:\/\/www.konzertdirektion-hohenfels.de\/#organization"},"potentialAction":[{"@type":"SearchAction","target":{"@type":"EntryPoint","urlTemplate":"https:\/\/www.konzertdirektion-hohenfels.de\/?s={search_term_string}"},"query-input":{"@type":"PropertyValueSpecification","valueRequired":true,"valueName":"search_term_string"}}],"inLanguage":"en"},{"@type":"Organization","@id":"https:\/\/www.konzertdirektion-hohenfels.de\/#organization","name":"Konzertdirektion Prof. Victor Hohenfels","url":"https:\/\/www.konzertdirektion-hohenfels.de\/","logo":{"@type":"ImageObject","inLanguage":"en","@id":"https:\/\/www.konzertdirektion-hohenfels.de\/#\/schema\/logo\/image\/","url":"https:\/\/www.konzertdirektion-hohenfels.de\/wp-content\/uploads\/KVH_logo_newsletter.png","contentUrl":"https:\/\/www.konzertdirektion-hohenfels.de\/wp-content\/uploads\/KVH_logo_newsletter.png","width":230,"height":117,"caption":"Konzertdirektion Prof. Victor Hohenfels"},"image":{"@id":"https:\/\/www.konzertdirektion-hohenfels.de\/#\/schema\/logo\/image\/"},"sameAs":["https:\/\/www.facebook.com\/konzertdirektion.hohenfels"]}]}},"_links":{"self":[{"href":"https:\/\/www.konzertdirektion-hohenfels.de\/en\/wp-json\/wp\/v2\/pages\/1792","targetHints":{"allow":["GET"]}}],"collection":[{"href":"https:\/\/www.konzertdirektion-hohenfels.de\/en\/wp-json\/wp\/v2\/pages"}],"about":[{"href":"https:\/\/www.konzertdirektion-hohenfels.de\/en\/wp-json\/wp\/v2\/types\/page"}],"author":[{"embeddable":true,"href":"https:\/\/www.konzertdirektion-hohenfels.de\/en\/wp-json\/wp\/v2\/users\/1"}],"replies":[{"embeddable":true,"href":"https:\/\/www.konzertdirektion-hohenfels.de\/en\/wp-json\/wp\/v2\/comments?post=1792"}],"version-history":[{"count":10,"href":"https:\/\/www.konzertdirektion-hohenfels.de\/en\/wp-json\/wp\/v2\/pages\/1792\/revisions"}],"predecessor-version":[{"id":7394,"href":"https:\/\/www.konzertdirektion-hohenfels.de\/en\/wp-json\/wp\/v2\/pages\/1792\/revisions\/7394"}],"up":[{"embeddable":true,"href":"https:\/\/www.konzertdirektion-hohenfels.de\/en\/wp-json\/wp\/v2\/pages\/728"}],"wp:attachment":[{"href":"https:\/\/www.konzertdirektion-hohenfels.de\/en\/wp-json\/wp\/v2\/media?parent=1792"}],"curies":[{"name":"wp","href":"https:\/\/api.w.org\/{rel}","templated":true}]}}