{"id":1807,"date":"2015-12-09T23:07:25","date_gmt":"2015-12-09T22:07:25","guid":{"rendered":"http:\/\/2015.konzertdirektion-hohenfels.de\/en\/saalplan\/"},"modified":"2024-01-29T13:07:30","modified_gmt":"2024-01-29T12:07:30","slug":"hall-diagram","status":"publish","type":"page","link":"https:\/\/www.konzertdirektion-hohenfels.de\/en\/philharmonie-berlin\/hall-diagram\/","title":{"rendered":"Hall diagram"},"content":{"rendered":"<h2>MAIN MUSIC HALL OF THE BERLIN PHILHARMONIE<\/h2>\n<p>When you order your tickets via <a href=\"http:\/\/www.ticketmaster.de\/artist\/populare-konzerte-tickets\/858967?language=en-us\" target=\"_blank\" rel=\"noopener\">TICKETMASTER<\/a> or <a href=\"http:\/\/www.eventim.de\/Tickets.html?affiliate=EVE&amp;kuid=484132&amp;doc=artistPages\/tickets&amp;action=tickets&amp;fun=artist&amp;language=en\" target=\"_blank\" rel=\"noopener\">EVENTIM<\/a> or buy them at an advance booking office, a service charge for the advance booking will be added to the prices stated on this website. For price categories mouse over the seats in the seat charts.<\/p>\n<p>&nbsp;<\/p>\n<p><img loading=\"lazy\" decoding=\"async\" class=\"size-full wp-image-698 alignnone\" src=\"https:\/\/www.konzertdirektion-hohenfels.de\/wp-content\/uploads\/GROSSER_SAAL_DER_PHILHARMONIE.png\" alt=\"GROSSER_SAAL_DER_PHILHARMONIE\" width=\"628\" height=\"629\" srcset=\"https:\/\/www.konzertdirektion-hohenfels.de\/wp-content\/uploads\/GROSSER_SAAL_DER_PHILHARMONIE.png 628w, https:\/\/www.konzertdirektion-hohenfels.de\/wp-content\/uploads\/GROSSER_SAAL_DER_PHILHARMONIE-150x150.png 150w, https:\/\/www.konzertdirektion-hohenfels.de\/wp-content\/uploads\/GROSSER_SAAL_DER_PHILHARMONIE-300x300.png 300w, https:\/\/www.konzertdirektion-hohenfels.de\/wp-content\/uploads\/GROSSER_SAAL_DER_PHILHARMONIE-206x206.png 206w, https:\/\/www.konzertdirektion-hohenfels.de\/wp-content\/uploads\/GROSSER_SAAL_DER_PHILHARMONIE-81x81.png 81w, https:\/\/www.konzertdirektion-hohenfels.de\/wp-content\/uploads\/GROSSER_SAAL_DER_PHILHARMONIE-336x337.png 336w\" sizes=\"auto, (max-width: 628px) 100vw, 628px\" \/><\/p>\n<p>&nbsp;<\/p>\n<h2>CHAMBER MUSIC HALL OF THE BERLIN PHILHARMONIE<\/h2>\n<p>&nbsp;<\/p>\n<p><img loading=\"lazy\" decoding=\"async\" class=\"size-full wp-image-699 alignnone\" src=\"https:\/\/www.konzertdirektion-hohenfels.de\/wp-content\/uploads\/KAMMERMUSIKSAAL_DER_PHILHARMONIE.png\" alt=\"KAMMERMUSIKSAAL_DER_PHILHARMONIE\" width=\"628\" height=\"629\" srcset=\"https:\/\/www.konzertdirektion-hohenfels.de\/wp-content\/uploads\/KAMMERMUSIKSAAL_DER_PHILHARMONIE.png 628w, https:\/\/www.konzertdirektion-hohenfels.de\/wp-content\/uploads\/KAMMERMUSIKSAAL_DER_PHILHARMONIE-150x150.png 150w, https:\/\/www.konzertdirektion-hohenfels.de\/wp-content\/uploads\/KAMMERMUSIKSAAL_DER_PHILHARMONIE-300x300.png 300w, https:\/\/www.konzertdirektion-hohenfels.de\/wp-content\/uploads\/KAMMERMUSIKSAAL_DER_PHILHARMONIE-206x206.png 206w, https:\/\/www.konzertdirektion-hohenfels.de\/wp-content\/uploads\/KAMMERMUSIKSAAL_DER_PHILHARMONIE-81x81.png 81w, https:\/\/www.konzertdirektion-hohenfels.de\/wp-content\/uploads\/KAMMERMUSIKSAAL_DER_PHILHARMONIE-336x337.png 336w\" sizes=\"auto, (max-width: 628px) 100vw, 628px\" \/><\/p>\n","protected":false},"excerpt":{"rendered":"<p>MAIN MUSIC HALL OF THE BERLIN PHILHARMONIE When you order your tickets via TICKETMASTER or EVENTIM or buy them at an advance booking office, a service charge for the advance &#8230;<\/p>\n","protected":false},"author":1,"featured_media":0,"parent":728,"menu_order":0,"comment_status":"closed","ping_status":"closed","template":"","meta":{"_acf_changed":false,"footnotes":""},"class_list":["post-1807","page","type-page","status-publish","hentry"],"acf":[],"yoast_head":"<!-- This site is optimized with the Yoast SEO plugin v27.4 - https:\/\/yoast.com\/product\/yoast-seo-wordpress\/ -->\n<title>Hall diagram - Konzertdirektion Prof. Victor Hohenfels<\/title>\n<meta name=\"description\" content=\"Saalplan Gro\u00dfer Saal und Kammermusiksaal der Berliner Philharmonie. Klassik f\u00fcr Jedermann - Philharmonie Berlin. Besuchen Sie unsere Popul\u00e4ren Konzerte!\" \/>\n<meta name=\"robots\" content=\"index, follow, max-snippet:-1, max-image-preview:large, max-video-preview:-1\" \/>\n<link rel=\"canonical\" href=\"https:\/\/www.konzertdirektion-hohenfels.de\/en\/philharmonie-berlin\/hall-diagram\/\" \/>\n<meta property=\"og:locale\" content=\"en_US\" \/>\n<meta property=\"og:type\" content=\"article\" \/>\n<meta property=\"og:title\" content=\"Hall diagram - Konzertdirektion Prof. Victor Hohenfels\" \/>\n<meta property=\"og:description\" content=\"Saalplan Gro\u00dfer Saal und Kammermusiksaal der Berliner Philharmonie. Klassik f\u00fcr Jedermann - Philharmonie Berlin. Besuchen Sie unsere Popul\u00e4ren Konzerte!\" \/>\n<meta property=\"og:url\" content=\"https:\/\/www.konzertdirektion-hohenfels.de\/en\/philharmonie-berlin\/hall-diagram\/\" \/>\n<meta property=\"og:site_name\" content=\"Konzertdirektion Prof. Victor Hohenfels\" \/>\n<meta property=\"article:publisher\" content=\"https:\/\/www.facebook.com\/konzertdirektion.hohenfels\" \/>\n<meta property=\"article:modified_time\" content=\"2024-01-29T12:07:30+00:00\" \/>\n<meta property=\"og:image\" content=\"https:\/\/www.konzertdirektion-hohenfels.de\/wp-content\/uploads\/GROSSER_SAAL_DER_PHILHARMONIE.png\" \/>\n<meta name=\"twitter:card\" content=\"summary_large_image\" \/>\n<meta name=\"twitter:label1\" content=\"Est. reading time\" \/>\n\t<meta name=\"twitter:data1\" content=\"1 minute\" \/>\n<script type=\"application\/ld+json\" class=\"yoast-schema-graph\">{\"@context\":\"https:\\\/\\\/schema.org\",\"@graph\":[{\"@type\":\"WebPage\",\"@id\":\"https:\\\/\\\/www.konzertdirektion-hohenfels.de\\\/en\\\/philharmonie-berlin\\\/hall-diagram\\\/\",\"url\":\"https:\\\/\\\/www.konzertdirektion-hohenfels.de\\\/en\\\/philharmonie-berlin\\\/hall-diagram\\\/\",\"name\":\"Hall diagram - Konzertdirektion Prof. Victor Hohenfels\",\"isPartOf\":{\"@id\":\"https:\\\/\\\/www.konzertdirektion-hohenfels.de\\\/#website\"},\"primaryImageOfPage\":{\"@id\":\"https:\\\/\\\/www.konzertdirektion-hohenfels.de\\\/en\\\/philharmonie-berlin\\\/hall-diagram\\\/#primaryimage\"},\"image\":{\"@id\":\"https:\\\/\\\/www.konzertdirektion-hohenfels.de\\\/en\\\/philharmonie-berlin\\\/hall-diagram\\\/#primaryimage\"},\"thumbnailUrl\":\"https:\\\/\\\/www.konzertdirektion-hohenfels.de\\\/wp-content\\\/uploads\\\/GROSSER_SAAL_DER_PHILHARMONIE.png\",\"datePublished\":\"2015-12-09T22:07:25+00:00\",\"dateModified\":\"2024-01-29T12:07:30+00:00\",\"description\":\"Saalplan Gro\u00dfer Saal und Kammermusiksaal der Berliner Philharmonie. Klassik f\u00fcr Jedermann - Philharmonie Berlin. Besuchen Sie unsere Popul\u00e4ren Konzerte!\",\"breadcrumb\":{\"@id\":\"https:\\\/\\\/www.konzertdirektion-hohenfels.de\\\/en\\\/philharmonie-berlin\\\/hall-diagram\\\/#breadcrumb\"},\"inLanguage\":\"en\",\"potentialAction\":[{\"@type\":\"ReadAction\",\"target\":[\"https:\\\/\\\/www.konzertdirektion-hohenfels.de\\\/en\\\/philharmonie-berlin\\\/hall-diagram\\\/\"]}]},{\"@type\":\"ImageObject\",\"inLanguage\":\"en\",\"@id\":\"https:\\\/\\\/www.konzertdirektion-hohenfels.de\\\/en\\\/philharmonie-berlin\\\/hall-diagram\\\/#primaryimage\",\"url\":\"https:\\\/\\\/www.konzertdirektion-hohenfels.de\\\/wp-content\\\/uploads\\\/GROSSER_SAAL_DER_PHILHARMONIE.png\",\"contentUrl\":\"https:\\\/\\\/www.konzertdirektion-hohenfels.de\\\/wp-content\\\/uploads\\\/GROSSER_SAAL_DER_PHILHARMONIE.png\"},{\"@type\":\"BreadcrumbList\",\"@id\":\"https:\\\/\\\/www.konzertdirektion-hohenfels.de\\\/en\\\/philharmonie-berlin\\\/hall-diagram\\\/#breadcrumb\",\"itemListElement\":[{\"@type\":\"ListItem\",\"position\":1,\"name\":\"Home\",\"item\":\"https:\\\/\\\/www.konzertdirektion-hohenfels.de\\\/en\\\/index-weiterleitung\\\/\"},{\"@type\":\"ListItem\",\"position\":2,\"name\":\"Concert Management Philharmonie Berlin\",\"item\":\"https:\\\/\\\/www.konzertdirektion-hohenfels.de\\\/en\\\/philharmonie-berlin\\\/\"},{\"@type\":\"ListItem\",\"position\":3,\"name\":\"Hall diagram\"}]},{\"@type\":\"WebSite\",\"@id\":\"https:\\\/\\\/www.konzertdirektion-hohenfels.de\\\/#website\",\"url\":\"https:\\\/\\\/www.konzertdirektion-hohenfels.de\\\/\",\"name\":\"Konzertdirektion Prof. Victor Hohenfels\",\"description\":\"\",\"publisher\":{\"@id\":\"https:\\\/\\\/www.konzertdirektion-hohenfels.de\\\/#organization\"},\"potentialAction\":[{\"@type\":\"SearchAction\",\"target\":{\"@type\":\"EntryPoint\",\"urlTemplate\":\"https:\\\/\\\/www.konzertdirektion-hohenfels.de\\\/?s={search_term_string}\"},\"query-input\":{\"@type\":\"PropertyValueSpecification\",\"valueRequired\":true,\"valueName\":\"search_term_string\"}}],\"inLanguage\":\"en\"},{\"@type\":\"Organization\",\"@id\":\"https:\\\/\\\/www.konzertdirektion-hohenfels.de\\\/#organization\",\"name\":\"Konzertdirektion Prof. Victor Hohenfels\",\"url\":\"https:\\\/\\\/www.konzertdirektion-hohenfels.de\\\/\",\"logo\":{\"@type\":\"ImageObject\",\"inLanguage\":\"en\",\"@id\":\"https:\\\/\\\/www.konzertdirektion-hohenfels.de\\\/#\\\/schema\\\/logo\\\/image\\\/\",\"url\":\"https:\\\/\\\/www.konzertdirektion-hohenfels.de\\\/wp-content\\\/uploads\\\/KVH_logo_newsletter.png\",\"contentUrl\":\"https:\\\/\\\/www.konzertdirektion-hohenfels.de\\\/wp-content\\\/uploads\\\/KVH_logo_newsletter.png\",\"width\":230,\"height\":117,\"caption\":\"Konzertdirektion Prof. Victor Hohenfels\"},\"image\":{\"@id\":\"https:\\\/\\\/www.konzertdirektion-hohenfels.de\\\/#\\\/schema\\\/logo\\\/image\\\/\"},\"sameAs\":[\"https:\\\/\\\/www.facebook.com\\\/konzertdirektion.hohenfels\"]}]}<\/script>\n<!-- \/ Yoast SEO plugin. -->","yoast_head_json":{"title":"Hall diagram - Konzertdirektion Prof. Victor Hohenfels","description":"Saalplan Gro\u00dfer Saal und Kammermusiksaal der Berliner Philharmonie. Klassik f\u00fcr Jedermann - Philharmonie Berlin. Besuchen Sie unsere Popul\u00e4ren Konzerte!","robots":{"index":"index","follow":"follow","max-snippet":"max-snippet:-1","max-image-preview":"max-image-preview:large","max-video-preview":"max-video-preview:-1"},"canonical":"https:\/\/www.konzertdirektion-hohenfels.de\/en\/philharmonie-berlin\/hall-diagram\/","og_locale":"en_US","og_type":"article","og_title":"Hall diagram - Konzertdirektion Prof. Victor Hohenfels","og_description":"Saalplan Gro\u00dfer Saal und Kammermusiksaal der Berliner Philharmonie. Klassik f\u00fcr Jedermann - Philharmonie Berlin. Besuchen Sie unsere Popul\u00e4ren Konzerte!","og_url":"https:\/\/www.konzertdirektion-hohenfels.de\/en\/philharmonie-berlin\/hall-diagram\/","og_site_name":"Konzertdirektion Prof. Victor Hohenfels","article_publisher":"https:\/\/www.facebook.com\/konzertdirektion.hohenfels","article_modified_time":"2024-01-29T12:07:30+00:00","og_image":[{"url":"https:\/\/www.konzertdirektion-hohenfels.de\/wp-content\/uploads\/GROSSER_SAAL_DER_PHILHARMONIE.png","type":"","width":"","height":""}],"twitter_card":"summary_large_image","twitter_misc":{"Est. reading time":"1 minute"},"schema":{"@context":"https:\/\/schema.org","@graph":[{"@type":"WebPage","@id":"https:\/\/www.konzertdirektion-hohenfels.de\/en\/philharmonie-berlin\/hall-diagram\/","url":"https:\/\/www.konzertdirektion-hohenfels.de\/en\/philharmonie-berlin\/hall-diagram\/","name":"Hall diagram - Konzertdirektion Prof. Victor Hohenfels","isPartOf":{"@id":"https:\/\/www.konzertdirektion-hohenfels.de\/#website"},"primaryImageOfPage":{"@id":"https:\/\/www.konzertdirektion-hohenfels.de\/en\/philharmonie-berlin\/hall-diagram\/#primaryimage"},"image":{"@id":"https:\/\/www.konzertdirektion-hohenfels.de\/en\/philharmonie-berlin\/hall-diagram\/#primaryimage"},"thumbnailUrl":"https:\/\/www.konzertdirektion-hohenfels.de\/wp-content\/uploads\/GROSSER_SAAL_DER_PHILHARMONIE.png","datePublished":"2015-12-09T22:07:25+00:00","dateModified":"2024-01-29T12:07:30+00:00","description":"Saalplan Gro\u00dfer Saal und Kammermusiksaal der Berliner Philharmonie. Klassik f\u00fcr Jedermann - Philharmonie Berlin. Besuchen Sie unsere Popul\u00e4ren Konzerte!","breadcrumb":{"@id":"https:\/\/www.konzertdirektion-hohenfels.de\/en\/philharmonie-berlin\/hall-diagram\/#breadcrumb"},"inLanguage":"en","potentialAction":[{"@type":"ReadAction","target":["https:\/\/www.konzertdirektion-hohenfels.de\/en\/philharmonie-berlin\/hall-diagram\/"]}]},{"@type":"ImageObject","inLanguage":"en","@id":"https:\/\/www.konzertdirektion-hohenfels.de\/en\/philharmonie-berlin\/hall-diagram\/#primaryimage","url":"https:\/\/www.konzertdirektion-hohenfels.de\/wp-content\/uploads\/GROSSER_SAAL_DER_PHILHARMONIE.png","contentUrl":"https:\/\/www.konzertdirektion-hohenfels.de\/wp-content\/uploads\/GROSSER_SAAL_DER_PHILHARMONIE.png"},{"@type":"BreadcrumbList","@id":"https:\/\/www.konzertdirektion-hohenfels.de\/en\/philharmonie-berlin\/hall-diagram\/#breadcrumb","itemListElement":[{"@type":"ListItem","position":1,"name":"Home","item":"https:\/\/www.konzertdirektion-hohenfels.de\/en\/index-weiterleitung\/"},{"@type":"ListItem","position":2,"name":"Concert Management Philharmonie Berlin","item":"https:\/\/www.konzertdirektion-hohenfels.de\/en\/philharmonie-berlin\/"},{"@type":"ListItem","position":3,"name":"Hall diagram"}]},{"@type":"WebSite","@id":"https:\/\/www.konzertdirektion-hohenfels.de\/#website","url":"https:\/\/www.konzertdirektion-hohenfels.de\/","name":"Konzertdirektion Prof. Victor Hohenfels","description":"","publisher":{"@id":"https:\/\/www.konzertdirektion-hohenfels.de\/#organization"},"potentialAction":[{"@type":"SearchAction","target":{"@type":"EntryPoint","urlTemplate":"https:\/\/www.konzertdirektion-hohenfels.de\/?s={search_term_string}"},"query-input":{"@type":"PropertyValueSpecification","valueRequired":true,"valueName":"search_term_string"}}],"inLanguage":"en"},{"@type":"Organization","@id":"https:\/\/www.konzertdirektion-hohenfels.de\/#organization","name":"Konzertdirektion Prof. Victor Hohenfels","url":"https:\/\/www.konzertdirektion-hohenfels.de\/","logo":{"@type":"ImageObject","inLanguage":"en","@id":"https:\/\/www.konzertdirektion-hohenfels.de\/#\/schema\/logo\/image\/","url":"https:\/\/www.konzertdirektion-hohenfels.de\/wp-content\/uploads\/KVH_logo_newsletter.png","contentUrl":"https:\/\/www.konzertdirektion-hohenfels.de\/wp-content\/uploads\/KVH_logo_newsletter.png","width":230,"height":117,"caption":"Konzertdirektion Prof. Victor Hohenfels"},"image":{"@id":"https:\/\/www.konzertdirektion-hohenfels.de\/#\/schema\/logo\/image\/"},"sameAs":["https:\/\/www.facebook.com\/konzertdirektion.hohenfels"]}]}},"_links":{"self":[{"href":"https:\/\/www.konzertdirektion-hohenfels.de\/en\/wp-json\/wp\/v2\/pages\/1807","targetHints":{"allow":["GET"]}}],"collection":[{"href":"https:\/\/www.konzertdirektion-hohenfels.de\/en\/wp-json\/wp\/v2\/pages"}],"about":[{"href":"https:\/\/www.konzertdirektion-hohenfels.de\/en\/wp-json\/wp\/v2\/types\/page"}],"author":[{"embeddable":true,"href":"https:\/\/www.konzertdirektion-hohenfels.de\/en\/wp-json\/wp\/v2\/users\/1"}],"replies":[{"embeddable":true,"href":"https:\/\/www.konzertdirektion-hohenfels.de\/en\/wp-json\/wp\/v2\/comments?post=1807"}],"version-history":[{"count":4,"href":"https:\/\/www.konzertdirektion-hohenfels.de\/en\/wp-json\/wp\/v2\/pages\/1807\/revisions"}],"predecessor-version":[{"id":6854,"href":"https:\/\/www.konzertdirektion-hohenfels.de\/en\/wp-json\/wp\/v2\/pages\/1807\/revisions\/6854"}],"up":[{"embeddable":true,"href":"https:\/\/www.konzertdirektion-hohenfels.de\/en\/wp-json\/wp\/v2\/pages\/728"}],"wp:attachment":[{"href":"https:\/\/www.konzertdirektion-hohenfels.de\/en\/wp-json\/wp\/v2\/media?parent=1807"}],"curies":[{"name":"wp","href":"https:\/\/api.w.org\/{rel}","templated":true}]}}