{"id":1826,"date":"2015-12-09T18:58:24","date_gmt":"2015-12-09T17:58:24","guid":{"rendered":"http:\/\/2015.konzertdirektion-hohenfels.de\/en\/dr-helge-gruenewald\/"},"modified":"2015-12-09T18:58:24","modified_gmt":"2015-12-09T17:58:24","slug":"dr-helge-gruenewald","status":"publish","type":"page","link":"https:\/\/www.konzertdirektion-hohenfels.de\/en\/dr-helge-gruenewald\/","title":{"rendered":"Dr. Helge Gr\u00fcnewald"},"content":{"rendered":"<p><img loading=\"lazy\" decoding=\"async\" class=\"alignleft wp-image-347 size-medium\" src=\"https:\/\/www.konzertdirektion-hohenfels.de\/wp-content\/uploads\/KDH_H_Gruenewald-201x300.jpg\" alt=\"KDH_H_Gruenewald\" width=\"201\" height=\"300\" srcset=\"https:\/\/www.konzertdirektion-hohenfels.de\/wp-content\/uploads\/KDH_H_Gruenewald-201x300.jpg 201w, https:\/\/www.konzertdirektion-hohenfels.de\/wp-content\/uploads\/KDH_H_Gruenewald-206x308.jpg 206w, https:\/\/www.konzertdirektion-hohenfels.de\/wp-content\/uploads\/KDH_H_Gruenewald-336x502.jpg 336w, https:\/\/www.konzertdirektion-hohenfels.de\/wp-content\/uploads\/KDH_H_Gruenewald.jpg 600w\" sizes=\"auto, (max-width: 201px) 100vw, 201px\" \/>Helge Gr\u00fcnewald kam 1967 zum Studium nach Berlin. Schon damals bestand seine Haupt-Nebenbesch\u00e4ftigung aus Konzertbesuchen in der noch recht neuen Philharmonie. Seine musikalische Bildung erfuhr er im Wesentlichen \u00fcber das H\u00f6ren, das Lesen kluger B\u00fccher und den Besuch von musikwissenschaftlichen Lehrveranstaltungen an der Freien Universit\u00e4t und der Technischen Universit\u00e4t Berlin.<\/p>\n<p>Nach Jahren sozialwissenschaftlicher Forschung und Lehre und als freiberuflicher Musikjournalist (Presse, Funk, Orchester etc.) wechselte er 1989 endg\u00fcltig auf die Seite der Kultur. Gr\u00fcnewald war 16 Jahre Leiter der Presse- und \u00d6ffentlichkeitsarbeit der Berliner Philharmoniker. Danach arbeitete er als Dramaturg f\u00fcr die Philharmoniker.<\/p>\n<p>Helge Gr\u00fcnewald ist Autor von Beitr\u00e4gen f\u00fcr Publikationen, Booklets von CD- und DVD-Ver\u00f6ffentlichungen sowie Mitherausgeber verschiedener Publikationen \u00fcber die Berliner Philharmoniker. Er ber\u00e4t bei Ver\u00f6ffentlichungsprojekten (CDs, DVDs). Er war einige Jahre im Vorstand des Verbands der Deutschen Kritiker und ist Zweiter Vorsitzender der Wilhelm-Furtw\u00e4ngler-Gesellschaft in Berlin. Er ist Mitglied einer Jury des Preises der Deutschen Schallplattenkritik.<\/p>\n","protected":false},"excerpt":{"rendered":"<p>Helge Gr\u00fcnewald kam 1967 zum Studium nach Berlin. Schon damals bestand seine Haupt-Nebenbesch\u00e4ftigung aus Konzertbesuchen in der noch recht neuen Philharmonie. Seine musikalische Bildung erfuhr er im Wesentlichen \u00fcber das &#8230;<\/p>\n","protected":false},"author":1,"featured_media":0,"parent":0,"menu_order":3,"comment_status":"closed","ping_status":"closed","template":"","meta":{"_acf_changed":false,"footnotes":""},"class_list":["post-1826","page","type-page","status-publish","hentry"],"acf":[],"yoast_head":"<!-- This site is optimized with the Yoast SEO plugin v27.5 - https:\/\/yoast.com\/product\/yoast-seo-wordpress\/ -->\n<title>Dr. Helge Gr\u00fcnewald - Konzertdirektion Prof. Victor Hohenfels<\/title>\n<meta name=\"description\" content=\"Dr. Gr\u00fcnewald kam 1967 zum Studium nach Berlin.Schon damals bestand seine Haupt-Nebenbesch\u00e4ftigung aus Konzertbesuchen in der noch recht neuen Philharmonie\" \/>\n<meta name=\"robots\" content=\"index, follow, max-snippet:-1, max-image-preview:large, max-video-preview:-1\" \/>\n<link rel=\"canonical\" href=\"https:\/\/www.konzertdirektion-hohenfels.de\/en\/dr-helge-gruenewald\/\" \/>\n<meta property=\"og:locale\" content=\"en_US\" \/>\n<meta property=\"og:type\" content=\"article\" \/>\n<meta property=\"og:title\" content=\"Dr. Helge Gr\u00fcnewald - Konzertdirektion Prof. Victor Hohenfels\" \/>\n<meta property=\"og:description\" content=\"Dr. Gr\u00fcnewald kam 1967 zum Studium nach Berlin.Schon damals bestand seine Haupt-Nebenbesch\u00e4ftigung aus Konzertbesuchen in der noch recht neuen Philharmonie\" \/>\n<meta property=\"og:url\" content=\"https:\/\/www.konzertdirektion-hohenfels.de\/en\/dr-helge-gruenewald\/\" \/>\n<meta property=\"og:site_name\" content=\"Konzertdirektion Prof. Victor Hohenfels\" \/>\n<meta property=\"article:publisher\" content=\"https:\/\/www.facebook.com\/konzertdirektion.hohenfels\" \/>\n<meta property=\"og:image\" content=\"https:\/\/www.konzertdirektion-hohenfels.de\/wp-content\/uploads\/KDH_H_Gruenewald-201x300.jpg\" \/>\n<meta name=\"twitter:card\" content=\"summary_large_image\" \/>\n<meta name=\"twitter:label1\" content=\"Est. reading time\" \/>\n\t<meta name=\"twitter:data1\" content=\"1 minute\" \/>\n<script type=\"application\/ld+json\" class=\"yoast-schema-graph\">{\"@context\":\"https:\\\/\\\/schema.org\",\"@graph\":[{\"@type\":\"WebPage\",\"@id\":\"https:\\\/\\\/www.konzertdirektion-hohenfels.de\\\/en\\\/dr-helge-gruenewald\\\/\",\"url\":\"https:\\\/\\\/www.konzertdirektion-hohenfels.de\\\/en\\\/dr-helge-gruenewald\\\/\",\"name\":\"Dr. Helge Gr\u00fcnewald - Konzertdirektion Prof. Victor Hohenfels\",\"isPartOf\":{\"@id\":\"https:\\\/\\\/www.konzertdirektion-hohenfels.de\\\/#website\"},\"primaryImageOfPage\":{\"@id\":\"https:\\\/\\\/www.konzertdirektion-hohenfels.de\\\/en\\\/dr-helge-gruenewald\\\/#primaryimage\"},\"image\":{\"@id\":\"https:\\\/\\\/www.konzertdirektion-hohenfels.de\\\/en\\\/dr-helge-gruenewald\\\/#primaryimage\"},\"thumbnailUrl\":\"https:\\\/\\\/www.konzertdirektion-hohenfels.de\\\/wp-content\\\/uploads\\\/KDH_H_Gruenewald-201x300.jpg\",\"datePublished\":\"2015-12-09T17:58:24+00:00\",\"description\":\"Dr. Gr\u00fcnewald kam 1967 zum Studium nach Berlin.Schon damals bestand seine Haupt-Nebenbesch\u00e4ftigung aus Konzertbesuchen in der noch recht neuen Philharmonie\",\"breadcrumb\":{\"@id\":\"https:\\\/\\\/www.konzertdirektion-hohenfels.de\\\/en\\\/dr-helge-gruenewald\\\/#breadcrumb\"},\"inLanguage\":\"en\",\"potentialAction\":[{\"@type\":\"ReadAction\",\"target\":[\"https:\\\/\\\/www.konzertdirektion-hohenfels.de\\\/en\\\/dr-helge-gruenewald\\\/\"]}]},{\"@type\":\"ImageObject\",\"inLanguage\":\"en\",\"@id\":\"https:\\\/\\\/www.konzertdirektion-hohenfels.de\\\/en\\\/dr-helge-gruenewald\\\/#primaryimage\",\"url\":\"https:\\\/\\\/www.konzertdirektion-hohenfels.de\\\/wp-content\\\/uploads\\\/KDH_H_Gruenewald-201x300.jpg\",\"contentUrl\":\"https:\\\/\\\/www.konzertdirektion-hohenfels.de\\\/wp-content\\\/uploads\\\/KDH_H_Gruenewald-201x300.jpg\"},{\"@type\":\"BreadcrumbList\",\"@id\":\"https:\\\/\\\/www.konzertdirektion-hohenfels.de\\\/en\\\/dr-helge-gruenewald\\\/#breadcrumb\",\"itemListElement\":[{\"@type\":\"ListItem\",\"position\":1,\"name\":\"Home\",\"item\":\"https:\\\/\\\/www.konzertdirektion-hohenfels.de\\\/en\\\/index-weiterleitung\\\/\"},{\"@type\":\"ListItem\",\"position\":2,\"name\":\"Dr. Helge Gr\u00fcnewald\"}]},{\"@type\":\"WebSite\",\"@id\":\"https:\\\/\\\/www.konzertdirektion-hohenfels.de\\\/#website\",\"url\":\"https:\\\/\\\/www.konzertdirektion-hohenfels.de\\\/\",\"name\":\"Konzertdirektion Prof. Victor Hohenfels\",\"description\":\"\",\"publisher\":{\"@id\":\"https:\\\/\\\/www.konzertdirektion-hohenfels.de\\\/#organization\"},\"potentialAction\":[{\"@type\":\"SearchAction\",\"target\":{\"@type\":\"EntryPoint\",\"urlTemplate\":\"https:\\\/\\\/www.konzertdirektion-hohenfels.de\\\/?s={search_term_string}\"},\"query-input\":{\"@type\":\"PropertyValueSpecification\",\"valueRequired\":true,\"valueName\":\"search_term_string\"}}],\"inLanguage\":\"en\"},{\"@type\":\"Organization\",\"@id\":\"https:\\\/\\\/www.konzertdirektion-hohenfels.de\\\/#organization\",\"name\":\"Konzertdirektion Prof. Victor Hohenfels\",\"url\":\"https:\\\/\\\/www.konzertdirektion-hohenfels.de\\\/\",\"logo\":{\"@type\":\"ImageObject\",\"inLanguage\":\"en\",\"@id\":\"https:\\\/\\\/www.konzertdirektion-hohenfels.de\\\/#\\\/schema\\\/logo\\\/image\\\/\",\"url\":\"https:\\\/\\\/www.konzertdirektion-hohenfels.de\\\/wp-content\\\/uploads\\\/KVH_logo_newsletter.png\",\"contentUrl\":\"https:\\\/\\\/www.konzertdirektion-hohenfels.de\\\/wp-content\\\/uploads\\\/KVH_logo_newsletter.png\",\"width\":230,\"height\":117,\"caption\":\"Konzertdirektion Prof. Victor Hohenfels\"},\"image\":{\"@id\":\"https:\\\/\\\/www.konzertdirektion-hohenfels.de\\\/#\\\/schema\\\/logo\\\/image\\\/\"},\"sameAs\":[\"https:\\\/\\\/www.facebook.com\\\/konzertdirektion.hohenfels\"]}]}<\/script>\n<!-- \/ Yoast SEO plugin. -->","yoast_head_json":{"title":"Dr. Helge Gr\u00fcnewald - Konzertdirektion Prof. Victor Hohenfels","description":"Dr. Gr\u00fcnewald kam 1967 zum Studium nach Berlin.Schon damals bestand seine Haupt-Nebenbesch\u00e4ftigung aus Konzertbesuchen in der noch recht neuen Philharmonie","robots":{"index":"index","follow":"follow","max-snippet":"max-snippet:-1","max-image-preview":"max-image-preview:large","max-video-preview":"max-video-preview:-1"},"canonical":"https:\/\/www.konzertdirektion-hohenfels.de\/en\/dr-helge-gruenewald\/","og_locale":"en_US","og_type":"article","og_title":"Dr. Helge Gr\u00fcnewald - Konzertdirektion Prof. Victor Hohenfels","og_description":"Dr. Gr\u00fcnewald kam 1967 zum Studium nach Berlin.Schon damals bestand seine Haupt-Nebenbesch\u00e4ftigung aus Konzertbesuchen in der noch recht neuen Philharmonie","og_url":"https:\/\/www.konzertdirektion-hohenfels.de\/en\/dr-helge-gruenewald\/","og_site_name":"Konzertdirektion Prof. Victor Hohenfels","article_publisher":"https:\/\/www.facebook.com\/konzertdirektion.hohenfels","og_image":[{"url":"https:\/\/www.konzertdirektion-hohenfels.de\/wp-content\/uploads\/KDH_H_Gruenewald-201x300.jpg","type":"","width":"","height":""}],"twitter_card":"summary_large_image","twitter_misc":{"Est. reading time":"1 minute"},"schema":{"@context":"https:\/\/schema.org","@graph":[{"@type":"WebPage","@id":"https:\/\/www.konzertdirektion-hohenfels.de\/en\/dr-helge-gruenewald\/","url":"https:\/\/www.konzertdirektion-hohenfels.de\/en\/dr-helge-gruenewald\/","name":"Dr. Helge Gr\u00fcnewald - Konzertdirektion Prof. Victor Hohenfels","isPartOf":{"@id":"https:\/\/www.konzertdirektion-hohenfels.de\/#website"},"primaryImageOfPage":{"@id":"https:\/\/www.konzertdirektion-hohenfels.de\/en\/dr-helge-gruenewald\/#primaryimage"},"image":{"@id":"https:\/\/www.konzertdirektion-hohenfels.de\/en\/dr-helge-gruenewald\/#primaryimage"},"thumbnailUrl":"https:\/\/www.konzertdirektion-hohenfels.de\/wp-content\/uploads\/KDH_H_Gruenewald-201x300.jpg","datePublished":"2015-12-09T17:58:24+00:00","description":"Dr. Gr\u00fcnewald kam 1967 zum Studium nach Berlin.Schon damals bestand seine Haupt-Nebenbesch\u00e4ftigung aus Konzertbesuchen in der noch recht neuen Philharmonie","breadcrumb":{"@id":"https:\/\/www.konzertdirektion-hohenfels.de\/en\/dr-helge-gruenewald\/#breadcrumb"},"inLanguage":"en","potentialAction":[{"@type":"ReadAction","target":["https:\/\/www.konzertdirektion-hohenfels.de\/en\/dr-helge-gruenewald\/"]}]},{"@type":"ImageObject","inLanguage":"en","@id":"https:\/\/www.konzertdirektion-hohenfels.de\/en\/dr-helge-gruenewald\/#primaryimage","url":"https:\/\/www.konzertdirektion-hohenfels.de\/wp-content\/uploads\/KDH_H_Gruenewald-201x300.jpg","contentUrl":"https:\/\/www.konzertdirektion-hohenfels.de\/wp-content\/uploads\/KDH_H_Gruenewald-201x300.jpg"},{"@type":"BreadcrumbList","@id":"https:\/\/www.konzertdirektion-hohenfels.de\/en\/dr-helge-gruenewald\/#breadcrumb","itemListElement":[{"@type":"ListItem","position":1,"name":"Home","item":"https:\/\/www.konzertdirektion-hohenfels.de\/en\/index-weiterleitung\/"},{"@type":"ListItem","position":2,"name":"Dr. Helge Gr\u00fcnewald"}]},{"@type":"WebSite","@id":"https:\/\/www.konzertdirektion-hohenfels.de\/#website","url":"https:\/\/www.konzertdirektion-hohenfels.de\/","name":"Konzertdirektion Prof. Victor Hohenfels","description":"","publisher":{"@id":"https:\/\/www.konzertdirektion-hohenfels.de\/#organization"},"potentialAction":[{"@type":"SearchAction","target":{"@type":"EntryPoint","urlTemplate":"https:\/\/www.konzertdirektion-hohenfels.de\/?s={search_term_string}"},"query-input":{"@type":"PropertyValueSpecification","valueRequired":true,"valueName":"search_term_string"}}],"inLanguage":"en"},{"@type":"Organization","@id":"https:\/\/www.konzertdirektion-hohenfels.de\/#organization","name":"Konzertdirektion Prof. Victor Hohenfels","url":"https:\/\/www.konzertdirektion-hohenfels.de\/","logo":{"@type":"ImageObject","inLanguage":"en","@id":"https:\/\/www.konzertdirektion-hohenfels.de\/#\/schema\/logo\/image\/","url":"https:\/\/www.konzertdirektion-hohenfels.de\/wp-content\/uploads\/KVH_logo_newsletter.png","contentUrl":"https:\/\/www.konzertdirektion-hohenfels.de\/wp-content\/uploads\/KVH_logo_newsletter.png","width":230,"height":117,"caption":"Konzertdirektion Prof. Victor Hohenfels"},"image":{"@id":"https:\/\/www.konzertdirektion-hohenfels.de\/#\/schema\/logo\/image\/"},"sameAs":["https:\/\/www.facebook.com\/konzertdirektion.hohenfels"]}]}},"_links":{"self":[{"href":"https:\/\/www.konzertdirektion-hohenfels.de\/en\/wp-json\/wp\/v2\/pages\/1826","targetHints":{"allow":["GET"]}}],"collection":[{"href":"https:\/\/www.konzertdirektion-hohenfels.de\/en\/wp-json\/wp\/v2\/pages"}],"about":[{"href":"https:\/\/www.konzertdirektion-hohenfels.de\/en\/wp-json\/wp\/v2\/types\/page"}],"author":[{"embeddable":true,"href":"https:\/\/www.konzertdirektion-hohenfels.de\/en\/wp-json\/wp\/v2\/users\/1"}],"replies":[{"embeddable":true,"href":"https:\/\/www.konzertdirektion-hohenfels.de\/en\/wp-json\/wp\/v2\/comments?post=1826"}],"version-history":[{"count":0,"href":"https:\/\/www.konzertdirektion-hohenfels.de\/en\/wp-json\/wp\/v2\/pages\/1826\/revisions"}],"wp:attachment":[{"href":"https:\/\/www.konzertdirektion-hohenfels.de\/en\/wp-json\/wp\/v2\/media?parent=1826"}],"curies":[{"name":"wp","href":"https:\/\/api.w.org\/{rel}","templated":true}]}}