{"id":1918,"date":"2015-11-25T10:41:38","date_gmt":"2015-11-25T09:41:38","guid":{"rendered":"http:\/\/2015.konzertdirektion-hohenfels.de\/en\/media\/die-geschichte-der-konzertdirektion-prof-victor-hohenfels\/"},"modified":"2015-12-18T03:44:23","modified_gmt":"2015-12-18T02:44:23","slug":"die-geschichte-der-konzertdirektion-prof-victor-hohenfels","status":"publish","type":"page","link":"https:\/\/www.konzertdirektion-hohenfels.de\/en\/media\/die-geschichte-der-konzertdirektion-prof-victor-hohenfels\/","title":{"rendered":"Die Geschichte der Konzertdirektion Prof. Victor Hohenfels"},"content":{"rendered":"<h2>Zwei Leben f\u00fcr die B\u00fchne<\/h2>\n<p>Ein halbes Jahrhundert Popul\u00e4re Konzerte in der Berliner Philharmonie<\/p>\n<p><a href=\"https:\/\/www.konzertdirektion-hohenfels.de\/wp-content\/uploads\/KVH_Buch.pdf\" target=\"_blank\"><img loading=\"lazy\" decoding=\"async\" class=\"alignnone size-large wp-image-303\" src=\"https:\/\/www.konzertdirektion-hohenfels.de\/wp-content\/uploads\/KVH_Foto_zweilebenfuerdebuehne_kl-1024x833.jpg\" alt=\"KVH_Foto_zweilebenfuerdebuehne_kl\" width=\"1024\" height=\"833\" srcset=\"https:\/\/www.konzertdirektion-hohenfels.de\/wp-content\/uploads\/KVH_Foto_zweilebenfuerdebuehne_kl-1024x833.jpg 1024w, https:\/\/www.konzertdirektion-hohenfels.de\/wp-content\/uploads\/KVH_Foto_zweilebenfuerdebuehne_kl-300x244.jpg 300w, https:\/\/www.konzertdirektion-hohenfels.de\/wp-content\/uploads\/KVH_Foto_zweilebenfuerdebuehne_kl-206x168.jpg 206w, https:\/\/www.konzertdirektion-hohenfels.de\/wp-content\/uploads\/KVH_Foto_zweilebenfuerdebuehne_kl-336x273.jpg 336w\" sizes=\"auto, (max-width: 1024px) 100vw, 1024px\" \/><\/a><\/p>\n<p><a href=\"https:\/\/www.konzertdirektion-hohenfels.de\/wp-content\/uploads\/KVH_Buch.pdf\" target=\"_blank\">DOWNLOAD PDF<\/a><\/p>\n","protected":false},"excerpt":{"rendered":"<p>Zwei Leben f\u00fcr die B\u00fchne Ein halbes Jahrhundert Popul\u00e4re Konzerte in der Berliner Philharmonie DOWNLOAD PDF<\/p>\n","protected":false},"author":1,"featured_media":0,"parent":1829,"menu_order":5,"comment_status":"closed","ping_status":"closed","template":"","meta":{"_acf_changed":false,"footnotes":""},"class_list":["post-1918","page","type-page","status-publish","hentry"],"acf":[],"yoast_head":"<!-- This site is optimized with the Yoast SEO plugin v27.4 - https:\/\/yoast.com\/product\/yoast-seo-wordpress\/ -->\n<title>Die Geschichte der Konzertdirektion Prof. Victor Hohenfels - Konzertdirektion Prof. Victor Hohenfels<\/title>\n<meta name=\"robots\" content=\"index, follow, max-snippet:-1, max-image-preview:large, max-video-preview:-1\" \/>\n<link rel=\"canonical\" href=\"https:\/\/www.konzertdirektion-hohenfels.de\/en\/media\/die-geschichte-der-konzertdirektion-prof-victor-hohenfels\/\" \/>\n<meta property=\"og:locale\" content=\"en_US\" \/>\n<meta property=\"og:type\" content=\"article\" \/>\n<meta property=\"og:title\" content=\"Die Geschichte der Konzertdirektion Prof. Victor Hohenfels - Konzertdirektion Prof. Victor Hohenfels\" \/>\n<meta property=\"og:description\" content=\"Zwei Leben f\u00fcr die B\u00fchne Ein halbes Jahrhundert Popul\u00e4re Konzerte in der Berliner Philharmonie DOWNLOAD PDF\" \/>\n<meta property=\"og:url\" content=\"https:\/\/www.konzertdirektion-hohenfels.de\/en\/media\/die-geschichte-der-konzertdirektion-prof-victor-hohenfels\/\" \/>\n<meta property=\"og:site_name\" content=\"Konzertdirektion Prof. Victor Hohenfels\" \/>\n<meta property=\"article:publisher\" content=\"https:\/\/www.facebook.com\/konzertdirektion.hohenfels\" \/>\n<meta property=\"article:modified_time\" content=\"2015-12-18T02:44:23+00:00\" \/>\n<meta property=\"og:image\" content=\"https:\/\/www.konzertdirektion-hohenfels.de\/wp-content\/uploads\/KVH_Foto_zweilebenfuerdebuehne_kl-1024x833.jpg\" \/>\n<meta name=\"twitter:card\" content=\"summary_large_image\" \/>\n<script type=\"application\/ld+json\" class=\"yoast-schema-graph\">{\"@context\":\"https:\\\/\\\/schema.org\",\"@graph\":[{\"@type\":\"WebPage\",\"@id\":\"https:\\\/\\\/www.konzertdirektion-hohenfels.de\\\/en\\\/media\\\/die-geschichte-der-konzertdirektion-prof-victor-hohenfels\\\/\",\"url\":\"https:\\\/\\\/www.konzertdirektion-hohenfels.de\\\/en\\\/media\\\/die-geschichte-der-konzertdirektion-prof-victor-hohenfels\\\/\",\"name\":\"Die Geschichte der Konzertdirektion Prof. Victor Hohenfels - Konzertdirektion Prof. Victor Hohenfels\",\"isPartOf\":{\"@id\":\"https:\\\/\\\/www.konzertdirektion-hohenfels.de\\\/#website\"},\"primaryImageOfPage\":{\"@id\":\"https:\\\/\\\/www.konzertdirektion-hohenfels.de\\\/en\\\/media\\\/die-geschichte-der-konzertdirektion-prof-victor-hohenfels\\\/#primaryimage\"},\"image\":{\"@id\":\"https:\\\/\\\/www.konzertdirektion-hohenfels.de\\\/en\\\/media\\\/die-geschichte-der-konzertdirektion-prof-victor-hohenfels\\\/#primaryimage\"},\"thumbnailUrl\":\"https:\\\/\\\/www.konzertdirektion-hohenfels.de\\\/wp-content\\\/uploads\\\/KVH_Foto_zweilebenfuerdebuehne_kl-1024x833.jpg\",\"datePublished\":\"2015-11-25T09:41:38+00:00\",\"dateModified\":\"2015-12-18T02:44:23+00:00\",\"breadcrumb\":{\"@id\":\"https:\\\/\\\/www.konzertdirektion-hohenfels.de\\\/en\\\/media\\\/die-geschichte-der-konzertdirektion-prof-victor-hohenfels\\\/#breadcrumb\"},\"inLanguage\":\"en\",\"potentialAction\":[{\"@type\":\"ReadAction\",\"target\":[\"https:\\\/\\\/www.konzertdirektion-hohenfels.de\\\/en\\\/media\\\/die-geschichte-der-konzertdirektion-prof-victor-hohenfels\\\/\"]}]},{\"@type\":\"ImageObject\",\"inLanguage\":\"en\",\"@id\":\"https:\\\/\\\/www.konzertdirektion-hohenfels.de\\\/en\\\/media\\\/die-geschichte-der-konzertdirektion-prof-victor-hohenfels\\\/#primaryimage\",\"url\":\"https:\\\/\\\/www.konzertdirektion-hohenfels.de\\\/wp-content\\\/uploads\\\/KVH_Foto_zweilebenfuerdebuehne_kl-1024x833.jpg\",\"contentUrl\":\"https:\\\/\\\/www.konzertdirektion-hohenfels.de\\\/wp-content\\\/uploads\\\/KVH_Foto_zweilebenfuerdebuehne_kl-1024x833.jpg\"},{\"@type\":\"BreadcrumbList\",\"@id\":\"https:\\\/\\\/www.konzertdirektion-hohenfels.de\\\/en\\\/media\\\/die-geschichte-der-konzertdirektion-prof-victor-hohenfels\\\/#breadcrumb\",\"itemListElement\":[{\"@type\":\"ListItem\",\"position\":1,\"name\":\"Home\",\"item\":\"https:\\\/\\\/www.konzertdirektion-hohenfels.de\\\/en\\\/index-weiterleitung\\\/\"},{\"@type\":\"ListItem\",\"position\":2,\"name\":\"Media\",\"item\":\"https:\\\/\\\/www.konzertdirektion-hohenfels.de\\\/en\\\/media\\\/\"},{\"@type\":\"ListItem\",\"position\":3,\"name\":\"Die Geschichte der Konzertdirektion Prof. Victor Hohenfels\"}]},{\"@type\":\"WebSite\",\"@id\":\"https:\\\/\\\/www.konzertdirektion-hohenfels.de\\\/#website\",\"url\":\"https:\\\/\\\/www.konzertdirektion-hohenfels.de\\\/\",\"name\":\"Konzertdirektion Prof. Victor Hohenfels\",\"description\":\"\",\"publisher\":{\"@id\":\"https:\\\/\\\/www.konzertdirektion-hohenfels.de\\\/#organization\"},\"potentialAction\":[{\"@type\":\"SearchAction\",\"target\":{\"@type\":\"EntryPoint\",\"urlTemplate\":\"https:\\\/\\\/www.konzertdirektion-hohenfels.de\\\/?s={search_term_string}\"},\"query-input\":{\"@type\":\"PropertyValueSpecification\",\"valueRequired\":true,\"valueName\":\"search_term_string\"}}],\"inLanguage\":\"en\"},{\"@type\":\"Organization\",\"@id\":\"https:\\\/\\\/www.konzertdirektion-hohenfels.de\\\/#organization\",\"name\":\"Konzertdirektion Prof. Victor Hohenfels\",\"url\":\"https:\\\/\\\/www.konzertdirektion-hohenfels.de\\\/\",\"logo\":{\"@type\":\"ImageObject\",\"inLanguage\":\"en\",\"@id\":\"https:\\\/\\\/www.konzertdirektion-hohenfels.de\\\/#\\\/schema\\\/logo\\\/image\\\/\",\"url\":\"https:\\\/\\\/www.konzertdirektion-hohenfels.de\\\/wp-content\\\/uploads\\\/KVH_logo_newsletter.png\",\"contentUrl\":\"https:\\\/\\\/www.konzertdirektion-hohenfels.de\\\/wp-content\\\/uploads\\\/KVH_logo_newsletter.png\",\"width\":230,\"height\":117,\"caption\":\"Konzertdirektion Prof. Victor Hohenfels\"},\"image\":{\"@id\":\"https:\\\/\\\/www.konzertdirektion-hohenfels.de\\\/#\\\/schema\\\/logo\\\/image\\\/\"},\"sameAs\":[\"https:\\\/\\\/www.facebook.com\\\/konzertdirektion.hohenfels\"]}]}<\/script>\n<!-- \/ Yoast SEO plugin. -->","yoast_head_json":{"title":"Die Geschichte der Konzertdirektion Prof. Victor Hohenfels - Konzertdirektion Prof. Victor Hohenfels","robots":{"index":"index","follow":"follow","max-snippet":"max-snippet:-1","max-image-preview":"max-image-preview:large","max-video-preview":"max-video-preview:-1"},"canonical":"https:\/\/www.konzertdirektion-hohenfels.de\/en\/media\/die-geschichte-der-konzertdirektion-prof-victor-hohenfels\/","og_locale":"en_US","og_type":"article","og_title":"Die Geschichte der Konzertdirektion Prof. Victor Hohenfels - Konzertdirektion Prof. Victor Hohenfels","og_description":"Zwei Leben f\u00fcr die B\u00fchne Ein halbes Jahrhundert Popul\u00e4re Konzerte in der Berliner Philharmonie DOWNLOAD PDF","og_url":"https:\/\/www.konzertdirektion-hohenfels.de\/en\/media\/die-geschichte-der-konzertdirektion-prof-victor-hohenfels\/","og_site_name":"Konzertdirektion Prof. Victor Hohenfels","article_publisher":"https:\/\/www.facebook.com\/konzertdirektion.hohenfels","article_modified_time":"2015-12-18T02:44:23+00:00","og_image":[{"url":"https:\/\/www.konzertdirektion-hohenfels.de\/wp-content\/uploads\/KVH_Foto_zweilebenfuerdebuehne_kl-1024x833.jpg","type":"","width":"","height":""}],"twitter_card":"summary_large_image","schema":{"@context":"https:\/\/schema.org","@graph":[{"@type":"WebPage","@id":"https:\/\/www.konzertdirektion-hohenfels.de\/en\/media\/die-geschichte-der-konzertdirektion-prof-victor-hohenfels\/","url":"https:\/\/www.konzertdirektion-hohenfels.de\/en\/media\/die-geschichte-der-konzertdirektion-prof-victor-hohenfels\/","name":"Die Geschichte der Konzertdirektion Prof. Victor Hohenfels - Konzertdirektion Prof. Victor Hohenfels","isPartOf":{"@id":"https:\/\/www.konzertdirektion-hohenfels.de\/#website"},"primaryImageOfPage":{"@id":"https:\/\/www.konzertdirektion-hohenfels.de\/en\/media\/die-geschichte-der-konzertdirektion-prof-victor-hohenfels\/#primaryimage"},"image":{"@id":"https:\/\/www.konzertdirektion-hohenfels.de\/en\/media\/die-geschichte-der-konzertdirektion-prof-victor-hohenfels\/#primaryimage"},"thumbnailUrl":"https:\/\/www.konzertdirektion-hohenfels.de\/wp-content\/uploads\/KVH_Foto_zweilebenfuerdebuehne_kl-1024x833.jpg","datePublished":"2015-11-25T09:41:38+00:00","dateModified":"2015-12-18T02:44:23+00:00","breadcrumb":{"@id":"https:\/\/www.konzertdirektion-hohenfels.de\/en\/media\/die-geschichte-der-konzertdirektion-prof-victor-hohenfels\/#breadcrumb"},"inLanguage":"en","potentialAction":[{"@type":"ReadAction","target":["https:\/\/www.konzertdirektion-hohenfels.de\/en\/media\/die-geschichte-der-konzertdirektion-prof-victor-hohenfels\/"]}]},{"@type":"ImageObject","inLanguage":"en","@id":"https:\/\/www.konzertdirektion-hohenfels.de\/en\/media\/die-geschichte-der-konzertdirektion-prof-victor-hohenfels\/#primaryimage","url":"https:\/\/www.konzertdirektion-hohenfels.de\/wp-content\/uploads\/KVH_Foto_zweilebenfuerdebuehne_kl-1024x833.jpg","contentUrl":"https:\/\/www.konzertdirektion-hohenfels.de\/wp-content\/uploads\/KVH_Foto_zweilebenfuerdebuehne_kl-1024x833.jpg"},{"@type":"BreadcrumbList","@id":"https:\/\/www.konzertdirektion-hohenfels.de\/en\/media\/die-geschichte-der-konzertdirektion-prof-victor-hohenfels\/#breadcrumb","itemListElement":[{"@type":"ListItem","position":1,"name":"Home","item":"https:\/\/www.konzertdirektion-hohenfels.de\/en\/index-weiterleitung\/"},{"@type":"ListItem","position":2,"name":"Media","item":"https:\/\/www.konzertdirektion-hohenfels.de\/en\/media\/"},{"@type":"ListItem","position":3,"name":"Die Geschichte der Konzertdirektion Prof. Victor Hohenfels"}]},{"@type":"WebSite","@id":"https:\/\/www.konzertdirektion-hohenfels.de\/#website","url":"https:\/\/www.konzertdirektion-hohenfels.de\/","name":"Konzertdirektion Prof. Victor Hohenfels","description":"","publisher":{"@id":"https:\/\/www.konzertdirektion-hohenfels.de\/#organization"},"potentialAction":[{"@type":"SearchAction","target":{"@type":"EntryPoint","urlTemplate":"https:\/\/www.konzertdirektion-hohenfels.de\/?s={search_term_string}"},"query-input":{"@type":"PropertyValueSpecification","valueRequired":true,"valueName":"search_term_string"}}],"inLanguage":"en"},{"@type":"Organization","@id":"https:\/\/www.konzertdirektion-hohenfels.de\/#organization","name":"Konzertdirektion Prof. Victor Hohenfels","url":"https:\/\/www.konzertdirektion-hohenfels.de\/","logo":{"@type":"ImageObject","inLanguage":"en","@id":"https:\/\/www.konzertdirektion-hohenfels.de\/#\/schema\/logo\/image\/","url":"https:\/\/www.konzertdirektion-hohenfels.de\/wp-content\/uploads\/KVH_logo_newsletter.png","contentUrl":"https:\/\/www.konzertdirektion-hohenfels.de\/wp-content\/uploads\/KVH_logo_newsletter.png","width":230,"height":117,"caption":"Konzertdirektion Prof. Victor Hohenfels"},"image":{"@id":"https:\/\/www.konzertdirektion-hohenfels.de\/#\/schema\/logo\/image\/"},"sameAs":["https:\/\/www.facebook.com\/konzertdirektion.hohenfels"]}]}},"_links":{"self":[{"href":"https:\/\/www.konzertdirektion-hohenfels.de\/en\/wp-json\/wp\/v2\/pages\/1918","targetHints":{"allow":["GET"]}}],"collection":[{"href":"https:\/\/www.konzertdirektion-hohenfels.de\/en\/wp-json\/wp\/v2\/pages"}],"about":[{"href":"https:\/\/www.konzertdirektion-hohenfels.de\/en\/wp-json\/wp\/v2\/types\/page"}],"author":[{"embeddable":true,"href":"https:\/\/www.konzertdirektion-hohenfels.de\/en\/wp-json\/wp\/v2\/users\/1"}],"replies":[{"embeddable":true,"href":"https:\/\/www.konzertdirektion-hohenfels.de\/en\/wp-json\/wp\/v2\/comments?post=1918"}],"version-history":[{"count":1,"href":"https:\/\/www.konzertdirektion-hohenfels.de\/en\/wp-json\/wp\/v2\/pages\/1918\/revisions"}],"predecessor-version":[{"id":1921,"href":"https:\/\/www.konzertdirektion-hohenfels.de\/en\/wp-json\/wp\/v2\/pages\/1918\/revisions\/1921"}],"up":[{"embeddable":true,"href":"https:\/\/www.konzertdirektion-hohenfels.de\/en\/wp-json\/wp\/v2\/pages\/1829"}],"wp:attachment":[{"href":"https:\/\/www.konzertdirektion-hohenfels.de\/en\/wp-json\/wp\/v2\/media?parent=1918"}],"curies":[{"name":"wp","href":"https:\/\/api.w.org\/{rel}","templated":true}]}}