{"id":1584,"date":"2015-12-08T19:31:40","date_gmt":"2015-12-08T18:31:40","guid":{"rendered":"http:\/\/2015.konzertdirektion-hohenfels.de\/it\/aktuell\/"},"modified":"2026-04-21T16:26:43","modified_gmt":"2026-04-21T14:26:43","slug":"novita","status":"publish","type":"page","link":"https:\/\/www.konzertdirektion-hohenfels.de\/it\/philharmonie-berlin\/novita\/","title":{"rendered":"Novit\u00e0"},"content":{"rendered":"<p>Signore e signori,<br \/>\ncari e fedeli spettatori dei Concerti Popolari della Filarmonica di Berlino,<\/p>\n<p>in qualit\u00e0 di Direttore Generale di Konzertdirektion, Prof. Victor Hohenfels, vi scrivo con un messaggio formale ma al contempo molto personale.<\/p>\n<p>A causa dell&#8217;attuale situazione economica generale, sono costretto, con profondo rammarico, a sospendere temporaneamente le attivit\u00e0 di Konzertdirektion con effetto immediato.<\/p>\n<h3 style=\"color: red;\"><strong>Pertanto, i concerti previsti per il 25 aprile e il 24 maggio 2026 sono annullati.<\/strong><\/h3>\n<p>Ho dovuto prendere questa decisione dopo un&#8217;attenta e completa valutazione di tutte le circostanze.<\/p>\n<p><a class=\"hdpb\" href=\"https:\/\/www.konzertdirektion-hohenfels.de\/it\/philharmonie-berlin\/novita\/\">Per saperne di pi\u00f9<\/a><\/p>\n<div class=\"hdpn\">\n<p>Per decenni, Konzertdirektion Prof. Victor Hohenfels ci ha profondamente emozionati e deliziati \u2013 voi, il nostro fedele pubblico, i musicisti e me personalmente \u2013 con i suoi Concerti Popolari. \u00c8 stata e rimane parte integrante della vita culturale di Berlino. Una vera istituzione.<\/p>\n<p>Dopo tutti questi anni di fiduciosa collaborazione, garantire il futuro dell&#8217;Orchestra Sinfonica di Berlino \u00e8 per me di immensa importanza. Faremo tutto il possibile per preservare questo ensemble di grande valore artistico come parte integrante del patrimonio culturale di Berlino, nello spirito dei suoi fondatori, il Professor Victor ed Eva-Maria Hohenfels. A tal fine, siamo in stretto contatto con partner di fama internazionale. Siamo fiduciosi di trovare presto una soluzione praticabile e sostenibile per garantire la continuit\u00e0 dei concerti della nostra orchestra.<\/p>\n<p>Tutte le nostre azioni si basano su un riassetto responsabile volto a creare nuove ed emozionanti esperienze musicali. Siamo animati dal profondo desiderio che la nostra orchestra continui a regalare momenti indimenticabili alla Philharmonie a voi, nostri fedeli abbonati e amici dei Concerti Popolari.<\/p>\n<p>Coglieremo ogni opportunit\u00e0 per continuare a fare ci\u00f2 che amiamo e che consideriamo la nostra missione: offrirvi, stimato pubblico, concerti di altissimo livello.<\/p>\n<p>Vi ringraziamo sinceramente per la vostra comprensione e per la vostra fedelt\u00e0 pluriennale.<\/p>\n<p>Con i pi\u00f9 cordiali saluti,<\/p>\n<p>Bogdan Sikora<br \/>\nDirettore Generale<\/p>\n<\/div>\n","protected":false},"excerpt":{"rendered":"<p>Signore e signori, cari e fedeli spettatori dei Concerti Popolari della Filarmonica di Berlino, in qualit\u00e0 di Direttore Generale di Konzertdirektion, Prof. Victor Hohenfels, vi scrivo con un messaggio formale &#8230;<\/p>\n","protected":false},"author":1,"featured_media":0,"parent":729,"menu_order":2,"comment_status":"closed","ping_status":"closed","template":"","meta":{"_acf_changed":false,"footnotes":""},"class_list":["post-1584","page","type-page","status-publish","hentry"],"acf":[],"yoast_head":"<!-- This site is optimized with the Yoast SEO plugin v27.4 - https:\/\/yoast.com\/product\/yoast-seo-wordpress\/ -->\n<title>Novit\u00e0 - Konzertdirektion Prof. Victor Hohenfels<\/title>\n<meta name=\"description\" content=\"Wir laden Sie herzlich ein zu unseren POPUL\u00c4REN KONZERTEN in der Berliner Philharmonie. Klassik f\u00fcr Jedermann - Philharmonie Berlin!\" \/>\n<meta name=\"robots\" content=\"index, follow, max-snippet:-1, max-image-preview:large, max-video-preview:-1\" \/>\n<link rel=\"canonical\" href=\"https:\/\/www.konzertdirektion-hohenfels.de\/it\/philharmonie-berlin\/novita\/\" \/>\n<meta property=\"og:locale\" content=\"it_IT\" \/>\n<meta property=\"og:type\" content=\"article\" \/>\n<meta property=\"og:title\" content=\"Novit\u00e0 - Konzertdirektion Prof. Victor Hohenfels\" \/>\n<meta property=\"og:description\" content=\"Wir laden Sie herzlich ein zu unseren POPUL\u00c4REN KONZERTEN in der Berliner Philharmonie. Klassik f\u00fcr Jedermann - Philharmonie Berlin!\" \/>\n<meta property=\"og:url\" content=\"https:\/\/www.konzertdirektion-hohenfels.de\/it\/philharmonie-berlin\/novita\/\" \/>\n<meta property=\"og:site_name\" content=\"Konzertdirektion Prof. Victor Hohenfels\" \/>\n<meta property=\"article:publisher\" content=\"https:\/\/www.facebook.com\/konzertdirektion.hohenfels\" \/>\n<meta property=\"article:modified_time\" content=\"2026-04-21T14:26:43+00:00\" \/>\n<meta name=\"twitter:card\" content=\"summary_large_image\" \/>\n<meta name=\"twitter:label1\" content=\"Est. reading time\" \/>\n\t<meta name=\"twitter:data1\" content=\"2 minutes\" \/>\n<script type=\"application\/ld+json\" class=\"yoast-schema-graph\">{\"@context\":\"https:\\\/\\\/schema.org\",\"@graph\":[{\"@type\":\"WebPage\",\"@id\":\"https:\\\/\\\/www.konzertdirektion-hohenfels.de\\\/it\\\/philharmonie-berlin\\\/novita\\\/\",\"url\":\"https:\\\/\\\/www.konzertdirektion-hohenfels.de\\\/it\\\/philharmonie-berlin\\\/novita\\\/\",\"name\":\"Novit\u00e0 - Konzertdirektion Prof. Victor Hohenfels\",\"isPartOf\":{\"@id\":\"https:\\\/\\\/www.konzertdirektion-hohenfels.de\\\/#website\"},\"datePublished\":\"2015-12-08T18:31:40+00:00\",\"dateModified\":\"2026-04-21T14:26:43+00:00\",\"description\":\"Wir laden Sie herzlich ein zu unseren POPUL\u00c4REN KONZERTEN in der Berliner Philharmonie. Klassik f\u00fcr Jedermann - Philharmonie Berlin!\",\"breadcrumb\":{\"@id\":\"https:\\\/\\\/www.konzertdirektion-hohenfels.de\\\/it\\\/philharmonie-berlin\\\/novita\\\/#breadcrumb\"},\"inLanguage\":\"it\",\"potentialAction\":[{\"@type\":\"ReadAction\",\"target\":[\"https:\\\/\\\/www.konzertdirektion-hohenfels.de\\\/it\\\/philharmonie-berlin\\\/novita\\\/\"]}]},{\"@type\":\"BreadcrumbList\",\"@id\":\"https:\\\/\\\/www.konzertdirektion-hohenfels.de\\\/it\\\/philharmonie-berlin\\\/novita\\\/#breadcrumb\",\"itemListElement\":[{\"@type\":\"ListItem\",\"position\":1,\"name\":\"Home\",\"item\":\"https:\\\/\\\/www.konzertdirektion-hohenfels.de\\\/it\\\/index-weiterleitung\\\/\"},{\"@type\":\"ListItem\",\"position\":2,\"name\":\"Direzione Concerti Philharmonie Berlin\",\"item\":\"https:\\\/\\\/www.konzertdirektion-hohenfels.de\\\/it\\\/philharmonie-berlin\\\/\"},{\"@type\":\"ListItem\",\"position\":3,\"name\":\"Novit\u00e0\"}]},{\"@type\":\"WebSite\",\"@id\":\"https:\\\/\\\/www.konzertdirektion-hohenfels.de\\\/#website\",\"url\":\"https:\\\/\\\/www.konzertdirektion-hohenfels.de\\\/\",\"name\":\"Konzertdirektion Prof. Victor Hohenfels\",\"description\":\"\",\"publisher\":{\"@id\":\"https:\\\/\\\/www.konzertdirektion-hohenfels.de\\\/#organization\"},\"potentialAction\":[{\"@type\":\"SearchAction\",\"target\":{\"@type\":\"EntryPoint\",\"urlTemplate\":\"https:\\\/\\\/www.konzertdirektion-hohenfels.de\\\/?s={search_term_string}\"},\"query-input\":{\"@type\":\"PropertyValueSpecification\",\"valueRequired\":true,\"valueName\":\"search_term_string\"}}],\"inLanguage\":\"it\"},{\"@type\":\"Organization\",\"@id\":\"https:\\\/\\\/www.konzertdirektion-hohenfels.de\\\/#organization\",\"name\":\"Konzertdirektion Prof. Victor Hohenfels\",\"url\":\"https:\\\/\\\/www.konzertdirektion-hohenfels.de\\\/\",\"logo\":{\"@type\":\"ImageObject\",\"inLanguage\":\"it\",\"@id\":\"https:\\\/\\\/www.konzertdirektion-hohenfels.de\\\/#\\\/schema\\\/logo\\\/image\\\/\",\"url\":\"https:\\\/\\\/www.konzertdirektion-hohenfels.de\\\/wp-content\\\/uploads\\\/KVH_logo_newsletter.png\",\"contentUrl\":\"https:\\\/\\\/www.konzertdirektion-hohenfels.de\\\/wp-content\\\/uploads\\\/KVH_logo_newsletter.png\",\"width\":230,\"height\":117,\"caption\":\"Konzertdirektion Prof. Victor Hohenfels\"},\"image\":{\"@id\":\"https:\\\/\\\/www.konzertdirektion-hohenfels.de\\\/#\\\/schema\\\/logo\\\/image\\\/\"},\"sameAs\":[\"https:\\\/\\\/www.facebook.com\\\/konzertdirektion.hohenfels\"]}]}<\/script>\n<!-- \/ Yoast SEO plugin. -->","yoast_head_json":{"title":"Novit\u00e0 - Konzertdirektion Prof. Victor Hohenfels","description":"Wir laden Sie herzlich ein zu unseren POPUL\u00c4REN KONZERTEN in der Berliner Philharmonie. Klassik f\u00fcr Jedermann - Philharmonie Berlin!","robots":{"index":"index","follow":"follow","max-snippet":"max-snippet:-1","max-image-preview":"max-image-preview:large","max-video-preview":"max-video-preview:-1"},"canonical":"https:\/\/www.konzertdirektion-hohenfels.de\/it\/philharmonie-berlin\/novita\/","og_locale":"it_IT","og_type":"article","og_title":"Novit\u00e0 - Konzertdirektion Prof. Victor Hohenfels","og_description":"Wir laden Sie herzlich ein zu unseren POPUL\u00c4REN KONZERTEN in der Berliner Philharmonie. Klassik f\u00fcr Jedermann - Philharmonie Berlin!","og_url":"https:\/\/www.konzertdirektion-hohenfels.de\/it\/philharmonie-berlin\/novita\/","og_site_name":"Konzertdirektion Prof. Victor Hohenfels","article_publisher":"https:\/\/www.facebook.com\/konzertdirektion.hohenfels","article_modified_time":"2026-04-21T14:26:43+00:00","twitter_card":"summary_large_image","twitter_misc":{"Est. reading time":"2 minutes"},"schema":{"@context":"https:\/\/schema.org","@graph":[{"@type":"WebPage","@id":"https:\/\/www.konzertdirektion-hohenfels.de\/it\/philharmonie-berlin\/novita\/","url":"https:\/\/www.konzertdirektion-hohenfels.de\/it\/philharmonie-berlin\/novita\/","name":"Novit\u00e0 - Konzertdirektion Prof. Victor Hohenfels","isPartOf":{"@id":"https:\/\/www.konzertdirektion-hohenfels.de\/#website"},"datePublished":"2015-12-08T18:31:40+00:00","dateModified":"2026-04-21T14:26:43+00:00","description":"Wir laden Sie herzlich ein zu unseren POPUL\u00c4REN KONZERTEN in der Berliner Philharmonie. Klassik f\u00fcr Jedermann - Philharmonie Berlin!","breadcrumb":{"@id":"https:\/\/www.konzertdirektion-hohenfels.de\/it\/philharmonie-berlin\/novita\/#breadcrumb"},"inLanguage":"it","potentialAction":[{"@type":"ReadAction","target":["https:\/\/www.konzertdirektion-hohenfels.de\/it\/philharmonie-berlin\/novita\/"]}]},{"@type":"BreadcrumbList","@id":"https:\/\/www.konzertdirektion-hohenfels.de\/it\/philharmonie-berlin\/novita\/#breadcrumb","itemListElement":[{"@type":"ListItem","position":1,"name":"Home","item":"https:\/\/www.konzertdirektion-hohenfels.de\/it\/index-weiterleitung\/"},{"@type":"ListItem","position":2,"name":"Direzione Concerti Philharmonie Berlin","item":"https:\/\/www.konzertdirektion-hohenfels.de\/it\/philharmonie-berlin\/"},{"@type":"ListItem","position":3,"name":"Novit\u00e0"}]},{"@type":"WebSite","@id":"https:\/\/www.konzertdirektion-hohenfels.de\/#website","url":"https:\/\/www.konzertdirektion-hohenfels.de\/","name":"Konzertdirektion Prof. Victor Hohenfels","description":"","publisher":{"@id":"https:\/\/www.konzertdirektion-hohenfels.de\/#organization"},"potentialAction":[{"@type":"SearchAction","target":{"@type":"EntryPoint","urlTemplate":"https:\/\/www.konzertdirektion-hohenfels.de\/?s={search_term_string}"},"query-input":{"@type":"PropertyValueSpecification","valueRequired":true,"valueName":"search_term_string"}}],"inLanguage":"it"},{"@type":"Organization","@id":"https:\/\/www.konzertdirektion-hohenfels.de\/#organization","name":"Konzertdirektion Prof. Victor Hohenfels","url":"https:\/\/www.konzertdirektion-hohenfels.de\/","logo":{"@type":"ImageObject","inLanguage":"it","@id":"https:\/\/www.konzertdirektion-hohenfels.de\/#\/schema\/logo\/image\/","url":"https:\/\/www.konzertdirektion-hohenfels.de\/wp-content\/uploads\/KVH_logo_newsletter.png","contentUrl":"https:\/\/www.konzertdirektion-hohenfels.de\/wp-content\/uploads\/KVH_logo_newsletter.png","width":230,"height":117,"caption":"Konzertdirektion Prof. Victor Hohenfels"},"image":{"@id":"https:\/\/www.konzertdirektion-hohenfels.de\/#\/schema\/logo\/image\/"},"sameAs":["https:\/\/www.facebook.com\/konzertdirektion.hohenfels"]}]}},"_links":{"self":[{"href":"https:\/\/www.konzertdirektion-hohenfels.de\/it\/wp-json\/wp\/v2\/pages\/1584","targetHints":{"allow":["GET"]}}],"collection":[{"href":"https:\/\/www.konzertdirektion-hohenfels.de\/it\/wp-json\/wp\/v2\/pages"}],"about":[{"href":"https:\/\/www.konzertdirektion-hohenfels.de\/it\/wp-json\/wp\/v2\/types\/page"}],"author":[{"embeddable":true,"href":"https:\/\/www.konzertdirektion-hohenfels.de\/it\/wp-json\/wp\/v2\/users\/1"}],"replies":[{"embeddable":true,"href":"https:\/\/www.konzertdirektion-hohenfels.de\/it\/wp-json\/wp\/v2\/comments?post=1584"}],"version-history":[{"count":79,"href":"https:\/\/www.konzertdirektion-hohenfels.de\/it\/wp-json\/wp\/v2\/pages\/1584\/revisions"}],"predecessor-version":[{"id":7864,"href":"https:\/\/www.konzertdirektion-hohenfels.de\/it\/wp-json\/wp\/v2\/pages\/1584\/revisions\/7864"}],"up":[{"embeddable":true,"href":"https:\/\/www.konzertdirektion-hohenfels.de\/it\/wp-json\/wp\/v2\/pages\/729"}],"wp:attachment":[{"href":"https:\/\/www.konzertdirektion-hohenfels.de\/it\/wp-json\/wp\/v2\/media?parent=1584"}],"curies":[{"name":"wp","href":"https:\/\/api.w.org\/{rel}","templated":true}]}}