{"id":1600,"date":"2015-12-17T18:46:40","date_gmt":"2015-12-17T17:46:40","guid":{"rendered":"http:\/\/2015.konzertdirektion-hohenfels.de\/it\/herzlich-willkommen\/"},"modified":"2024-10-09T14:16:50","modified_gmt":"2024-10-09T12:16:50","slug":"vi-diamo-un-caloroso-benvenuto-presso","status":"publish","type":"page","link":"https:\/\/www.konzertdirektion-hohenfels.de\/it\/philharmonie-berlin\/vi-diamo-un-caloroso-benvenuto-presso\/","title":{"rendered":"Vi diamo un caloroso benvenuto presso"},"content":{"rendered":"<p><em>\u201e<\/em><em>Prendetevi alcune ore da dedicare al piacere, al relax e a quell\u2019intima armonia che solo i pi\u00f9 famosi capolavori della musica sanno farvi raggiungere. Solo le pagine pi\u00f9 famose, i classici che mai finiremo di ascoltare, in un\u2019atmosfera festosa e nelle celeberrime sale da concerto della Berliner Philarmonie. Ecco perch\u00e9 i nostri concerti registrano sempre il tutto esaurito.\u201c <a class=\"hdpb\" href=\"https:\/\/www.konzertdirektion-hohenfels.de\/it\/vi-diamo-un-caloroso-benvenuto-presso\/\">Per saperne di pi\u00f9 &#8230;<\/a><\/em><br \/>\n<span class=\"zitat\">Eva-Maria Hohenfels<\/span><\/p>\n<div class=\"hdpn\">\n<p style=\"line-height: 18.75pt; background: white; vertical-align: baseline;\"><span lang=\"IT\" style=\"font-size: 10.5pt; font-family: 'Raleway',sans-serif; color: #333333;\">Da sempre queste parole riassumono la filosofia dei Concerti Popolari, nati oltre 60 anni fa dalla mente e dal cuore del Prof. Victor Hohenfels e di sua moglie Eva-Maria.<\/span><\/p>\n<p style=\"line-height: 18.75pt; background: white; vertical-align: baseline;\"><span lang=\"IT\" style=\"font-size: 10.5pt; font-family: 'Raleway',sans-serif; color: #333333;\">I concerti hanno da subito goduto dell\u2019amore incondizionato del pubblico, al punto da sopravvivere con successo per sei decadi senza l\u2019ausilio di alcuna sovvenzione pubblica. Oggi offrono un contributo importantissimo all\u2019attraente vita culturale della capitale, anche in considerazione del fatto che, in questi sessanta anni, gli spettatori sono stati oltre tre milioni. Da Berlino cos\u00ec come da ogni angolo del mondo, si sono ritrovati nella Filarmonica per assistere ai Popul\u00e4re Konzerte. Un nome che \u00e8 gi\u00e0 tutto un programma. Ripartiti in sette sezioni tematiche, come ad esempio \u201eCapolavori del Classicismo e del Romanticismo\u201c, \u201eRitratti di Compositori\u201c o \u201eSinfonismo dal Mondo\u201c, presentiamo i pi\u00f9 celebri e celebrati capolavori della letteratura musicale. Durante i concerti tradizionali nei periodi pasquale e natalizio, vengono presentati celebri titoli, quali \u201cL\u2019incompiuta\u201d di Schubert, \u201cL\u2019eroica\u201d di Beethoven, il \u201cBolero\u201d di Ravel. Come da tradizione, l\u2019esecuzione della Nona Sinfonia di Beethoven con \u201cL\u2019inno alla Gioia\u201d \u00e8 riservata per il primo giorno dell\u2019anno. La sinfonie orchester berlin (Orchestra Sinfonica di Berlino), con il suo Principal Conductor Stanley Dodds e tutti gli altri celebri direttori e solisti, si \u00e8 esibita fin dal principio nell\u2019incredibile salone della Filarmonica di Berlino, una delle pi\u00f9 famose al mondo, con un\u2019acustica considerata insuperata.<\/span><\/p>\n<p>Vi diamo il benvenuto ai Concerti Popolari!<\/p>\n<p><strong>DIREZIONE CONCERTI PROF. VICTOR HOHENFELS<\/strong><br \/>\n<strong> Bogdan Sikora e tutti i collaboratori<\/strong><br \/>\n<strong> Orchestra Sinfonica di Berlino<\/strong><\/p>\n<\/div>\n","protected":false},"excerpt":{"rendered":"<p>\u201ePrendetevi alcune ore da dedicare al piacere, al relax e a quell\u2019intima armonia che solo i pi\u00f9 famosi capolavori della musica sanno farvi raggiungere. Solo le pagine pi\u00f9 famose, i &#8230;<\/p>\n","protected":false},"author":1,"featured_media":0,"parent":729,"menu_order":2,"comment_status":"closed","ping_status":"closed","template":"","meta":{"_acf_changed":false,"footnotes":""},"class_list":["post-1600","page","type-page","status-publish","hentry"],"acf":[],"yoast_head":"<!-- This site is optimized with the Yoast SEO plugin v27.4 - https:\/\/yoast.com\/product\/yoast-seo-wordpress\/ -->\n<title>Vi diamo un caloroso benvenuto presso - Konzertdirektion Prof. Victor Hohenfels<\/title>\n<meta name=\"description\" content=\"Wir laden Sie herzlich ein zu unseren POPUL\u00c4REN KONZERTEN in der Berliner Philharmonie. Klassik f\u00fcr Jedermann - Philharmonie Berlin!\" \/>\n<meta name=\"robots\" content=\"index, follow, max-snippet:-1, max-image-preview:large, max-video-preview:-1\" \/>\n<link rel=\"canonical\" href=\"https:\/\/www.konzertdirektion-hohenfels.de\/it\/philharmonie-berlin\/vi-diamo-un-caloroso-benvenuto-presso\/\" \/>\n<meta property=\"og:locale\" content=\"it_IT\" \/>\n<meta property=\"og:type\" content=\"article\" \/>\n<meta property=\"og:title\" content=\"Vi diamo un caloroso benvenuto presso - Konzertdirektion Prof. Victor Hohenfels\" \/>\n<meta property=\"og:description\" content=\"Wir laden Sie herzlich ein zu unseren POPUL\u00c4REN KONZERTEN in der Berliner Philharmonie. Klassik f\u00fcr Jedermann - Philharmonie Berlin!\" \/>\n<meta property=\"og:url\" content=\"https:\/\/www.konzertdirektion-hohenfels.de\/it\/philharmonie-berlin\/vi-diamo-un-caloroso-benvenuto-presso\/\" \/>\n<meta property=\"og:site_name\" content=\"Konzertdirektion Prof. Victor Hohenfels\" \/>\n<meta property=\"article:publisher\" content=\"https:\/\/www.facebook.com\/konzertdirektion.hohenfels\" \/>\n<meta property=\"article:modified_time\" content=\"2024-10-09T12:16:50+00:00\" \/>\n<meta name=\"twitter:card\" content=\"summary_large_image\" \/>\n<meta name=\"twitter:label1\" content=\"Est. reading time\" \/>\n\t<meta name=\"twitter:data1\" content=\"2 minutes\" \/>\n<script type=\"application\/ld+json\" class=\"yoast-schema-graph\">{\"@context\":\"https:\\\/\\\/schema.org\",\"@graph\":[{\"@type\":\"WebPage\",\"@id\":\"https:\\\/\\\/www.konzertdirektion-hohenfels.de\\\/it\\\/philharmonie-berlin\\\/vi-diamo-un-caloroso-benvenuto-presso\\\/\",\"url\":\"https:\\\/\\\/www.konzertdirektion-hohenfels.de\\\/it\\\/philharmonie-berlin\\\/vi-diamo-un-caloroso-benvenuto-presso\\\/\",\"name\":\"Vi diamo un caloroso benvenuto presso - Konzertdirektion Prof. Victor Hohenfels\",\"isPartOf\":{\"@id\":\"https:\\\/\\\/www.konzertdirektion-hohenfels.de\\\/#website\"},\"datePublished\":\"2015-12-17T17:46:40+00:00\",\"dateModified\":\"2024-10-09T12:16:50+00:00\",\"description\":\"Wir laden Sie herzlich ein zu unseren POPUL\u00c4REN KONZERTEN in der Berliner Philharmonie. Klassik f\u00fcr Jedermann - Philharmonie Berlin!\",\"breadcrumb\":{\"@id\":\"https:\\\/\\\/www.konzertdirektion-hohenfels.de\\\/it\\\/philharmonie-berlin\\\/vi-diamo-un-caloroso-benvenuto-presso\\\/#breadcrumb\"},\"inLanguage\":\"it\",\"potentialAction\":[{\"@type\":\"ReadAction\",\"target\":[\"https:\\\/\\\/www.konzertdirektion-hohenfels.de\\\/it\\\/philharmonie-berlin\\\/vi-diamo-un-caloroso-benvenuto-presso\\\/\"]}]},{\"@type\":\"BreadcrumbList\",\"@id\":\"https:\\\/\\\/www.konzertdirektion-hohenfels.de\\\/it\\\/philharmonie-berlin\\\/vi-diamo-un-caloroso-benvenuto-presso\\\/#breadcrumb\",\"itemListElement\":[{\"@type\":\"ListItem\",\"position\":1,\"name\":\"Home\",\"item\":\"https:\\\/\\\/www.konzertdirektion-hohenfels.de\\\/it\\\/index-weiterleitung\\\/\"},{\"@type\":\"ListItem\",\"position\":2,\"name\":\"Direzione Concerti Philharmonie Berlin\",\"item\":\"https:\\\/\\\/www.konzertdirektion-hohenfels.de\\\/it\\\/philharmonie-berlin\\\/\"},{\"@type\":\"ListItem\",\"position\":3,\"name\":\"Vi diamo un caloroso benvenuto presso\"}]},{\"@type\":\"WebSite\",\"@id\":\"https:\\\/\\\/www.konzertdirektion-hohenfels.de\\\/#website\",\"url\":\"https:\\\/\\\/www.konzertdirektion-hohenfels.de\\\/\",\"name\":\"Konzertdirektion Prof. Victor Hohenfels\",\"description\":\"\",\"publisher\":{\"@id\":\"https:\\\/\\\/www.konzertdirektion-hohenfels.de\\\/#organization\"},\"potentialAction\":[{\"@type\":\"SearchAction\",\"target\":{\"@type\":\"EntryPoint\",\"urlTemplate\":\"https:\\\/\\\/www.konzertdirektion-hohenfels.de\\\/?s={search_term_string}\"},\"query-input\":{\"@type\":\"PropertyValueSpecification\",\"valueRequired\":true,\"valueName\":\"search_term_string\"}}],\"inLanguage\":\"it\"},{\"@type\":\"Organization\",\"@id\":\"https:\\\/\\\/www.konzertdirektion-hohenfels.de\\\/#organization\",\"name\":\"Konzertdirektion Prof. Victor Hohenfels\",\"url\":\"https:\\\/\\\/www.konzertdirektion-hohenfels.de\\\/\",\"logo\":{\"@type\":\"ImageObject\",\"inLanguage\":\"it\",\"@id\":\"https:\\\/\\\/www.konzertdirektion-hohenfels.de\\\/#\\\/schema\\\/logo\\\/image\\\/\",\"url\":\"https:\\\/\\\/www.konzertdirektion-hohenfels.de\\\/wp-content\\\/uploads\\\/KVH_logo_newsletter.png\",\"contentUrl\":\"https:\\\/\\\/www.konzertdirektion-hohenfels.de\\\/wp-content\\\/uploads\\\/KVH_logo_newsletter.png\",\"width\":230,\"height\":117,\"caption\":\"Konzertdirektion Prof. Victor Hohenfels\"},\"image\":{\"@id\":\"https:\\\/\\\/www.konzertdirektion-hohenfels.de\\\/#\\\/schema\\\/logo\\\/image\\\/\"},\"sameAs\":[\"https:\\\/\\\/www.facebook.com\\\/konzertdirektion.hohenfels\"]}]}<\/script>\n<!-- \/ Yoast SEO plugin. -->","yoast_head_json":{"title":"Vi diamo un caloroso benvenuto presso - Konzertdirektion Prof. Victor Hohenfels","description":"Wir laden Sie herzlich ein zu unseren POPUL\u00c4REN KONZERTEN in der Berliner Philharmonie. Klassik f\u00fcr Jedermann - Philharmonie Berlin!","robots":{"index":"index","follow":"follow","max-snippet":"max-snippet:-1","max-image-preview":"max-image-preview:large","max-video-preview":"max-video-preview:-1"},"canonical":"https:\/\/www.konzertdirektion-hohenfels.de\/it\/philharmonie-berlin\/vi-diamo-un-caloroso-benvenuto-presso\/","og_locale":"it_IT","og_type":"article","og_title":"Vi diamo un caloroso benvenuto presso - Konzertdirektion Prof. Victor Hohenfels","og_description":"Wir laden Sie herzlich ein zu unseren POPUL\u00c4REN KONZERTEN in der Berliner Philharmonie. Klassik f\u00fcr Jedermann - Philharmonie Berlin!","og_url":"https:\/\/www.konzertdirektion-hohenfels.de\/it\/philharmonie-berlin\/vi-diamo-un-caloroso-benvenuto-presso\/","og_site_name":"Konzertdirektion Prof. Victor Hohenfels","article_publisher":"https:\/\/www.facebook.com\/konzertdirektion.hohenfels","article_modified_time":"2024-10-09T12:16:50+00:00","twitter_card":"summary_large_image","twitter_misc":{"Est. reading time":"2 minutes"},"schema":{"@context":"https:\/\/schema.org","@graph":[{"@type":"WebPage","@id":"https:\/\/www.konzertdirektion-hohenfels.de\/it\/philharmonie-berlin\/vi-diamo-un-caloroso-benvenuto-presso\/","url":"https:\/\/www.konzertdirektion-hohenfels.de\/it\/philharmonie-berlin\/vi-diamo-un-caloroso-benvenuto-presso\/","name":"Vi diamo un caloroso benvenuto presso - Konzertdirektion Prof. Victor Hohenfels","isPartOf":{"@id":"https:\/\/www.konzertdirektion-hohenfels.de\/#website"},"datePublished":"2015-12-17T17:46:40+00:00","dateModified":"2024-10-09T12:16:50+00:00","description":"Wir laden Sie herzlich ein zu unseren POPUL\u00c4REN KONZERTEN in der Berliner Philharmonie. Klassik f\u00fcr Jedermann - Philharmonie Berlin!","breadcrumb":{"@id":"https:\/\/www.konzertdirektion-hohenfels.de\/it\/philharmonie-berlin\/vi-diamo-un-caloroso-benvenuto-presso\/#breadcrumb"},"inLanguage":"it","potentialAction":[{"@type":"ReadAction","target":["https:\/\/www.konzertdirektion-hohenfels.de\/it\/philharmonie-berlin\/vi-diamo-un-caloroso-benvenuto-presso\/"]}]},{"@type":"BreadcrumbList","@id":"https:\/\/www.konzertdirektion-hohenfels.de\/it\/philharmonie-berlin\/vi-diamo-un-caloroso-benvenuto-presso\/#breadcrumb","itemListElement":[{"@type":"ListItem","position":1,"name":"Home","item":"https:\/\/www.konzertdirektion-hohenfels.de\/it\/index-weiterleitung\/"},{"@type":"ListItem","position":2,"name":"Direzione Concerti Philharmonie Berlin","item":"https:\/\/www.konzertdirektion-hohenfels.de\/it\/philharmonie-berlin\/"},{"@type":"ListItem","position":3,"name":"Vi diamo un caloroso benvenuto presso"}]},{"@type":"WebSite","@id":"https:\/\/www.konzertdirektion-hohenfels.de\/#website","url":"https:\/\/www.konzertdirektion-hohenfels.de\/","name":"Konzertdirektion Prof. Victor Hohenfels","description":"","publisher":{"@id":"https:\/\/www.konzertdirektion-hohenfels.de\/#organization"},"potentialAction":[{"@type":"SearchAction","target":{"@type":"EntryPoint","urlTemplate":"https:\/\/www.konzertdirektion-hohenfels.de\/?s={search_term_string}"},"query-input":{"@type":"PropertyValueSpecification","valueRequired":true,"valueName":"search_term_string"}}],"inLanguage":"it"},{"@type":"Organization","@id":"https:\/\/www.konzertdirektion-hohenfels.de\/#organization","name":"Konzertdirektion Prof. Victor Hohenfels","url":"https:\/\/www.konzertdirektion-hohenfels.de\/","logo":{"@type":"ImageObject","inLanguage":"it","@id":"https:\/\/www.konzertdirektion-hohenfels.de\/#\/schema\/logo\/image\/","url":"https:\/\/www.konzertdirektion-hohenfels.de\/wp-content\/uploads\/KVH_logo_newsletter.png","contentUrl":"https:\/\/www.konzertdirektion-hohenfels.de\/wp-content\/uploads\/KVH_logo_newsletter.png","width":230,"height":117,"caption":"Konzertdirektion Prof. Victor Hohenfels"},"image":{"@id":"https:\/\/www.konzertdirektion-hohenfels.de\/#\/schema\/logo\/image\/"},"sameAs":["https:\/\/www.facebook.com\/konzertdirektion.hohenfels"]}]}},"_links":{"self":[{"href":"https:\/\/www.konzertdirektion-hohenfels.de\/it\/wp-json\/wp\/v2\/pages\/1600","targetHints":{"allow":["GET"]}}],"collection":[{"href":"https:\/\/www.konzertdirektion-hohenfels.de\/it\/wp-json\/wp\/v2\/pages"}],"about":[{"href":"https:\/\/www.konzertdirektion-hohenfels.de\/it\/wp-json\/wp\/v2\/types\/page"}],"author":[{"embeddable":true,"href":"https:\/\/www.konzertdirektion-hohenfels.de\/it\/wp-json\/wp\/v2\/users\/1"}],"replies":[{"embeddable":true,"href":"https:\/\/www.konzertdirektion-hohenfels.de\/it\/wp-json\/wp\/v2\/comments?post=1600"}],"version-history":[{"count":10,"href":"https:\/\/www.konzertdirektion-hohenfels.de\/it\/wp-json\/wp\/v2\/pages\/1600\/revisions"}],"predecessor-version":[{"id":7183,"href":"https:\/\/www.konzertdirektion-hohenfels.de\/it\/wp-json\/wp\/v2\/pages\/1600\/revisions\/7183"}],"up":[{"embeddable":true,"href":"https:\/\/www.konzertdirektion-hohenfels.de\/it\/wp-json\/wp\/v2\/pages\/729"}],"wp:attachment":[{"href":"https:\/\/www.konzertdirektion-hohenfels.de\/it\/wp-json\/wp\/v2\/media?parent=1600"}],"curies":[{"name":"wp","href":"https:\/\/api.w.org\/{rel}","templated":true}]}}