{"id":3870,"date":"2018-03-09T16:20:17","date_gmt":"2018-03-09T15:20:17","guid":{"rendered":"http:\/\/www.konzertdirektion-hohenfels.de\/?page_id=3870"},"modified":"2025-06-23T16:52:52","modified_gmt":"2025-06-23T14:52:52","slug":"orchestra-sinfonica-di-berlino","status":"publish","type":"page","link":"https:\/\/www.konzertdirektion-hohenfels.de\/it\/philharmonie-berlin\/orchestra-sinfonica-di-berlino\/","title":{"rendered":"La Sinfonie Orchester Berlin"},"content":{"rendered":"<p>Da Beethoven a \u010cajkovskij. Da Bernstein a Gershwin: la Konzertdirektion Prof. Victor Hohenfels di Berlino, con la sua Sinfonie Orchester Berlin, \u00e8 un punto di riferimento per gli amanti della musica classica di tutte le et\u00e0. Da quasi 70 anni trasforma i capolavori dei grandi compositori in esperienze dal vivo emozionanti. Classica per tutti, in una delle sale da concerto pi\u00f9 belle del mondo, dove i biglietti \u2013 specialmente a prezzi accessibili \u2013 non sono facili da trovare: la Philharmonie di Berlino. Oltre 3,6 milioni di spettatori, da Berlino e da tutto il mondo, hanno gi\u00e0 assistito a questi \u201cConcerti Popolari\u201d nelle sue sale leggendarie.<\/p>\n<p><a class=\"hdpb\" href=\"https:\/\/www.konzertdirektion-hohenfels.de\/it\/orchestra-sinfonica-di-berlino\/\">Leggi di pi\u00f9<\/a><\/p>\n<div class=\"hdpn\">\n<p>Nella nuova stagione 2025\/26, Sinfonie Orchester Berlin presenter\u00e0 ben 15 concerti, comprendenti le opere pi\u00f9 celebri e amate della letteratura musicale. Che tipo di ascoltatore classico sei? Preferisci \u201cOpera e Operetta\u201d, \u201cGrandi Maestri\u201d o \u201cCelebri Concerti Strumentali\u201d? Abbiamo qualcosa per ogni stato d\u2019animo. Oltre ai grandi classici, il nostro programma include anche concerti crossover: dalle colonne sonore di Casablanca o Colazione da Tiffany agli eroi del grande schermo come Indiana Jones e James Bond; dal jazz internazionale ai musical di Broadway fino all\u2019energia di Rock Me Amadeus e Falco \u2013 offriamo eccellenza a prezzi accessibili, sempre a livello mondiale. La collaborazione con membri dei Berliner e dei Wiener Philharmoniker continua anche in questa stagione, sia come solisti che come direttori ospiti. Concediti uno di questi momenti irripetibili.<\/p>\n<p><strong>I Direttori Principali<\/strong><\/p>\n<p><strong>Stanley Dodds: 2014\u20132025<\/strong><\/p>\n<p>Nella stagione 2014\/15, Stanley Dodds \u00e8 stato nominato Direttore Principale di Sinfonie Orchester Berlin. Violinista dei Berliner Philharmoniker dal 1994, ha studiato presso l\u2019Accademia Karajan. Il tedesco-australiano ha ricevuto la sua formazione a Linz e Lucerna, ed \u00e8 vincitore di numerosi concorsi. Ha collaborato pi\u00f9 volte come assistente di Sir Simon Rattle.<\/p>\n<p>La sua esperienza ha definito il profilo artistico dell\u2019orchestra, con l\u2019obiettivo di \u201cspingere ogni ensemble oltre i propri limiti e svilupparne appieno le qualit\u00e0 uniche.\u201d Ha creato un legame emotivo tra orchestra e pubblico, rendendo ogni concerto un\u2019esperienza unica.<\/p>\n<p>Dal 2024 \u00e8 Direttore Artistico e Direttore Principale della Cavatina Philharmonic Orchestra di Bielsko-Bia\u0142a (Polonia), da lui fondata. Il primo ensemble professionale della citt\u00e0 tiene circa 30 concerti l\u2019anno nella rinomata Cavatina Hall.<\/p>\n<p>Per via di questo nuovo incarico, al termine della stagione 2024\/25 Dodds ha passato il testimone al suo ex collega dei Berliner Philharmoniker, Andreas Wittmann.<\/p>\n<p><strong>Andreas Wittmann <\/strong><\/p>\n<p>Dalla stagione 2025\/26, Andreas Wittmann \u2013 membro dei Berliner Philharmoniker \u2013 assumer\u00e0 la direzione del Sinfonie Orchester Berlin come Direttore Principale. Da quasi 15 anni collabora regolarmente con l\u2019orchestra come direttore ospite.<\/p>\n<p>Ha studiato oboe e direzione a Monaco e Berlino, seguito dal Prof. Hermann Michael e ha partecipato ai corsi di Sergiu Celibidache. Dal 1985 al 1986 \u00e8 stato borsista alla Karajan-Akademie, entrando poi nei Berliner Philharmoniker, dove fu profondamente influenzato da Herbert von Karajan.<\/p>\n<p>Nel 1988 ha fondato con quattro colleghi il Philharmonische Bl\u00e4serquintett Berlin, con cui ha suonato per oltre 30 anni in tutto il mondo e inciso numerosi dischi per l\u2019etichetta svedese BIS. \u00c8 stato primo oboe al Festival di Bayreuth sotto la direzione di maestri come Sinopoli, Levine e Barenboim. \u00c8 attivo come solista, musicista da camera e docente in Germania e all\u2019estero.<\/p>\n<p>Da oltre 25 anni \u00e8 docente alla Karajan-Akademie, che ha diretto dal 2013 al 2015. Dirige regolarmente orchestre come la Bursa Symphony (Turchia), la Orquesta Sinf\u00f3nica de Monterrey (Messico), l\u2019Orquestra Sinf\u00f4nica da Bahia (Brasile) e la Sinfonia Varsovia (Polonia).<\/p>\n<p><strong>L\u2019Orchestra<\/strong><\/p>\n<p>Un programma cos\u00ec ambizioso di capolavori del classicismo, romanticismo e barocco richiede standard artistici elevatissimi. Compositori come \u010cajkovskij, Beethoven, Brahms e Dvo\u0159\u00e1k mettono alla prova orchestra, direttori e solisti.<\/p>\n<p>La Sinfonie Orchester Berlin \u00e8 un ensemble di grande eccellenza, in grado di affrontare con maestria questo repertorio sinfonico. Il merito va a un nucleo stabile di musicisti, molti dei quali provengono da importanti formazioni berlinesi, mentre altri collaborano con l\u2019orchestra da anni. Insieme costituiscono la base tecnica e artistica per interpretare al meglio i grandi capolavori orchestrali.<\/p>\n<p><strong>Solisti e Direttori Ospiti<\/strong><\/p>\n<p>Membri di orchestre di fama mondiale, come i Berliner e Wiener Philharmoniker o la Deutsches Symphonie-Orchester Berlin, si esibiscono regolarmente come ospiti. Oltre a essere solisti eccellenti, molti hanno anche una formazione da direttori d\u2019orchestra. Collaborano con entusiasmo con Sinfonie Orchester Berlin, dove possono realizzare le loro visioni artistiche personali e condividere grandi capolavori con un pubblico esperto e appassionato nella Philharmonie.<\/p>\n<p>Il lavoro con Andreas Wittmann, i direttori ospiti e i grandi solisti permette all\u2019orchestra di mantenere continuit\u00e0 artistica e allo stesso tempo apertura all\u2019innovazione. In una cosa l\u2019orchestra rimane sempre fedele a se stessa: offrire, con entusiasmo e passione, momenti di emozione, armonia e bellezza, secondo lo spirito di Eva-Maria Hohenfels.<\/p>\n<\/div>\n","protected":false},"excerpt":{"rendered":"<p>Da Beethoven a \u010cajkovskij. Da Bernstein a Gershwin: la Konzertdirektion Prof. Victor Hohenfels di Berlino, con la sua Sinfonie Orchester Berlin, \u00e8 un punto di riferimento per gli amanti della &#8230;<\/p>\n","protected":false},"author":1,"featured_media":0,"parent":729,"menu_order":2,"comment_status":"closed","ping_status":"closed","template":"","meta":{"_acf_changed":false,"footnotes":""},"class_list":["post-3870","page","type-page","status-publish","hentry"],"acf":[],"yoast_head":"<!-- This site is optimized with the Yoast SEO plugin v27.5 - https:\/\/yoast.com\/product\/yoast-seo-wordpress\/ -->\n<title>La Sinfonie Orchester Berlin - Konzertdirektion Prof. Victor Hohenfels<\/title>\n<meta name=\"description\" content=\"Seit \u00fcber 60 Jahren f\u00fchrt das Sinfonie Orchester Berlin die Popul\u00e4ren Konzerte auf - immer im Sinne seines Gr\u00fcnders und Impresarios Prof. Victor Hohenfels, beliebte Meisterwerke gro\u00dfer Komponisten vielen Menschen zug\u00e4nglich zu machen.\" \/>\n<meta name=\"robots\" content=\"index, follow, max-snippet:-1, max-image-preview:large, max-video-preview:-1\" \/>\n<link rel=\"canonical\" href=\"https:\/\/www.konzertdirektion-hohenfels.de\/it\/philharmonie-berlin\/orchestra-sinfonica-di-berlino\/\" \/>\n<meta property=\"og:locale\" content=\"it_IT\" \/>\n<meta property=\"og:type\" content=\"article\" \/>\n<meta property=\"og:title\" content=\"La Sinfonie Orchester Berlin - Konzertdirektion Prof. Victor Hohenfels\" \/>\n<meta property=\"og:description\" content=\"Seit \u00fcber 60 Jahren f\u00fchrt das Sinfonie Orchester Berlin die Popul\u00e4ren Konzerte auf - immer im Sinne seines Gr\u00fcnders und Impresarios Prof. Victor Hohenfels, beliebte Meisterwerke gro\u00dfer Komponisten vielen Menschen zug\u00e4nglich zu machen.\" \/>\n<meta property=\"og:url\" content=\"https:\/\/www.konzertdirektion-hohenfels.de\/it\/philharmonie-berlin\/orchestra-sinfonica-di-berlino\/\" \/>\n<meta property=\"og:site_name\" content=\"Konzertdirektion Prof. Victor Hohenfels\" \/>\n<meta property=\"article:publisher\" content=\"https:\/\/www.facebook.com\/konzertdirektion.hohenfels\" \/>\n<meta property=\"article:modified_time\" content=\"2025-06-23T14:52:52+00:00\" \/>\n<meta name=\"twitter:card\" content=\"summary_large_image\" \/>\n<meta name=\"twitter:label1\" content=\"Est. reading time\" \/>\n\t<meta name=\"twitter:data1\" content=\"5 minutes\" \/>\n<script type=\"application\/ld+json\" class=\"yoast-schema-graph\">{\"@context\":\"https:\\\/\\\/schema.org\",\"@graph\":[{\"@type\":\"WebPage\",\"@id\":\"https:\\\/\\\/www.konzertdirektion-hohenfels.de\\\/it\\\/philharmonie-berlin\\\/orchestra-sinfonica-di-berlino\\\/\",\"url\":\"https:\\\/\\\/www.konzertdirektion-hohenfels.de\\\/it\\\/philharmonie-berlin\\\/orchestra-sinfonica-di-berlino\\\/\",\"name\":\"La Sinfonie Orchester Berlin - Konzertdirektion Prof. Victor Hohenfels\",\"isPartOf\":{\"@id\":\"https:\\\/\\\/www.konzertdirektion-hohenfels.de\\\/#website\"},\"datePublished\":\"2018-03-09T15:20:17+00:00\",\"dateModified\":\"2025-06-23T14:52:52+00:00\",\"description\":\"Seit \u00fcber 60 Jahren f\u00fchrt das Sinfonie Orchester Berlin die Popul\u00e4ren Konzerte auf - immer im Sinne seines Gr\u00fcnders und Impresarios Prof. Victor Hohenfels, beliebte Meisterwerke gro\u00dfer Komponisten vielen Menschen zug\u00e4nglich zu machen.\",\"breadcrumb\":{\"@id\":\"https:\\\/\\\/www.konzertdirektion-hohenfels.de\\\/it\\\/philharmonie-berlin\\\/orchestra-sinfonica-di-berlino\\\/#breadcrumb\"},\"inLanguage\":\"it\",\"potentialAction\":[{\"@type\":\"ReadAction\",\"target\":[\"https:\\\/\\\/www.konzertdirektion-hohenfels.de\\\/it\\\/philharmonie-berlin\\\/orchestra-sinfonica-di-berlino\\\/\"]}]},{\"@type\":\"BreadcrumbList\",\"@id\":\"https:\\\/\\\/www.konzertdirektion-hohenfels.de\\\/it\\\/philharmonie-berlin\\\/orchestra-sinfonica-di-berlino\\\/#breadcrumb\",\"itemListElement\":[{\"@type\":\"ListItem\",\"position\":1,\"name\":\"Home\",\"item\":\"https:\\\/\\\/www.konzertdirektion-hohenfels.de\\\/it\\\/index-weiterleitung\\\/\"},{\"@type\":\"ListItem\",\"position\":2,\"name\":\"Direzione Concerti Philharmonie Berlin\",\"item\":\"https:\\\/\\\/www.konzertdirektion-hohenfels.de\\\/it\\\/philharmonie-berlin\\\/\"},{\"@type\":\"ListItem\",\"position\":3,\"name\":\"La Sinfonie Orchester Berlin\"}]},{\"@type\":\"WebSite\",\"@id\":\"https:\\\/\\\/www.konzertdirektion-hohenfels.de\\\/#website\",\"url\":\"https:\\\/\\\/www.konzertdirektion-hohenfels.de\\\/\",\"name\":\"Konzertdirektion Prof. Victor Hohenfels\",\"description\":\"\",\"publisher\":{\"@id\":\"https:\\\/\\\/www.konzertdirektion-hohenfels.de\\\/#organization\"},\"potentialAction\":[{\"@type\":\"SearchAction\",\"target\":{\"@type\":\"EntryPoint\",\"urlTemplate\":\"https:\\\/\\\/www.konzertdirektion-hohenfels.de\\\/?s={search_term_string}\"},\"query-input\":{\"@type\":\"PropertyValueSpecification\",\"valueRequired\":true,\"valueName\":\"search_term_string\"}}],\"inLanguage\":\"it\"},{\"@type\":\"Organization\",\"@id\":\"https:\\\/\\\/www.konzertdirektion-hohenfels.de\\\/#organization\",\"name\":\"Konzertdirektion Prof. Victor Hohenfels\",\"url\":\"https:\\\/\\\/www.konzertdirektion-hohenfels.de\\\/\",\"logo\":{\"@type\":\"ImageObject\",\"inLanguage\":\"it\",\"@id\":\"https:\\\/\\\/www.konzertdirektion-hohenfels.de\\\/#\\\/schema\\\/logo\\\/image\\\/\",\"url\":\"https:\\\/\\\/www.konzertdirektion-hohenfels.de\\\/wp-content\\\/uploads\\\/KVH_logo_newsletter.png\",\"contentUrl\":\"https:\\\/\\\/www.konzertdirektion-hohenfels.de\\\/wp-content\\\/uploads\\\/KVH_logo_newsletter.png\",\"width\":230,\"height\":117,\"caption\":\"Konzertdirektion Prof. Victor Hohenfels\"},\"image\":{\"@id\":\"https:\\\/\\\/www.konzertdirektion-hohenfels.de\\\/#\\\/schema\\\/logo\\\/image\\\/\"},\"sameAs\":[\"https:\\\/\\\/www.facebook.com\\\/konzertdirektion.hohenfels\"]}]}<\/script>\n<!-- \/ Yoast SEO plugin. -->","yoast_head_json":{"title":"La Sinfonie Orchester Berlin - Konzertdirektion Prof. Victor Hohenfels","description":"Seit \u00fcber 60 Jahren f\u00fchrt das Sinfonie Orchester Berlin die Popul\u00e4ren Konzerte auf - immer im Sinne seines Gr\u00fcnders und Impresarios Prof. Victor Hohenfels, beliebte Meisterwerke gro\u00dfer Komponisten vielen Menschen zug\u00e4nglich zu machen.","robots":{"index":"index","follow":"follow","max-snippet":"max-snippet:-1","max-image-preview":"max-image-preview:large","max-video-preview":"max-video-preview:-1"},"canonical":"https:\/\/www.konzertdirektion-hohenfels.de\/it\/philharmonie-berlin\/orchestra-sinfonica-di-berlino\/","og_locale":"it_IT","og_type":"article","og_title":"La Sinfonie Orchester Berlin - Konzertdirektion Prof. Victor Hohenfels","og_description":"Seit \u00fcber 60 Jahren f\u00fchrt das Sinfonie Orchester Berlin die Popul\u00e4ren Konzerte auf - immer im Sinne seines Gr\u00fcnders und Impresarios Prof. Victor Hohenfels, beliebte Meisterwerke gro\u00dfer Komponisten vielen Menschen zug\u00e4nglich zu machen.","og_url":"https:\/\/www.konzertdirektion-hohenfels.de\/it\/philharmonie-berlin\/orchestra-sinfonica-di-berlino\/","og_site_name":"Konzertdirektion Prof. Victor Hohenfels","article_publisher":"https:\/\/www.facebook.com\/konzertdirektion.hohenfels","article_modified_time":"2025-06-23T14:52:52+00:00","twitter_card":"summary_large_image","twitter_misc":{"Est. reading time":"5 minutes"},"schema":{"@context":"https:\/\/schema.org","@graph":[{"@type":"WebPage","@id":"https:\/\/www.konzertdirektion-hohenfels.de\/it\/philharmonie-berlin\/orchestra-sinfonica-di-berlino\/","url":"https:\/\/www.konzertdirektion-hohenfels.de\/it\/philharmonie-berlin\/orchestra-sinfonica-di-berlino\/","name":"La Sinfonie Orchester Berlin - Konzertdirektion Prof. Victor Hohenfels","isPartOf":{"@id":"https:\/\/www.konzertdirektion-hohenfels.de\/#website"},"datePublished":"2018-03-09T15:20:17+00:00","dateModified":"2025-06-23T14:52:52+00:00","description":"Seit \u00fcber 60 Jahren f\u00fchrt das Sinfonie Orchester Berlin die Popul\u00e4ren Konzerte auf - immer im Sinne seines Gr\u00fcnders und Impresarios Prof. Victor Hohenfels, beliebte Meisterwerke gro\u00dfer Komponisten vielen Menschen zug\u00e4nglich zu machen.","breadcrumb":{"@id":"https:\/\/www.konzertdirektion-hohenfels.de\/it\/philharmonie-berlin\/orchestra-sinfonica-di-berlino\/#breadcrumb"},"inLanguage":"it","potentialAction":[{"@type":"ReadAction","target":["https:\/\/www.konzertdirektion-hohenfels.de\/it\/philharmonie-berlin\/orchestra-sinfonica-di-berlino\/"]}]},{"@type":"BreadcrumbList","@id":"https:\/\/www.konzertdirektion-hohenfels.de\/it\/philharmonie-berlin\/orchestra-sinfonica-di-berlino\/#breadcrumb","itemListElement":[{"@type":"ListItem","position":1,"name":"Home","item":"https:\/\/www.konzertdirektion-hohenfels.de\/it\/index-weiterleitung\/"},{"@type":"ListItem","position":2,"name":"Direzione Concerti Philharmonie Berlin","item":"https:\/\/www.konzertdirektion-hohenfels.de\/it\/philharmonie-berlin\/"},{"@type":"ListItem","position":3,"name":"La Sinfonie Orchester Berlin"}]},{"@type":"WebSite","@id":"https:\/\/www.konzertdirektion-hohenfels.de\/#website","url":"https:\/\/www.konzertdirektion-hohenfels.de\/","name":"Konzertdirektion Prof. Victor Hohenfels","description":"","publisher":{"@id":"https:\/\/www.konzertdirektion-hohenfels.de\/#organization"},"potentialAction":[{"@type":"SearchAction","target":{"@type":"EntryPoint","urlTemplate":"https:\/\/www.konzertdirektion-hohenfels.de\/?s={search_term_string}"},"query-input":{"@type":"PropertyValueSpecification","valueRequired":true,"valueName":"search_term_string"}}],"inLanguage":"it"},{"@type":"Organization","@id":"https:\/\/www.konzertdirektion-hohenfels.de\/#organization","name":"Konzertdirektion Prof. Victor Hohenfels","url":"https:\/\/www.konzertdirektion-hohenfels.de\/","logo":{"@type":"ImageObject","inLanguage":"it","@id":"https:\/\/www.konzertdirektion-hohenfels.de\/#\/schema\/logo\/image\/","url":"https:\/\/www.konzertdirektion-hohenfels.de\/wp-content\/uploads\/KVH_logo_newsletter.png","contentUrl":"https:\/\/www.konzertdirektion-hohenfels.de\/wp-content\/uploads\/KVH_logo_newsletter.png","width":230,"height":117,"caption":"Konzertdirektion Prof. Victor Hohenfels"},"image":{"@id":"https:\/\/www.konzertdirektion-hohenfels.de\/#\/schema\/logo\/image\/"},"sameAs":["https:\/\/www.facebook.com\/konzertdirektion.hohenfels"]}]}},"_links":{"self":[{"href":"https:\/\/www.konzertdirektion-hohenfels.de\/it\/wp-json\/wp\/v2\/pages\/3870","targetHints":{"allow":["GET"]}}],"collection":[{"href":"https:\/\/www.konzertdirektion-hohenfels.de\/it\/wp-json\/wp\/v2\/pages"}],"about":[{"href":"https:\/\/www.konzertdirektion-hohenfels.de\/it\/wp-json\/wp\/v2\/types\/page"}],"author":[{"embeddable":true,"href":"https:\/\/www.konzertdirektion-hohenfels.de\/it\/wp-json\/wp\/v2\/users\/1"}],"replies":[{"embeddable":true,"href":"https:\/\/www.konzertdirektion-hohenfels.de\/it\/wp-json\/wp\/v2\/comments?post=3870"}],"version-history":[{"count":10,"href":"https:\/\/www.konzertdirektion-hohenfels.de\/it\/wp-json\/wp\/v2\/pages\/3870\/revisions"}],"predecessor-version":[{"id":7444,"href":"https:\/\/www.konzertdirektion-hohenfels.de\/it\/wp-json\/wp\/v2\/pages\/3870\/revisions\/7444"}],"up":[{"embeddable":true,"href":"https:\/\/www.konzertdirektion-hohenfels.de\/it\/wp-json\/wp\/v2\/pages\/729"}],"wp:attachment":[{"href":"https:\/\/www.konzertdirektion-hohenfels.de\/it\/wp-json\/wp\/v2\/media?parent=3870"}],"curies":[{"name":"wp","href":"https:\/\/api.w.org\/{rel}","templated":true}]}}