{"id":1747,"date":"2015-12-09T23:04:55","date_gmt":"2015-12-09T22:04:55","guid":{"rendered":"http:\/\/2015.konzertdirektion-hohenfels.de\/pl\/abonnements\/"},"modified":"2025-06-19T08:39:59","modified_gmt":"2025-06-19T06:39:59","slug":"mozliwosci-abonamentow","status":"publish","type":"page","link":"https:\/\/www.konzertdirektion-hohenfels.de\/pl\/philharmonie-berlin\/mozliwosci-abonamentow\/","title":{"rendered":"Mo\u017cliwo\u015bci abonament\u00f3w"},"content":{"rendered":"<div class=\"table-responsive tab_abos\">\n<table>\n<tbody>\n<tr>\n<td bgcolor=\"#9e8b65\">I<\/td>\n<td bgcolor=\"#e2dcd0\">II<\/td>\n<td bgcolor=\"#9e8b65\">III<\/td>\n<td bgcolor=\"#e2dcd0\">IV<\/td>\n<td bgcolor=\"#9e8b65\">V<\/td>\n<td bgcolor=\"#e2dcd0\">VI<\/td>\n<\/tr>\n<tr>\n<td colspan=\"6\">Kr\u00f3tki abonament CYKL MK do wyboru ze wszystkich cykl\u00f3w przy wyborze natychmiastowym (4 do 9 koncert\u00f3w). Oszcz\u0119dzacie Pa\u0144stwo 15% i p\u0142acicie np. tylko za 4 koncerty:<\/td>\n<\/tr>\n<tr>\n<td bgcolor=\"#9e8b65\">187,00 \u20ac<\/td>\n<td bgcolor=\"#e2dcd0\">170,00 \u20ac<\/td>\n<td bgcolor=\"#9e8b65\">159,80 \u20ac<\/td>\n<td bgcolor=\"#e2dcd0\">132,00 \u20ac<\/td>\n<td bgcolor=\"#9e8b65\">112,20 \u20ac<\/td>\n<td bgcolor=\"#e2dcd0\">102,00 \u20ac<\/td>\n<\/tr>\n<tr>\n<td colspan=\"6\">Abonament mieszany CYKL C do wyboru ze wszystkich cykl\u00f3w przy wyborze natychmiastowym 10 koncert\u00f3w lub wi\u0119cej. Oszcz\u0119dzacie Pa\u0144stwo 20% i p\u0142acicie np. za 10 koncert\u00f3w:<\/td>\n<\/tr>\n<tr>\n<td bgcolor=\"#9e8b65\">440,00 \u20ac<\/td>\n<td bgcolor=\"#e2dcd0\">400,00 \u20ac<\/td>\n<td bgcolor=\"#9e8b65\">376,00 \u20ac<\/td>\n<td bgcolor=\"#e2dcd0\">312,00 \u20ac<\/td>\n<td bgcolor=\"#9e8b65\">264,00 \u20ac<\/td>\n<td bgcolor=\"#e2dcd0\">240,00 \u20ac<\/td>\n<\/tr>\n<tr>\n<td colspan=\"6\">\u00a0<\/td>\n<\/tr>\n<tr>\n<td colspan=\"6\">plus 5,00 \u20ac koszty wysy\u0142ki oraz 2,00 \u20ac op\u0142ata wpisowa w przypadku nowego abonamentu<\/td>\n<\/tr>\n<\/tbody>\n<\/table>\n<\/div>\n<p><strong>Prosz\u0119 pami\u0119ta\u0107:<\/strong> abonament NIE obejmuje miejsc specjalnych! Przy rezerwacji przez internetowych dystrybutor\u00f3w bilet\u00f3w <a href=\"https:\/\/konzertdirektion-hohenfels-philharmonie-berlin.reservix.de\/events?_locale=en\">RESERVIX<\/a>, <a href=\"https:\/\/www.eventim.de\/en\/artist\/populaere-konzerte-philharmonie-berlin\/\">EVENTIM<\/a> oraz <a href=\"https:\/\/www.classictic.com\/en\/organizer\/kdvh\/15109\/\">CLASSICTIC<\/a> lub przy zakupie w kasach przedsprzeda\u017cy obowi\u0105zuj\u0105 ceny tu podane <strong>plus <\/strong>op\u0142ata za przedsprzeda\u017c danego us\u0142ugodawcy.<\/p>\n<p><strong><a href=\"\/pl\/agb\/\">Prosz\u0119 klikn\u0105\u0107 tutaj do Og\u00f3lnych Warunk\u00f3w Umowy<\/a><\/strong><\/p>\n","protected":false},"excerpt":{"rendered":"<p>I II III IV V VI Kr\u00f3tki abonament CYKL MK do wyboru ze wszystkich cykl\u00f3w przy wyborze natychmiastowym (4 do 9 koncert\u00f3w). Oszcz\u0119dzacie Pa\u0144stwo 15% i p\u0142acicie np. tylko za &#8230;<\/p>\n","protected":false},"author":1,"featured_media":0,"parent":730,"menu_order":0,"comment_status":"closed","ping_status":"closed","template":"","meta":{"_acf_changed":false,"footnotes":""},"class_list":["post-1747","page","type-page","status-publish","hentry"],"acf":[],"yoast_head":"<!-- This site is optimized with the Yoast SEO plugin v27.5 - https:\/\/yoast.com\/product\/yoast-seo-wordpress\/ -->\n<title>Mo\u017cliwo\u015bci abonament\u00f3w - Konzertdirektion Prof. Victor Hohenfels<\/title>\n<meta name=\"robots\" content=\"index, follow, max-snippet:-1, max-image-preview:large, max-video-preview:-1\" \/>\n<link rel=\"canonical\" href=\"https:\/\/www.konzertdirektion-hohenfels.de\/pl\/philharmonie-berlin\/mozliwosci-abonamentow\/\" \/>\n<meta property=\"og:locale\" content=\"pl_PL\" \/>\n<meta property=\"og:type\" content=\"article\" \/>\n<meta property=\"og:title\" content=\"Mo\u017cliwo\u015bci abonament\u00f3w - Konzertdirektion Prof. Victor Hohenfels\" \/>\n<meta property=\"og:description\" content=\"I II III IV V VI Kr\u00f3tki abonament CYKL MK do wyboru ze wszystkich cykl\u00f3w przy wyborze natychmiastowym (4 do 9 koncert\u00f3w). Oszcz\u0119dzacie Pa\u0144stwo 15% i p\u0142acicie np. tylko za ...\" \/>\n<meta property=\"og:url\" content=\"https:\/\/www.konzertdirektion-hohenfels.de\/pl\/philharmonie-berlin\/mozliwosci-abonamentow\/\" \/>\n<meta property=\"og:site_name\" content=\"Konzertdirektion Prof. Victor Hohenfels\" \/>\n<meta property=\"article:publisher\" content=\"https:\/\/www.facebook.com\/konzertdirektion.hohenfels\" \/>\n<meta property=\"article:modified_time\" content=\"2025-06-19T06:39:59+00:00\" \/>\n<meta name=\"twitter:card\" content=\"summary_large_image\" \/>\n<meta name=\"twitter:label1\" content=\"Est. reading time\" \/>\n\t<meta name=\"twitter:data1\" content=\"1 minute\" \/>\n<script type=\"application\/ld+json\" class=\"yoast-schema-graph\">{\"@context\":\"https:\\\/\\\/schema.org\",\"@graph\":[{\"@type\":\"WebPage\",\"@id\":\"https:\\\/\\\/www.konzertdirektion-hohenfels.de\\\/pl\\\/philharmonie-berlin\\\/mozliwosci-abonamentow\\\/\",\"url\":\"https:\\\/\\\/www.konzertdirektion-hohenfels.de\\\/pl\\\/philharmonie-berlin\\\/mozliwosci-abonamentow\\\/\",\"name\":\"Mo\u017cliwo\u015bci abonament\u00f3w - Konzertdirektion Prof. Victor Hohenfels\",\"isPartOf\":{\"@id\":\"https:\\\/\\\/www.konzertdirektion-hohenfels.de\\\/#website\"},\"datePublished\":\"2015-12-09T22:04:55+00:00\",\"dateModified\":\"2025-06-19T06:39:59+00:00\",\"breadcrumb\":{\"@id\":\"https:\\\/\\\/www.konzertdirektion-hohenfels.de\\\/pl\\\/philharmonie-berlin\\\/mozliwosci-abonamentow\\\/#breadcrumb\"},\"inLanguage\":\"pl\",\"potentialAction\":[{\"@type\":\"ReadAction\",\"target\":[\"https:\\\/\\\/www.konzertdirektion-hohenfels.de\\\/pl\\\/philharmonie-berlin\\\/mozliwosci-abonamentow\\\/\"]}]},{\"@type\":\"BreadcrumbList\",\"@id\":\"https:\\\/\\\/www.konzertdirektion-hohenfels.de\\\/pl\\\/philharmonie-berlin\\\/mozliwosci-abonamentow\\\/#breadcrumb\",\"itemListElement\":[{\"@type\":\"ListItem\",\"position\":1,\"name\":\"Home\",\"item\":\"https:\\\/\\\/www.konzertdirektion-hohenfels.de\\\/pl\\\/index-weiterleitung\\\/\"},{\"@type\":\"ListItem\",\"position\":2,\"name\":\"Dyrekcja Koncertowa Philharmonie Berlin\",\"item\":\"https:\\\/\\\/www.konzertdirektion-hohenfels.de\\\/pl\\\/philharmonie-berlin\\\/\"},{\"@type\":\"ListItem\",\"position\":3,\"name\":\"Mo\u017cliwo\u015bci abonament\u00f3w\"}]},{\"@type\":\"WebSite\",\"@id\":\"https:\\\/\\\/www.konzertdirektion-hohenfels.de\\\/#website\",\"url\":\"https:\\\/\\\/www.konzertdirektion-hohenfels.de\\\/\",\"name\":\"Konzertdirektion Prof. Victor Hohenfels\",\"description\":\"\",\"publisher\":{\"@id\":\"https:\\\/\\\/www.konzertdirektion-hohenfels.de\\\/#organization\"},\"potentialAction\":[{\"@type\":\"SearchAction\",\"target\":{\"@type\":\"EntryPoint\",\"urlTemplate\":\"https:\\\/\\\/www.konzertdirektion-hohenfels.de\\\/?s={search_term_string}\"},\"query-input\":{\"@type\":\"PropertyValueSpecification\",\"valueRequired\":true,\"valueName\":\"search_term_string\"}}],\"inLanguage\":\"pl\"},{\"@type\":\"Organization\",\"@id\":\"https:\\\/\\\/www.konzertdirektion-hohenfels.de\\\/#organization\",\"name\":\"Konzertdirektion Prof. Victor Hohenfels\",\"url\":\"https:\\\/\\\/www.konzertdirektion-hohenfels.de\\\/\",\"logo\":{\"@type\":\"ImageObject\",\"inLanguage\":\"pl\",\"@id\":\"https:\\\/\\\/www.konzertdirektion-hohenfels.de\\\/#\\\/schema\\\/logo\\\/image\\\/\",\"url\":\"https:\\\/\\\/www.konzertdirektion-hohenfels.de\\\/wp-content\\\/uploads\\\/KVH_logo_newsletter.png\",\"contentUrl\":\"https:\\\/\\\/www.konzertdirektion-hohenfels.de\\\/wp-content\\\/uploads\\\/KVH_logo_newsletter.png\",\"width\":230,\"height\":117,\"caption\":\"Konzertdirektion Prof. Victor Hohenfels\"},\"image\":{\"@id\":\"https:\\\/\\\/www.konzertdirektion-hohenfels.de\\\/#\\\/schema\\\/logo\\\/image\\\/\"},\"sameAs\":[\"https:\\\/\\\/www.facebook.com\\\/konzertdirektion.hohenfels\"]}]}<\/script>\n<!-- \/ Yoast SEO plugin. -->","yoast_head_json":{"title":"Mo\u017cliwo\u015bci abonament\u00f3w - Konzertdirektion Prof. Victor Hohenfels","robots":{"index":"index","follow":"follow","max-snippet":"max-snippet:-1","max-image-preview":"max-image-preview:large","max-video-preview":"max-video-preview:-1"},"canonical":"https:\/\/www.konzertdirektion-hohenfels.de\/pl\/philharmonie-berlin\/mozliwosci-abonamentow\/","og_locale":"pl_PL","og_type":"article","og_title":"Mo\u017cliwo\u015bci abonament\u00f3w - Konzertdirektion Prof. Victor Hohenfels","og_description":"I II III IV V VI Kr\u00f3tki abonament CYKL MK do wyboru ze wszystkich cykl\u00f3w przy wyborze natychmiastowym (4 do 9 koncert\u00f3w). Oszcz\u0119dzacie Pa\u0144stwo 15% i p\u0142acicie np. tylko za ...","og_url":"https:\/\/www.konzertdirektion-hohenfels.de\/pl\/philharmonie-berlin\/mozliwosci-abonamentow\/","og_site_name":"Konzertdirektion Prof. Victor Hohenfels","article_publisher":"https:\/\/www.facebook.com\/konzertdirektion.hohenfels","article_modified_time":"2025-06-19T06:39:59+00:00","twitter_card":"summary_large_image","twitter_misc":{"Est. reading time":"1 minute"},"schema":{"@context":"https:\/\/schema.org","@graph":[{"@type":"WebPage","@id":"https:\/\/www.konzertdirektion-hohenfels.de\/pl\/philharmonie-berlin\/mozliwosci-abonamentow\/","url":"https:\/\/www.konzertdirektion-hohenfels.de\/pl\/philharmonie-berlin\/mozliwosci-abonamentow\/","name":"Mo\u017cliwo\u015bci abonament\u00f3w - Konzertdirektion Prof. Victor Hohenfels","isPartOf":{"@id":"https:\/\/www.konzertdirektion-hohenfels.de\/#website"},"datePublished":"2015-12-09T22:04:55+00:00","dateModified":"2025-06-19T06:39:59+00:00","breadcrumb":{"@id":"https:\/\/www.konzertdirektion-hohenfels.de\/pl\/philharmonie-berlin\/mozliwosci-abonamentow\/#breadcrumb"},"inLanguage":"pl","potentialAction":[{"@type":"ReadAction","target":["https:\/\/www.konzertdirektion-hohenfels.de\/pl\/philharmonie-berlin\/mozliwosci-abonamentow\/"]}]},{"@type":"BreadcrumbList","@id":"https:\/\/www.konzertdirektion-hohenfels.de\/pl\/philharmonie-berlin\/mozliwosci-abonamentow\/#breadcrumb","itemListElement":[{"@type":"ListItem","position":1,"name":"Home","item":"https:\/\/www.konzertdirektion-hohenfels.de\/pl\/index-weiterleitung\/"},{"@type":"ListItem","position":2,"name":"Dyrekcja Koncertowa Philharmonie Berlin","item":"https:\/\/www.konzertdirektion-hohenfels.de\/pl\/philharmonie-berlin\/"},{"@type":"ListItem","position":3,"name":"Mo\u017cliwo\u015bci abonament\u00f3w"}]},{"@type":"WebSite","@id":"https:\/\/www.konzertdirektion-hohenfels.de\/#website","url":"https:\/\/www.konzertdirektion-hohenfels.de\/","name":"Konzertdirektion Prof. Victor Hohenfels","description":"","publisher":{"@id":"https:\/\/www.konzertdirektion-hohenfels.de\/#organization"},"potentialAction":[{"@type":"SearchAction","target":{"@type":"EntryPoint","urlTemplate":"https:\/\/www.konzertdirektion-hohenfels.de\/?s={search_term_string}"},"query-input":{"@type":"PropertyValueSpecification","valueRequired":true,"valueName":"search_term_string"}}],"inLanguage":"pl"},{"@type":"Organization","@id":"https:\/\/www.konzertdirektion-hohenfels.de\/#organization","name":"Konzertdirektion Prof. Victor Hohenfels","url":"https:\/\/www.konzertdirektion-hohenfels.de\/","logo":{"@type":"ImageObject","inLanguage":"pl","@id":"https:\/\/www.konzertdirektion-hohenfels.de\/#\/schema\/logo\/image\/","url":"https:\/\/www.konzertdirektion-hohenfels.de\/wp-content\/uploads\/KVH_logo_newsletter.png","contentUrl":"https:\/\/www.konzertdirektion-hohenfels.de\/wp-content\/uploads\/KVH_logo_newsletter.png","width":230,"height":117,"caption":"Konzertdirektion Prof. Victor Hohenfels"},"image":{"@id":"https:\/\/www.konzertdirektion-hohenfels.de\/#\/schema\/logo\/image\/"},"sameAs":["https:\/\/www.facebook.com\/konzertdirektion.hohenfels"]}]}},"_links":{"self":[{"href":"https:\/\/www.konzertdirektion-hohenfels.de\/pl\/wp-json\/wp\/v2\/pages\/1747","targetHints":{"allow":["GET"]}}],"collection":[{"href":"https:\/\/www.konzertdirektion-hohenfels.de\/pl\/wp-json\/wp\/v2\/pages"}],"about":[{"href":"https:\/\/www.konzertdirektion-hohenfels.de\/pl\/wp-json\/wp\/v2\/types\/page"}],"author":[{"embeddable":true,"href":"https:\/\/www.konzertdirektion-hohenfels.de\/pl\/wp-json\/wp\/v2\/users\/1"}],"replies":[{"embeddable":true,"href":"https:\/\/www.konzertdirektion-hohenfels.de\/pl\/wp-json\/wp\/v2\/comments?post=1747"}],"version-history":[{"count":9,"href":"https:\/\/www.konzertdirektion-hohenfels.de\/pl\/wp-json\/wp\/v2\/pages\/1747\/revisions"}],"predecessor-version":[{"id":1753,"href":"https:\/\/www.konzertdirektion-hohenfels.de\/pl\/wp-json\/wp\/v2\/pages\/1747\/revisions\/1753"}],"up":[{"embeddable":true,"href":"https:\/\/www.konzertdirektion-hohenfels.de\/pl\/wp-json\/wp\/v2\/pages\/730"}],"wp:attachment":[{"href":"https:\/\/www.konzertdirektion-hohenfels.de\/pl\/wp-json\/wp\/v2\/media?parent=1747"}],"curies":[{"name":"wp","href":"https:\/\/api.w.org\/{rel}","templated":true}]}}