{"id":1819,"date":"2015-12-09T21:55:27","date_gmt":"2015-12-09T20:55:27","guid":{"rendered":"http:\/\/2015.konzertdirektion-hohenfels.de\/pl\/tickets\/"},"modified":"2025-06-19T07:32:03","modified_gmt":"2025-06-19T05:32:03","slug":"bilety","status":"publish","type":"page","link":"https:\/\/www.konzertdirektion-hohenfels.de\/pl\/philharmonie-berlin\/bilety\/","title":{"rendered":"Bilety"},"content":{"rendered":"<h2>TELEFONICZNE ZAMAWIANIE BILET\u00d3W<\/h2>\n<h3>BEZ DOPLATY ZA PRZEDSPRZEDAZ!<\/h3>\n<p>KONZERTDIREKTION PROF. VICTOR HOHENFELS<br \/>\nTEL.: +49 30 | 8 82 76 22 \/ 23 <em>(\u00a0poniedzialek \u2013 piatek w godz. 10.00 \u2013 16.00)<\/em><br \/>\nFAKS: +49 30 | 8 83 68 04<\/p>\n<p><a href=\"\/pl\/agb\/\">Prosze kliknac tutaj do Og\u00f3lnych Warunk\u00f3w Umowy<\/a><\/p>\n<p><em>(plus oplata za przedsprzedaz) PAPAGENA<\/em><br \/>\nTEL.: +49 30 | 47 99 74 31 <br \/>\n<em>(Montag \u2013 Samstag von 9.00 \u2013 20.00 Uhr Sonntag u. Feiertag von 14.00 \u2013 20.00 Uhr)<\/em><\/p>\n<p>&nbsp;<\/p>\n<h2>ZAMAWIANIE\u00a0 BILET\u00d3W (listownie)<\/h2>\n<p>Konzertdirektion Prof. Victor Hohenfels<br \/>\nKurf\u00fcrstendamm 225 10719 Berlin <br \/>\n<em> (bez bezposredniej obslugi klineta)<\/em><\/p>\n<p>&nbsp;<\/p>\n<h2>ZAMAWIANIE BILET\u00d3W (elektronicznie)<\/h2>\n<p>Bilety na koncerty:<br \/>\n<a href=\"mailto:karten@konzertdirektion-hohenfels.de\">karten@konzertdirektion-hohenfels.de<\/a><\/p>\n<p>Abonamenty:<br \/>\n<a href=\"mailto:Aboservice@konzertdirektion-hohenfels.de\">aboservice@konzertdirektion-hohenfels.de<\/a><\/p>\n<p>&nbsp;<\/p>\n<h2>ZAMAWIANIE BILET\u00d3W (online)<\/h2>\n<p><em>(plus oplata za przedsprzedaz)<br \/>\n<\/em>Bestellung \u00fcber:<\/p>\n<p><a class=\"btn\" href=\"https:\/\/konzertdirektion-hohenfels-philharmonie-berlin.reservix.de\/events?_locale=en\" target=\"_blank\" rel=\"noopener\">Reservix<\/a> <a class=\"btn\" href=\"https:\/\/www.eventim.de\/en\/artist\/populaere-konzerte-philharmonie-berlin\/\" target=\"_blank\" rel=\"noopener\">Eventim<\/a> <a class=\"btn\" href=\"https:\/\/www.classictic.com\/en\/organizer\/kdvh\/15109\/\" target=\"_blank\" rel=\"noopener\">Classictic<\/a><\/p>\n","protected":false},"excerpt":{"rendered":"<p>TELEFONICZNE ZAMAWIANIE BILET\u00d3W BEZ DOPLATY ZA PRZEDSPRZEDAZ! KONZERTDIREKTION PROF. VICTOR HOHENFELS TEL.: +49 30 | 8 82 76 22 \/ 23 (\u00a0poniedzialek \u2013 piatek w godz. 10.00 \u2013 16.00) FAKS: &#8230;<\/p>\n","protected":false},"author":1,"featured_media":0,"parent":730,"menu_order":0,"comment_status":"closed","ping_status":"closed","template":"","meta":{"_acf_changed":false,"footnotes":""},"class_list":["post-1819","page","type-page","status-publish","hentry"],"acf":[],"yoast_head":"<!-- This site is optimized with the Yoast SEO plugin v27.5 - https:\/\/yoast.com\/product\/yoast-seo-wordpress\/ -->\n<title>Bilety - Konzertdirektion Prof. Victor Hohenfels<\/title>\n<meta name=\"description\" content=\"G\u00fcnstige Tickets f\u00fcr unsere Konzerte in der Berliner Philharmonie. Klassik f\u00fcr Jedermann - Philharmonie Berlin KARTENBESTELLUNG OHNE VORVERKAUFSAUFSCHLAG!\" \/>\n<meta name=\"robots\" content=\"index, follow, max-snippet:-1, max-image-preview:large, max-video-preview:-1\" \/>\n<link rel=\"canonical\" href=\"https:\/\/www.konzertdirektion-hohenfels.de\/pl\/philharmonie-berlin\/bilety\/\" \/>\n<meta property=\"og:locale\" content=\"pl_PL\" \/>\n<meta property=\"og:type\" content=\"article\" \/>\n<meta property=\"og:title\" content=\"Bilety - Konzertdirektion Prof. Victor Hohenfels\" \/>\n<meta property=\"og:description\" content=\"G\u00fcnstige Tickets f\u00fcr unsere Konzerte in der Berliner Philharmonie. Klassik f\u00fcr Jedermann - Philharmonie Berlin KARTENBESTELLUNG OHNE VORVERKAUFSAUFSCHLAG!\" \/>\n<meta property=\"og:url\" content=\"https:\/\/www.konzertdirektion-hohenfels.de\/pl\/philharmonie-berlin\/bilety\/\" \/>\n<meta property=\"og:site_name\" content=\"Konzertdirektion Prof. Victor Hohenfels\" \/>\n<meta property=\"article:publisher\" content=\"https:\/\/www.facebook.com\/konzertdirektion.hohenfels\" \/>\n<meta property=\"article:modified_time\" content=\"2025-06-19T05:32:03+00:00\" \/>\n<meta name=\"twitter:card\" content=\"summary_large_image\" \/>\n<meta name=\"twitter:label1\" content=\"Est. reading time\" \/>\n\t<meta name=\"twitter:data1\" content=\"1 minute\" \/>\n<script type=\"application\/ld+json\" class=\"yoast-schema-graph\">{\"@context\":\"https:\\\/\\\/schema.org\",\"@graph\":[{\"@type\":\"WebPage\",\"@id\":\"https:\\\/\\\/www.konzertdirektion-hohenfels.de\\\/pl\\\/philharmonie-berlin\\\/bilety\\\/\",\"url\":\"https:\\\/\\\/www.konzertdirektion-hohenfels.de\\\/pl\\\/philharmonie-berlin\\\/bilety\\\/\",\"name\":\"Bilety - Konzertdirektion Prof. Victor Hohenfels\",\"isPartOf\":{\"@id\":\"https:\\\/\\\/www.konzertdirektion-hohenfels.de\\\/#website\"},\"datePublished\":\"2015-12-09T20:55:27+00:00\",\"dateModified\":\"2025-06-19T05:32:03+00:00\",\"description\":\"G\u00fcnstige Tickets f\u00fcr unsere Konzerte in der Berliner Philharmonie. Klassik f\u00fcr Jedermann - Philharmonie Berlin KARTENBESTELLUNG OHNE VORVERKAUFSAUFSCHLAG!\",\"breadcrumb\":{\"@id\":\"https:\\\/\\\/www.konzertdirektion-hohenfels.de\\\/pl\\\/philharmonie-berlin\\\/bilety\\\/#breadcrumb\"},\"inLanguage\":\"pl\",\"potentialAction\":[{\"@type\":\"ReadAction\",\"target\":[\"https:\\\/\\\/www.konzertdirektion-hohenfels.de\\\/pl\\\/philharmonie-berlin\\\/bilety\\\/\"]}]},{\"@type\":\"BreadcrumbList\",\"@id\":\"https:\\\/\\\/www.konzertdirektion-hohenfels.de\\\/pl\\\/philharmonie-berlin\\\/bilety\\\/#breadcrumb\",\"itemListElement\":[{\"@type\":\"ListItem\",\"position\":1,\"name\":\"Home\",\"item\":\"https:\\\/\\\/www.konzertdirektion-hohenfels.de\\\/pl\\\/index-weiterleitung\\\/\"},{\"@type\":\"ListItem\",\"position\":2,\"name\":\"Dyrekcja Koncertowa Philharmonie Berlin\",\"item\":\"https:\\\/\\\/www.konzertdirektion-hohenfels.de\\\/pl\\\/philharmonie-berlin\\\/\"},{\"@type\":\"ListItem\",\"position\":3,\"name\":\"Bilety\"}]},{\"@type\":\"WebSite\",\"@id\":\"https:\\\/\\\/www.konzertdirektion-hohenfels.de\\\/#website\",\"url\":\"https:\\\/\\\/www.konzertdirektion-hohenfels.de\\\/\",\"name\":\"Konzertdirektion Prof. Victor Hohenfels\",\"description\":\"\",\"publisher\":{\"@id\":\"https:\\\/\\\/www.konzertdirektion-hohenfels.de\\\/#organization\"},\"potentialAction\":[{\"@type\":\"SearchAction\",\"target\":{\"@type\":\"EntryPoint\",\"urlTemplate\":\"https:\\\/\\\/www.konzertdirektion-hohenfels.de\\\/?s={search_term_string}\"},\"query-input\":{\"@type\":\"PropertyValueSpecification\",\"valueRequired\":true,\"valueName\":\"search_term_string\"}}],\"inLanguage\":\"pl\"},{\"@type\":\"Organization\",\"@id\":\"https:\\\/\\\/www.konzertdirektion-hohenfels.de\\\/#organization\",\"name\":\"Konzertdirektion Prof. Victor Hohenfels\",\"url\":\"https:\\\/\\\/www.konzertdirektion-hohenfels.de\\\/\",\"logo\":{\"@type\":\"ImageObject\",\"inLanguage\":\"pl\",\"@id\":\"https:\\\/\\\/www.konzertdirektion-hohenfels.de\\\/#\\\/schema\\\/logo\\\/image\\\/\",\"url\":\"https:\\\/\\\/www.konzertdirektion-hohenfels.de\\\/wp-content\\\/uploads\\\/KVH_logo_newsletter.png\",\"contentUrl\":\"https:\\\/\\\/www.konzertdirektion-hohenfels.de\\\/wp-content\\\/uploads\\\/KVH_logo_newsletter.png\",\"width\":230,\"height\":117,\"caption\":\"Konzertdirektion Prof. Victor Hohenfels\"},\"image\":{\"@id\":\"https:\\\/\\\/www.konzertdirektion-hohenfels.de\\\/#\\\/schema\\\/logo\\\/image\\\/\"},\"sameAs\":[\"https:\\\/\\\/www.facebook.com\\\/konzertdirektion.hohenfels\"]}]}<\/script>\n<!-- \/ Yoast SEO plugin. -->","yoast_head_json":{"title":"Bilety - Konzertdirektion Prof. Victor Hohenfels","description":"G\u00fcnstige Tickets f\u00fcr unsere Konzerte in der Berliner Philharmonie. Klassik f\u00fcr Jedermann - Philharmonie Berlin KARTENBESTELLUNG OHNE VORVERKAUFSAUFSCHLAG!","robots":{"index":"index","follow":"follow","max-snippet":"max-snippet:-1","max-image-preview":"max-image-preview:large","max-video-preview":"max-video-preview:-1"},"canonical":"https:\/\/www.konzertdirektion-hohenfels.de\/pl\/philharmonie-berlin\/bilety\/","og_locale":"pl_PL","og_type":"article","og_title":"Bilety - Konzertdirektion Prof. Victor Hohenfels","og_description":"G\u00fcnstige Tickets f\u00fcr unsere Konzerte in der Berliner Philharmonie. Klassik f\u00fcr Jedermann - Philharmonie Berlin KARTENBESTELLUNG OHNE VORVERKAUFSAUFSCHLAG!","og_url":"https:\/\/www.konzertdirektion-hohenfels.de\/pl\/philharmonie-berlin\/bilety\/","og_site_name":"Konzertdirektion Prof. Victor Hohenfels","article_publisher":"https:\/\/www.facebook.com\/konzertdirektion.hohenfels","article_modified_time":"2025-06-19T05:32:03+00:00","twitter_card":"summary_large_image","twitter_misc":{"Est. reading time":"1 minute"},"schema":{"@context":"https:\/\/schema.org","@graph":[{"@type":"WebPage","@id":"https:\/\/www.konzertdirektion-hohenfels.de\/pl\/philharmonie-berlin\/bilety\/","url":"https:\/\/www.konzertdirektion-hohenfels.de\/pl\/philharmonie-berlin\/bilety\/","name":"Bilety - Konzertdirektion Prof. Victor Hohenfels","isPartOf":{"@id":"https:\/\/www.konzertdirektion-hohenfels.de\/#website"},"datePublished":"2015-12-09T20:55:27+00:00","dateModified":"2025-06-19T05:32:03+00:00","description":"G\u00fcnstige Tickets f\u00fcr unsere Konzerte in der Berliner Philharmonie. Klassik f\u00fcr Jedermann - Philharmonie Berlin KARTENBESTELLUNG OHNE VORVERKAUFSAUFSCHLAG!","breadcrumb":{"@id":"https:\/\/www.konzertdirektion-hohenfels.de\/pl\/philharmonie-berlin\/bilety\/#breadcrumb"},"inLanguage":"pl","potentialAction":[{"@type":"ReadAction","target":["https:\/\/www.konzertdirektion-hohenfels.de\/pl\/philharmonie-berlin\/bilety\/"]}]},{"@type":"BreadcrumbList","@id":"https:\/\/www.konzertdirektion-hohenfels.de\/pl\/philharmonie-berlin\/bilety\/#breadcrumb","itemListElement":[{"@type":"ListItem","position":1,"name":"Home","item":"https:\/\/www.konzertdirektion-hohenfels.de\/pl\/index-weiterleitung\/"},{"@type":"ListItem","position":2,"name":"Dyrekcja Koncertowa Philharmonie Berlin","item":"https:\/\/www.konzertdirektion-hohenfels.de\/pl\/philharmonie-berlin\/"},{"@type":"ListItem","position":3,"name":"Bilety"}]},{"@type":"WebSite","@id":"https:\/\/www.konzertdirektion-hohenfels.de\/#website","url":"https:\/\/www.konzertdirektion-hohenfels.de\/","name":"Konzertdirektion Prof. Victor Hohenfels","description":"","publisher":{"@id":"https:\/\/www.konzertdirektion-hohenfels.de\/#organization"},"potentialAction":[{"@type":"SearchAction","target":{"@type":"EntryPoint","urlTemplate":"https:\/\/www.konzertdirektion-hohenfels.de\/?s={search_term_string}"},"query-input":{"@type":"PropertyValueSpecification","valueRequired":true,"valueName":"search_term_string"}}],"inLanguage":"pl"},{"@type":"Organization","@id":"https:\/\/www.konzertdirektion-hohenfels.de\/#organization","name":"Konzertdirektion Prof. Victor Hohenfels","url":"https:\/\/www.konzertdirektion-hohenfels.de\/","logo":{"@type":"ImageObject","inLanguage":"pl","@id":"https:\/\/www.konzertdirektion-hohenfels.de\/#\/schema\/logo\/image\/","url":"https:\/\/www.konzertdirektion-hohenfels.de\/wp-content\/uploads\/KVH_logo_newsletter.png","contentUrl":"https:\/\/www.konzertdirektion-hohenfels.de\/wp-content\/uploads\/KVH_logo_newsletter.png","width":230,"height":117,"caption":"Konzertdirektion Prof. Victor Hohenfels"},"image":{"@id":"https:\/\/www.konzertdirektion-hohenfels.de\/#\/schema\/logo\/image\/"},"sameAs":["https:\/\/www.facebook.com\/konzertdirektion.hohenfels"]}]}},"_links":{"self":[{"href":"https:\/\/www.konzertdirektion-hohenfels.de\/pl\/wp-json\/wp\/v2\/pages\/1819","targetHints":{"allow":["GET"]}}],"collection":[{"href":"https:\/\/www.konzertdirektion-hohenfels.de\/pl\/wp-json\/wp\/v2\/pages"}],"about":[{"href":"https:\/\/www.konzertdirektion-hohenfels.de\/pl\/wp-json\/wp\/v2\/types\/page"}],"author":[{"embeddable":true,"href":"https:\/\/www.konzertdirektion-hohenfels.de\/pl\/wp-json\/wp\/v2\/users\/1"}],"replies":[{"embeddable":true,"href":"https:\/\/www.konzertdirektion-hohenfels.de\/pl\/wp-json\/wp\/v2\/comments?post=1819"}],"version-history":[{"count":4,"href":"https:\/\/www.konzertdirektion-hohenfels.de\/pl\/wp-json\/wp\/v2\/pages\/1819\/revisions"}],"predecessor-version":[{"id":7336,"href":"https:\/\/www.konzertdirektion-hohenfels.de\/pl\/wp-json\/wp\/v2\/pages\/1819\/revisions\/7336"}],"up":[{"embeddable":true,"href":"https:\/\/www.konzertdirektion-hohenfels.de\/pl\/wp-json\/wp\/v2\/pages\/730"}],"wp:attachment":[{"href":"https:\/\/www.konzertdirektion-hohenfels.de\/pl\/wp-json\/wp\/v2\/media?parent=1819"}],"curies":[{"name":"wp","href":"https:\/\/api.w.org\/{rel}","templated":true}]}}