{"id":1850,"date":"2015-12-09T15:26:24","date_gmt":"2015-12-09T14:26:24","guid":{"rendered":"http:\/\/2015.konzertdirektion-hohenfels.de\/pl\/media\/galerie\/"},"modified":"2016-03-15T14:10:34","modified_gmt":"2016-03-15T13:10:34","slug":"galeria","status":"publish","type":"page","link":"https:\/\/www.konzertdirektion-hohenfels.de\/pl\/media\/galeria\/","title":{"rendered":"POPULAR CONCERTS \u2013 galleries"},"content":{"rendered":"<p>A gallery from our concerts in the\u00a0Berliner Philharmonie with members of the\u00a0Berliner Philharmoniker and incredible soloists and conductors. Klassik f\u00fcr Jedermann \u2013 Philharmonie Berlin<\/p>\n<h2>Wielcy mistrzowie \u2013 popularnie<\/h2>\n<p><a href=\"https:\/\/www.konzertdirektion-hohenfels.de\/pl\/media\/galeria\/wielcy-mistrzowie\/\"><img loading=\"lazy\" decoding=\"async\" class=\"alignnone size-large wp-image-380\" src=\"https:\/\/www.konzertdirektion-hohenfels.de\/wp-content\/uploads\/meister_011-1024x683.jpg\" alt=\"meister_01\" width=\"1024\" height=\"683\" srcset=\"https:\/\/www.konzertdirektion-hohenfels.de\/wp-content\/uploads\/meister_011.jpg 1024w, https:\/\/www.konzertdirektion-hohenfels.de\/wp-content\/uploads\/meister_011-300x200.jpg 300w, https:\/\/www.konzertdirektion-hohenfels.de\/wp-content\/uploads\/meister_011-206x137.jpg 206w, https:\/\/www.konzertdirektion-hohenfels.de\/wp-content\/uploads\/meister_011-336x224.jpg 336w\" sizes=\"auto, (max-width: 1024px) 100vw, 1024px\" \/><\/a><\/p>\n<h2>Koncert moderowany<\/h2>\n<p><a href=\"https:\/\/www.konzertdirektion-hohenfels.de\/pl\/media\/galeria\/koncert-moderowany\/\"><img loading=\"lazy\" decoding=\"async\" class=\"alignnone size-large wp-image-451\" src=\"https:\/\/www.konzertdirektion-hohenfels.de\/wp-content\/uploads\/moderiertes_konzert_10-1024x683.jpg\" alt=\"moderiertes_konzert_10\" width=\"1024\" height=\"683\" srcset=\"https:\/\/www.konzertdirektion-hohenfels.de\/wp-content\/uploads\/moderiertes_konzert_10.jpg 1024w, https:\/\/www.konzertdirektion-hohenfels.de\/wp-content\/uploads\/moderiertes_konzert_10-300x200.jpg 300w, https:\/\/www.konzertdirektion-hohenfels.de\/wp-content\/uploads\/moderiertes_konzert_10-206x137.jpg 206w, https:\/\/www.konzertdirektion-hohenfels.de\/wp-content\/uploads\/moderiertes_konzert_10-336x224.jpg 336w\" sizes=\"auto, (max-width: 1024px) 100vw, 1024px\" \/><\/a><\/p>\n<h2>S\u0142ynne koncerty instrumentalne<\/h2>\n<p><a href=\"https:\/\/www.konzertdirektion-hohenfels.de\/pl\/media\/galeria\/slynne-koncerty-instrumentalne\/\"><img loading=\"lazy\" decoding=\"async\" class=\"alignnone size-large wp-image-466\" src=\"https:\/\/www.konzertdirektion-hohenfels.de\/wp-content\/uploads\/Instrumentalkonzerte_12-1024x683.jpg\" alt=\"Instrumentalkonzerte_12\" width=\"1024\" height=\"683\" srcset=\"https:\/\/www.konzertdirektion-hohenfels.de\/wp-content\/uploads\/Instrumentalkonzerte_12.jpg 1024w, https:\/\/www.konzertdirektion-hohenfels.de\/wp-content\/uploads\/Instrumentalkonzerte_12-300x200.jpg 300w, https:\/\/www.konzertdirektion-hohenfels.de\/wp-content\/uploads\/Instrumentalkonzerte_12-206x137.jpg 206w, https:\/\/www.konzertdirektion-hohenfels.de\/wp-content\/uploads\/Instrumentalkonzerte_12-336x224.jpg 336w\" sizes=\"auto, (max-width: 1024px) 100vw, 1024px\" \/><\/a><\/p>\n<h2>Opera Italiana<\/h2>\n<p><a href=\"https:\/\/www.konzertdirektion-hohenfels.de\/pl\/media\/galeria\/opera-italiana\/\"><img loading=\"lazy\" decoding=\"async\" class=\"alignnone size-large wp-image-529\" src=\"https:\/\/www.konzertdirektion-hohenfels.de\/wp-content\/uploads\/037-1024x683.jpg\" alt=\"037\" width=\"1024\" height=\"683\" srcset=\"https:\/\/www.konzertdirektion-hohenfels.de\/wp-content\/uploads\/037.jpg 1024w, https:\/\/www.konzertdirektion-hohenfels.de\/wp-content\/uploads\/037-300x200.jpg 300w, https:\/\/www.konzertdirektion-hohenfels.de\/wp-content\/uploads\/037-206x137.jpg 206w, https:\/\/www.konzertdirektion-hohenfels.de\/wp-content\/uploads\/037-336x224.jpg 336w\" sizes=\"auto, (max-width: 1024px) 100vw, 1024px\" \/><\/a><\/p>\n<h2>Koncert Noworoczny<\/h2>\n<p><a href=\"https:\/\/www.konzertdirektion-hohenfels.de\/pl\/media\/galeria\/koncert-noworoczny\/\"><img loading=\"lazy\" decoding=\"async\" class=\"alignnone size-large wp-image-560\" src=\"https:\/\/www.konzertdirektion-hohenfels.de\/wp-content\/uploads\/Neujahr_27-1024x683.jpg\" alt=\"Neujahr_27\" width=\"1024\" height=\"683\" srcset=\"https:\/\/www.konzertdirektion-hohenfels.de\/wp-content\/uploads\/Neujahr_27.jpg 1024w, https:\/\/www.konzertdirektion-hohenfels.de\/wp-content\/uploads\/Neujahr_27-300x200.jpg 300w, https:\/\/www.konzertdirektion-hohenfels.de\/wp-content\/uploads\/Neujahr_27-206x137.jpg 206w, https:\/\/www.konzertdirektion-hohenfels.de\/wp-content\/uploads\/Neujahr_27-336x224.jpg 336w\" sizes=\"auto, (max-width: 1024px) 100vw, 1024px\" \/><\/a><\/p>\n<h2>Sen wigilijny: Balet dzieci\u0119cy i m\u0142odzie\u017cowy Deutsche Oper<\/h2>\n<p><a href=\"https:\/\/www.konzertdirektion-hohenfels.de\/pl\/media\/galeria\/sen-wigilijny\/\"><img loading=\"lazy\" decoding=\"async\" class=\"alignnone size-full wp-image-580\" src=\"https:\/\/www.konzertdirektion-hohenfels.de\/wp-content\/uploads\/Weihnachtsabend_15.jpg\" alt=\"Weihnachtsabend_15\" width=\"700\" height=\"473\" srcset=\"https:\/\/www.konzertdirektion-hohenfels.de\/wp-content\/uploads\/Weihnachtsabend_15.jpg 700w, https:\/\/www.konzertdirektion-hohenfels.de\/wp-content\/uploads\/Weihnachtsabend_15-300x203.jpg 300w, https:\/\/www.konzertdirektion-hohenfels.de\/wp-content\/uploads\/Weihnachtsabend_15-206x139.jpg 206w, https:\/\/www.konzertdirektion-hohenfels.de\/wp-content\/uploads\/Weihnachtsabend_15-336x227.jpg 336w\" sizes=\"auto, (max-width: 700px) 100vw, 700px\" \/><\/a><\/p>\n<h2>\u201eOrquestrina Babor\u00e1k\u201c<\/h2>\n<p>Orquestrina Babor\u00e1k Muzyka filmowa &#8211; Tanga Piazzolli &#8211; Bol\u00e9ro<\/p>\n<p><a href=\"https:\/\/www.konzertdirektion-hohenfels.de\/pl\/media\/galeria\/crossover-konzerte\/\"><img loading=\"lazy\" decoding=\"async\" class=\"aligncenter size-large wp-image-2265\" src=\"https:\/\/www.konzertdirektion-hohenfels.de\/wp-content\/uploads\/unspecified-30-1024x683.jpeg\" alt=\"unspecified-30\" width=\"1024\" height=\"683\" srcset=\"https:\/\/www.konzertdirektion-hohenfels.de\/wp-content\/uploads\/unspecified-30.jpeg 1024w, https:\/\/www.konzertdirektion-hohenfels.de\/wp-content\/uploads\/unspecified-30-300x200.jpeg 300w, https:\/\/www.konzertdirektion-hohenfels.de\/wp-content\/uploads\/unspecified-30-768x512.jpeg 768w, https:\/\/www.konzertdirektion-hohenfels.de\/wp-content\/uploads\/unspecified-30-600x400.jpeg 600w, https:\/\/www.konzertdirektion-hohenfels.de\/wp-content\/uploads\/unspecified-30-206x137.jpeg 206w, https:\/\/www.konzertdirektion-hohenfels.de\/wp-content\/uploads\/unspecified-30-336x224.jpeg 336w\" sizes=\"auto, (max-width: 1024px) 100vw, 1024px\" \/><\/a><\/p>\n","protected":false},"excerpt":{"rendered":"<p>A gallery from our concerts in the\u00a0Berliner Philharmonie with members of the\u00a0Berliner Philharmoniker and incredible soloists and conductors. Klassik f\u00fcr Jedermann \u2013 Philharmonie Berlin Wielcy mistrzowie \u2013 popularnie Koncert moderowany &#8230;<\/p>\n","protected":false},"author":1,"featured_media":0,"parent":1831,"menu_order":0,"comment_status":"closed","ping_status":"closed","template":"","meta":{"_acf_changed":false,"footnotes":""},"class_list":["post-1850","page","type-page","status-publish","hentry"],"acf":[],"yoast_head":"<!-- This site is optimized with the Yoast SEO plugin v27.4 - https:\/\/yoast.com\/product\/yoast-seo-wordpress\/ -->\n<title>POPULAR CONCERTS \u2013 galleries - Konzertdirektion Prof. Victor Hohenfels<\/title>\n<meta name=\"description\" content=\"Galerie der Popul\u00e4ren Konzerte in der Berliner Philharmonie. Klassik f\u00fcr Jedermann - Philharmonie Berlin\" \/>\n<meta name=\"robots\" content=\"index, follow, max-snippet:-1, max-image-preview:large, max-video-preview:-1\" \/>\n<link rel=\"canonical\" href=\"https:\/\/www.konzertdirektion-hohenfels.de\/pl\/media\/galeria\/\" \/>\n<meta property=\"og:locale\" content=\"pl_PL\" \/>\n<meta property=\"og:type\" content=\"article\" \/>\n<meta property=\"og:title\" content=\"POPULAR CONCERTS \u2013 galleries - Konzertdirektion Prof. Victor Hohenfels\" \/>\n<meta property=\"og:description\" content=\"Galerie der Popul\u00e4ren Konzerte in der Berliner Philharmonie. Klassik f\u00fcr Jedermann - Philharmonie Berlin\" \/>\n<meta property=\"og:url\" content=\"https:\/\/www.konzertdirektion-hohenfels.de\/pl\/media\/galeria\/\" \/>\n<meta property=\"og:site_name\" content=\"Konzertdirektion Prof. Victor Hohenfels\" \/>\n<meta property=\"article:publisher\" content=\"https:\/\/www.facebook.com\/konzertdirektion.hohenfels\" \/>\n<meta property=\"article:modified_time\" content=\"2016-03-15T13:10:34+00:00\" \/>\n<meta property=\"og:image\" content=\"https:\/\/www.konzertdirektion-hohenfels.de\/wp-content\/uploads\/meister_011-1024x683.jpg\" \/>\n<meta name=\"twitter:card\" content=\"summary_large_image\" \/>\n<script type=\"application\/ld+json\" class=\"yoast-schema-graph\">{\"@context\":\"https:\\\/\\\/schema.org\",\"@graph\":[{\"@type\":\"WebPage\",\"@id\":\"https:\\\/\\\/www.konzertdirektion-hohenfels.de\\\/pl\\\/media\\\/galeria\\\/\",\"url\":\"https:\\\/\\\/www.konzertdirektion-hohenfels.de\\\/pl\\\/media\\\/galeria\\\/\",\"name\":\"POPULAR CONCERTS \u2013 galleries - Konzertdirektion Prof. Victor Hohenfels\",\"isPartOf\":{\"@id\":\"https:\\\/\\\/www.konzertdirektion-hohenfels.de\\\/#website\"},\"primaryImageOfPage\":{\"@id\":\"https:\\\/\\\/www.konzertdirektion-hohenfels.de\\\/pl\\\/media\\\/galeria\\\/#primaryimage\"},\"image\":{\"@id\":\"https:\\\/\\\/www.konzertdirektion-hohenfels.de\\\/pl\\\/media\\\/galeria\\\/#primaryimage\"},\"thumbnailUrl\":\"https:\\\/\\\/www.konzertdirektion-hohenfels.de\\\/wp-content\\\/uploads\\\/meister_011-1024x683.jpg\",\"datePublished\":\"2015-12-09T14:26:24+00:00\",\"dateModified\":\"2016-03-15T13:10:34+00:00\",\"description\":\"Galerie der Popul\u00e4ren Konzerte in der Berliner Philharmonie. Klassik f\u00fcr Jedermann - Philharmonie Berlin\",\"breadcrumb\":{\"@id\":\"https:\\\/\\\/www.konzertdirektion-hohenfels.de\\\/pl\\\/media\\\/galeria\\\/#breadcrumb\"},\"inLanguage\":\"pl\",\"potentialAction\":[{\"@type\":\"ReadAction\",\"target\":[\"https:\\\/\\\/www.konzertdirektion-hohenfels.de\\\/pl\\\/media\\\/galeria\\\/\"]}]},{\"@type\":\"ImageObject\",\"inLanguage\":\"pl\",\"@id\":\"https:\\\/\\\/www.konzertdirektion-hohenfels.de\\\/pl\\\/media\\\/galeria\\\/#primaryimage\",\"url\":\"https:\\\/\\\/www.konzertdirektion-hohenfels.de\\\/wp-content\\\/uploads\\\/meister_011-1024x683.jpg\",\"contentUrl\":\"https:\\\/\\\/www.konzertdirektion-hohenfels.de\\\/wp-content\\\/uploads\\\/meister_011-1024x683.jpg\"},{\"@type\":\"BreadcrumbList\",\"@id\":\"https:\\\/\\\/www.konzertdirektion-hohenfels.de\\\/pl\\\/media\\\/galeria\\\/#breadcrumb\",\"itemListElement\":[{\"@type\":\"ListItem\",\"position\":1,\"name\":\"Home\",\"item\":\"https:\\\/\\\/www.konzertdirektion-hohenfels.de\\\/pl\\\/index-weiterleitung\\\/\"},{\"@type\":\"ListItem\",\"position\":2,\"name\":\"Media\",\"item\":\"https:\\\/\\\/www.konzertdirektion-hohenfels.de\\\/pl\\\/media\\\/\"},{\"@type\":\"ListItem\",\"position\":3,\"name\":\"POPULAR CONCERTS \u2013 galleries\"}]},{\"@type\":\"WebSite\",\"@id\":\"https:\\\/\\\/www.konzertdirektion-hohenfels.de\\\/#website\",\"url\":\"https:\\\/\\\/www.konzertdirektion-hohenfels.de\\\/\",\"name\":\"Konzertdirektion Prof. Victor Hohenfels\",\"description\":\"\",\"publisher\":{\"@id\":\"https:\\\/\\\/www.konzertdirektion-hohenfels.de\\\/#organization\"},\"potentialAction\":[{\"@type\":\"SearchAction\",\"target\":{\"@type\":\"EntryPoint\",\"urlTemplate\":\"https:\\\/\\\/www.konzertdirektion-hohenfels.de\\\/?s={search_term_string}\"},\"query-input\":{\"@type\":\"PropertyValueSpecification\",\"valueRequired\":true,\"valueName\":\"search_term_string\"}}],\"inLanguage\":\"pl\"},{\"@type\":\"Organization\",\"@id\":\"https:\\\/\\\/www.konzertdirektion-hohenfels.de\\\/#organization\",\"name\":\"Konzertdirektion Prof. Victor Hohenfels\",\"url\":\"https:\\\/\\\/www.konzertdirektion-hohenfels.de\\\/\",\"logo\":{\"@type\":\"ImageObject\",\"inLanguage\":\"pl\",\"@id\":\"https:\\\/\\\/www.konzertdirektion-hohenfels.de\\\/#\\\/schema\\\/logo\\\/image\\\/\",\"url\":\"https:\\\/\\\/www.konzertdirektion-hohenfels.de\\\/wp-content\\\/uploads\\\/KVH_logo_newsletter.png\",\"contentUrl\":\"https:\\\/\\\/www.konzertdirektion-hohenfels.de\\\/wp-content\\\/uploads\\\/KVH_logo_newsletter.png\",\"width\":230,\"height\":117,\"caption\":\"Konzertdirektion Prof. Victor Hohenfels\"},\"image\":{\"@id\":\"https:\\\/\\\/www.konzertdirektion-hohenfels.de\\\/#\\\/schema\\\/logo\\\/image\\\/\"},\"sameAs\":[\"https:\\\/\\\/www.facebook.com\\\/konzertdirektion.hohenfels\"]}]}<\/script>\n<!-- \/ Yoast SEO plugin. -->","yoast_head_json":{"title":"POPULAR CONCERTS \u2013 galleries - Konzertdirektion Prof. Victor Hohenfels","description":"Galerie der Popul\u00e4ren Konzerte in der Berliner Philharmonie. Klassik f\u00fcr Jedermann - Philharmonie Berlin","robots":{"index":"index","follow":"follow","max-snippet":"max-snippet:-1","max-image-preview":"max-image-preview:large","max-video-preview":"max-video-preview:-1"},"canonical":"https:\/\/www.konzertdirektion-hohenfels.de\/pl\/media\/galeria\/","og_locale":"pl_PL","og_type":"article","og_title":"POPULAR CONCERTS \u2013 galleries - Konzertdirektion Prof. Victor Hohenfels","og_description":"Galerie der Popul\u00e4ren Konzerte in der Berliner Philharmonie. Klassik f\u00fcr Jedermann - Philharmonie Berlin","og_url":"https:\/\/www.konzertdirektion-hohenfels.de\/pl\/media\/galeria\/","og_site_name":"Konzertdirektion Prof. Victor Hohenfels","article_publisher":"https:\/\/www.facebook.com\/konzertdirektion.hohenfels","article_modified_time":"2016-03-15T13:10:34+00:00","og_image":[{"url":"https:\/\/www.konzertdirektion-hohenfels.de\/wp-content\/uploads\/meister_011-1024x683.jpg","type":"","width":"","height":""}],"twitter_card":"summary_large_image","schema":{"@context":"https:\/\/schema.org","@graph":[{"@type":"WebPage","@id":"https:\/\/www.konzertdirektion-hohenfels.de\/pl\/media\/galeria\/","url":"https:\/\/www.konzertdirektion-hohenfels.de\/pl\/media\/galeria\/","name":"POPULAR CONCERTS \u2013 galleries - Konzertdirektion Prof. Victor Hohenfels","isPartOf":{"@id":"https:\/\/www.konzertdirektion-hohenfels.de\/#website"},"primaryImageOfPage":{"@id":"https:\/\/www.konzertdirektion-hohenfels.de\/pl\/media\/galeria\/#primaryimage"},"image":{"@id":"https:\/\/www.konzertdirektion-hohenfels.de\/pl\/media\/galeria\/#primaryimage"},"thumbnailUrl":"https:\/\/www.konzertdirektion-hohenfels.de\/wp-content\/uploads\/meister_011-1024x683.jpg","datePublished":"2015-12-09T14:26:24+00:00","dateModified":"2016-03-15T13:10:34+00:00","description":"Galerie der Popul\u00e4ren Konzerte in der Berliner Philharmonie. Klassik f\u00fcr Jedermann - Philharmonie Berlin","breadcrumb":{"@id":"https:\/\/www.konzertdirektion-hohenfels.de\/pl\/media\/galeria\/#breadcrumb"},"inLanguage":"pl","potentialAction":[{"@type":"ReadAction","target":["https:\/\/www.konzertdirektion-hohenfels.de\/pl\/media\/galeria\/"]}]},{"@type":"ImageObject","inLanguage":"pl","@id":"https:\/\/www.konzertdirektion-hohenfels.de\/pl\/media\/galeria\/#primaryimage","url":"https:\/\/www.konzertdirektion-hohenfels.de\/wp-content\/uploads\/meister_011-1024x683.jpg","contentUrl":"https:\/\/www.konzertdirektion-hohenfels.de\/wp-content\/uploads\/meister_011-1024x683.jpg"},{"@type":"BreadcrumbList","@id":"https:\/\/www.konzertdirektion-hohenfels.de\/pl\/media\/galeria\/#breadcrumb","itemListElement":[{"@type":"ListItem","position":1,"name":"Home","item":"https:\/\/www.konzertdirektion-hohenfels.de\/pl\/index-weiterleitung\/"},{"@type":"ListItem","position":2,"name":"Media","item":"https:\/\/www.konzertdirektion-hohenfels.de\/pl\/media\/"},{"@type":"ListItem","position":3,"name":"POPULAR CONCERTS \u2013 galleries"}]},{"@type":"WebSite","@id":"https:\/\/www.konzertdirektion-hohenfels.de\/#website","url":"https:\/\/www.konzertdirektion-hohenfels.de\/","name":"Konzertdirektion Prof. Victor Hohenfels","description":"","publisher":{"@id":"https:\/\/www.konzertdirektion-hohenfels.de\/#organization"},"potentialAction":[{"@type":"SearchAction","target":{"@type":"EntryPoint","urlTemplate":"https:\/\/www.konzertdirektion-hohenfels.de\/?s={search_term_string}"},"query-input":{"@type":"PropertyValueSpecification","valueRequired":true,"valueName":"search_term_string"}}],"inLanguage":"pl"},{"@type":"Organization","@id":"https:\/\/www.konzertdirektion-hohenfels.de\/#organization","name":"Konzertdirektion Prof. Victor Hohenfels","url":"https:\/\/www.konzertdirektion-hohenfels.de\/","logo":{"@type":"ImageObject","inLanguage":"pl","@id":"https:\/\/www.konzertdirektion-hohenfels.de\/#\/schema\/logo\/image\/","url":"https:\/\/www.konzertdirektion-hohenfels.de\/wp-content\/uploads\/KVH_logo_newsletter.png","contentUrl":"https:\/\/www.konzertdirektion-hohenfels.de\/wp-content\/uploads\/KVH_logo_newsletter.png","width":230,"height":117,"caption":"Konzertdirektion Prof. Victor Hohenfels"},"image":{"@id":"https:\/\/www.konzertdirektion-hohenfels.de\/#\/schema\/logo\/image\/"},"sameAs":["https:\/\/www.facebook.com\/konzertdirektion.hohenfels"]}]}},"_links":{"self":[{"href":"https:\/\/www.konzertdirektion-hohenfels.de\/pl\/wp-json\/wp\/v2\/pages\/1850","targetHints":{"allow":["GET"]}}],"collection":[{"href":"https:\/\/www.konzertdirektion-hohenfels.de\/pl\/wp-json\/wp\/v2\/pages"}],"about":[{"href":"https:\/\/www.konzertdirektion-hohenfels.de\/pl\/wp-json\/wp\/v2\/types\/page"}],"author":[{"embeddable":true,"href":"https:\/\/www.konzertdirektion-hohenfels.de\/pl\/wp-json\/wp\/v2\/users\/1"}],"replies":[{"embeddable":true,"href":"https:\/\/www.konzertdirektion-hohenfels.de\/pl\/wp-json\/wp\/v2\/comments?post=1850"}],"version-history":[{"count":4,"href":"https:\/\/www.konzertdirektion-hohenfels.de\/pl\/wp-json\/wp\/v2\/pages\/1850\/revisions"}],"predecessor-version":[{"id":2292,"href":"https:\/\/www.konzertdirektion-hohenfels.de\/pl\/wp-json\/wp\/v2\/pages\/1850\/revisions\/2292"}],"up":[{"embeddable":true,"href":"https:\/\/www.konzertdirektion-hohenfels.de\/pl\/wp-json\/wp\/v2\/pages\/1831"}],"wp:attachment":[{"href":"https:\/\/www.konzertdirektion-hohenfels.de\/pl\/wp-json\/wp\/v2\/media?parent=1850"}],"curies":[{"name":"wp","href":"https:\/\/api.w.org\/{rel}","templated":true}]}}