{"id":3851,"date":"2018-03-07T09:24:36","date_gmt":"2018-03-07T08:24:36","guid":{"rendered":"http:\/\/www.konzertdirektion-hohenfels.de\/?page_id=3851"},"modified":"2025-08-18T13:09:25","modified_gmt":"2025-08-18T11:09:25","slug":"glowny-dyrygent-andreas-wittmann","status":"publish","type":"page","link":"https:\/\/www.konzertdirektion-hohenfels.de\/pl\/philharmonie-berlin\/glowny-dyrygent-andreas-wittmann\/","title":{"rendered":"G\u0142\u00f3wny dyrygent Andreas Wittmann"},"content":{"rendered":"<p>ANDREAS WITTMANN\u00a0studiowa\u0142 gr\u0119 na oboju i dyrygentur\u0119 w Monachium oraz Berlinie. W Monachium pobiera\u0142 lekcje dyrygentury u prof. Hermanna Michaela i kilkukrotnie bra\u0142 aktywny udzia\u0142 w kursach dyrygentury prowadzonych przez Sergiu Celibidache. W latach 1985\u20131986 otrzyma\u0142 stypendium w Akademii Karajana, a zaraz potem zosta\u0142 zatrudniony w orkiestrze Filharmonik\u00f3w Berli\u0144skich. Tam na pocz\u0105tku kariery najwi\u0119kszy wp\u0142yw mia\u0142a na niego wsp\u00f3\u0142praca z Herbertem von Karajanem. W 1988 roku wraz z czterema kolegami za\u0142o\u017cy\u0142 \u201ePhilharmonisches Bl\u00e4serquintett Berlin\u201d (\u201eFilharmonijny kwintet d\u0119ty z Berlina\u201d), z kt\u00f3rym przez ponad 30 lat wyst\u0119powa\u0142 w wielu krajach \u015bwiata i nagra\u0142 liczne p\u0142yty dla szwedzkiej wytw\u00f3rni \u201eBIS\u201d.\u2028Jako oboista solista przez kilka lat wyst\u0119powa\u0142 w Orkiestrze Festiwalowej w Bayreuth pod batut\u0105 tak wybitnych dyrygent\u00f3w jak Giuseppe Sinopoli, James Levine i Daniel Barenboim. Ponadto prowadzi intensywn\u0105 dzia\u0142alno\u015b\u0107 solow\u0105, kameraln\u0105 i pedagogiczn\u0105 w kraju i za granic\u0105. Od ponad 25 lat jest wyk\u0142adowc\u0105 w Akademii Karajana Filharmonik\u00f3w Berli\u0144skich, kt\u00f3rej dyrektorem by\u0142 w latach 2013-2015.\u2028Jako dyrygent wsp\u00f3\u0142pracuje z r\u00f3\u017cnymi orkiestrami, m.in. z Bursa Symphony Orchestra (Turcja), Orquesta Sinfonica Monterrey (Meksyk) i Orquesta Sinf\u00f3nica Salvador de Bahia (Brazylia), z kt\u00f3r\u0105 jest zwi\u0105zany jako sta\u0142y dyrygent go\u015bcinny, a tak\u017ce z Orkiestr\u0105 Symfoniczn\u0105 Sinfonia Varsovia (Polska).<\/p>\n<p>Od sezonu 2025\/2026 b\u0119dzie g\u0142\u00f3wnym dyrygentem Berli\u0144skiej Orkiestry Symfonicznej, z kt\u00f3r\u0105 jest zwi\u0105zany od wielu lat.<\/p>\n","protected":false},"excerpt":{"rendered":"<p>ANDREAS WITTMANN\u00a0studiowa\u0142 gr\u0119 na oboju i dyrygentur\u0119 w Monachium oraz Berlinie. W Monachium pobiera\u0142 lekcje dyrygentury u prof. Hermanna Michaela i kilkukrotnie bra\u0142 aktywny udzia\u0142 w kursach dyrygentury prowadzonych przez &#8230;<\/p>\n","protected":false},"author":1,"featured_media":0,"parent":730,"menu_order":2,"comment_status":"closed","ping_status":"closed","template":"","meta":{"_acf_changed":false,"footnotes":""},"class_list":["post-3851","page","type-page","status-publish","hentry"],"acf":[],"yoast_head":"<!-- This site is optimized with the Yoast SEO plugin v27.4 - https:\/\/yoast.com\/product\/yoast-seo-wordpress\/ -->\n<title>G\u0142\u00f3wny dyrygent Andreas Wittmann - Konzertdirektion Prof. Victor Hohenfels<\/title>\n<meta name=\"description\" content=\"ANDREAS WITTMANN studied oboe and conducting in Munich and Berlin. Beginning with the 2025\/2026 season, he will take up the position of Principal Conductor of the Berlin Symphony Orchestra, with which he has been closely associated for many years.\" \/>\n<meta name=\"robots\" content=\"index, follow, max-snippet:-1, max-image-preview:large, max-video-preview:-1\" \/>\n<link rel=\"canonical\" href=\"https:\/\/www.konzertdirektion-hohenfels.de\/pl\/philharmonie-berlin\/glowny-dyrygent-andreas-wittmann\/\" \/>\n<meta property=\"og:locale\" content=\"pl_PL\" \/>\n<meta property=\"og:type\" content=\"article\" \/>\n<meta property=\"og:title\" content=\"G\u0142\u00f3wny dyrygent Andreas Wittmann - Konzertdirektion Prof. Victor Hohenfels\" \/>\n<meta property=\"og:description\" content=\"ANDREAS WITTMANN studied oboe and conducting in Munich and Berlin. Beginning with the 2025\/2026 season, he will take up the position of Principal Conductor of the Berlin Symphony Orchestra, with which he has been closely associated for many years.\" \/>\n<meta property=\"og:url\" content=\"https:\/\/www.konzertdirektion-hohenfels.de\/pl\/philharmonie-berlin\/glowny-dyrygent-andreas-wittmann\/\" \/>\n<meta property=\"og:site_name\" content=\"Konzertdirektion Prof. Victor Hohenfels\" \/>\n<meta property=\"article:publisher\" content=\"https:\/\/www.facebook.com\/konzertdirektion.hohenfels\" \/>\n<meta property=\"article:modified_time\" content=\"2025-08-18T11:09:25+00:00\" \/>\n<meta name=\"twitter:card\" content=\"summary_large_image\" \/>\n<meta name=\"twitter:label1\" content=\"Est. reading time\" \/>\n\t<meta name=\"twitter:data1\" content=\"2 minutes\" \/>\n<script type=\"application\/ld+json\" class=\"yoast-schema-graph\">{\"@context\":\"https:\\\/\\\/schema.org\",\"@graph\":[{\"@type\":\"WebPage\",\"@id\":\"https:\\\/\\\/www.konzertdirektion-hohenfels.de\\\/pl\\\/philharmonie-berlin\\\/glowny-dyrygent-andreas-wittmann\\\/\",\"url\":\"https:\\\/\\\/www.konzertdirektion-hohenfels.de\\\/pl\\\/philharmonie-berlin\\\/glowny-dyrygent-andreas-wittmann\\\/\",\"name\":\"G\u0142\u00f3wny dyrygent Andreas Wittmann - Konzertdirektion Prof. Victor Hohenfels\",\"isPartOf\":{\"@id\":\"https:\\\/\\\/www.konzertdirektion-hohenfels.de\\\/#website\"},\"datePublished\":\"2018-03-07T08:24:36+00:00\",\"dateModified\":\"2025-08-18T11:09:25+00:00\",\"description\":\"ANDREAS WITTMANN studied oboe and conducting in Munich and Berlin. Beginning with the 2025\\\/2026 season, he will take up the position of Principal Conductor of the Berlin Symphony Orchestra, with which he has been closely associated for many years.\",\"breadcrumb\":{\"@id\":\"https:\\\/\\\/www.konzertdirektion-hohenfels.de\\\/pl\\\/philharmonie-berlin\\\/glowny-dyrygent-andreas-wittmann\\\/#breadcrumb\"},\"inLanguage\":\"pl\",\"potentialAction\":[{\"@type\":\"ReadAction\",\"target\":[\"https:\\\/\\\/www.konzertdirektion-hohenfels.de\\\/pl\\\/philharmonie-berlin\\\/glowny-dyrygent-andreas-wittmann\\\/\"]}]},{\"@type\":\"BreadcrumbList\",\"@id\":\"https:\\\/\\\/www.konzertdirektion-hohenfels.de\\\/pl\\\/philharmonie-berlin\\\/glowny-dyrygent-andreas-wittmann\\\/#breadcrumb\",\"itemListElement\":[{\"@type\":\"ListItem\",\"position\":1,\"name\":\"Home\",\"item\":\"https:\\\/\\\/www.konzertdirektion-hohenfels.de\\\/pl\\\/index-weiterleitung\\\/\"},{\"@type\":\"ListItem\",\"position\":2,\"name\":\"Dyrekcja Koncertowa Philharmonie Berlin\",\"item\":\"https:\\\/\\\/www.konzertdirektion-hohenfels.de\\\/pl\\\/philharmonie-berlin\\\/\"},{\"@type\":\"ListItem\",\"position\":3,\"name\":\"G\u0142\u00f3wny dyrygent Andreas Wittmann\"}]},{\"@type\":\"WebSite\",\"@id\":\"https:\\\/\\\/www.konzertdirektion-hohenfels.de\\\/#website\",\"url\":\"https:\\\/\\\/www.konzertdirektion-hohenfels.de\\\/\",\"name\":\"Konzertdirektion Prof. Victor Hohenfels\",\"description\":\"\",\"publisher\":{\"@id\":\"https:\\\/\\\/www.konzertdirektion-hohenfels.de\\\/#organization\"},\"potentialAction\":[{\"@type\":\"SearchAction\",\"target\":{\"@type\":\"EntryPoint\",\"urlTemplate\":\"https:\\\/\\\/www.konzertdirektion-hohenfels.de\\\/?s={search_term_string}\"},\"query-input\":{\"@type\":\"PropertyValueSpecification\",\"valueRequired\":true,\"valueName\":\"search_term_string\"}}],\"inLanguage\":\"pl\"},{\"@type\":\"Organization\",\"@id\":\"https:\\\/\\\/www.konzertdirektion-hohenfels.de\\\/#organization\",\"name\":\"Konzertdirektion Prof. Victor Hohenfels\",\"url\":\"https:\\\/\\\/www.konzertdirektion-hohenfels.de\\\/\",\"logo\":{\"@type\":\"ImageObject\",\"inLanguage\":\"pl\",\"@id\":\"https:\\\/\\\/www.konzertdirektion-hohenfels.de\\\/#\\\/schema\\\/logo\\\/image\\\/\",\"url\":\"https:\\\/\\\/www.konzertdirektion-hohenfels.de\\\/wp-content\\\/uploads\\\/KVH_logo_newsletter.png\",\"contentUrl\":\"https:\\\/\\\/www.konzertdirektion-hohenfels.de\\\/wp-content\\\/uploads\\\/KVH_logo_newsletter.png\",\"width\":230,\"height\":117,\"caption\":\"Konzertdirektion Prof. Victor Hohenfels\"},\"image\":{\"@id\":\"https:\\\/\\\/www.konzertdirektion-hohenfels.de\\\/#\\\/schema\\\/logo\\\/image\\\/\"},\"sameAs\":[\"https:\\\/\\\/www.facebook.com\\\/konzertdirektion.hohenfels\"]}]}<\/script>\n<!-- \/ Yoast SEO plugin. -->","yoast_head_json":{"title":"G\u0142\u00f3wny dyrygent Andreas Wittmann - Konzertdirektion Prof. Victor Hohenfels","description":"ANDREAS WITTMANN studied oboe and conducting in Munich and Berlin. Beginning with the 2025\/2026 season, he will take up the position of Principal Conductor of the Berlin Symphony Orchestra, with which he has been closely associated for many years.","robots":{"index":"index","follow":"follow","max-snippet":"max-snippet:-1","max-image-preview":"max-image-preview:large","max-video-preview":"max-video-preview:-1"},"canonical":"https:\/\/www.konzertdirektion-hohenfels.de\/pl\/philharmonie-berlin\/glowny-dyrygent-andreas-wittmann\/","og_locale":"pl_PL","og_type":"article","og_title":"G\u0142\u00f3wny dyrygent Andreas Wittmann - Konzertdirektion Prof. Victor Hohenfels","og_description":"ANDREAS WITTMANN studied oboe and conducting in Munich and Berlin. Beginning with the 2025\/2026 season, he will take up the position of Principal Conductor of the Berlin Symphony Orchestra, with which he has been closely associated for many years.","og_url":"https:\/\/www.konzertdirektion-hohenfels.de\/pl\/philharmonie-berlin\/glowny-dyrygent-andreas-wittmann\/","og_site_name":"Konzertdirektion Prof. Victor Hohenfels","article_publisher":"https:\/\/www.facebook.com\/konzertdirektion.hohenfels","article_modified_time":"2025-08-18T11:09:25+00:00","twitter_card":"summary_large_image","twitter_misc":{"Est. reading time":"2 minutes"},"schema":{"@context":"https:\/\/schema.org","@graph":[{"@type":"WebPage","@id":"https:\/\/www.konzertdirektion-hohenfels.de\/pl\/philharmonie-berlin\/glowny-dyrygent-andreas-wittmann\/","url":"https:\/\/www.konzertdirektion-hohenfels.de\/pl\/philharmonie-berlin\/glowny-dyrygent-andreas-wittmann\/","name":"G\u0142\u00f3wny dyrygent Andreas Wittmann - Konzertdirektion Prof. Victor Hohenfels","isPartOf":{"@id":"https:\/\/www.konzertdirektion-hohenfels.de\/#website"},"datePublished":"2018-03-07T08:24:36+00:00","dateModified":"2025-08-18T11:09:25+00:00","description":"ANDREAS WITTMANN studied oboe and conducting in Munich and Berlin. Beginning with the 2025\/2026 season, he will take up the position of Principal Conductor of the Berlin Symphony Orchestra, with which he has been closely associated for many years.","breadcrumb":{"@id":"https:\/\/www.konzertdirektion-hohenfels.de\/pl\/philharmonie-berlin\/glowny-dyrygent-andreas-wittmann\/#breadcrumb"},"inLanguage":"pl","potentialAction":[{"@type":"ReadAction","target":["https:\/\/www.konzertdirektion-hohenfels.de\/pl\/philharmonie-berlin\/glowny-dyrygent-andreas-wittmann\/"]}]},{"@type":"BreadcrumbList","@id":"https:\/\/www.konzertdirektion-hohenfels.de\/pl\/philharmonie-berlin\/glowny-dyrygent-andreas-wittmann\/#breadcrumb","itemListElement":[{"@type":"ListItem","position":1,"name":"Home","item":"https:\/\/www.konzertdirektion-hohenfels.de\/pl\/index-weiterleitung\/"},{"@type":"ListItem","position":2,"name":"Dyrekcja Koncertowa Philharmonie Berlin","item":"https:\/\/www.konzertdirektion-hohenfels.de\/pl\/philharmonie-berlin\/"},{"@type":"ListItem","position":3,"name":"G\u0142\u00f3wny dyrygent Andreas Wittmann"}]},{"@type":"WebSite","@id":"https:\/\/www.konzertdirektion-hohenfels.de\/#website","url":"https:\/\/www.konzertdirektion-hohenfels.de\/","name":"Konzertdirektion Prof. Victor Hohenfels","description":"","publisher":{"@id":"https:\/\/www.konzertdirektion-hohenfels.de\/#organization"},"potentialAction":[{"@type":"SearchAction","target":{"@type":"EntryPoint","urlTemplate":"https:\/\/www.konzertdirektion-hohenfels.de\/?s={search_term_string}"},"query-input":{"@type":"PropertyValueSpecification","valueRequired":true,"valueName":"search_term_string"}}],"inLanguage":"pl"},{"@type":"Organization","@id":"https:\/\/www.konzertdirektion-hohenfels.de\/#organization","name":"Konzertdirektion Prof. Victor Hohenfels","url":"https:\/\/www.konzertdirektion-hohenfels.de\/","logo":{"@type":"ImageObject","inLanguage":"pl","@id":"https:\/\/www.konzertdirektion-hohenfels.de\/#\/schema\/logo\/image\/","url":"https:\/\/www.konzertdirektion-hohenfels.de\/wp-content\/uploads\/KVH_logo_newsletter.png","contentUrl":"https:\/\/www.konzertdirektion-hohenfels.de\/wp-content\/uploads\/KVH_logo_newsletter.png","width":230,"height":117,"caption":"Konzertdirektion Prof. Victor Hohenfels"},"image":{"@id":"https:\/\/www.konzertdirektion-hohenfels.de\/#\/schema\/logo\/image\/"},"sameAs":["https:\/\/www.facebook.com\/konzertdirektion.hohenfels"]}]}},"_links":{"self":[{"href":"https:\/\/www.konzertdirektion-hohenfels.de\/pl\/wp-json\/wp\/v2\/pages\/3851","targetHints":{"allow":["GET"]}}],"collection":[{"href":"https:\/\/www.konzertdirektion-hohenfels.de\/pl\/wp-json\/wp\/v2\/pages"}],"about":[{"href":"https:\/\/www.konzertdirektion-hohenfels.de\/pl\/wp-json\/wp\/v2\/types\/page"}],"author":[{"embeddable":true,"href":"https:\/\/www.konzertdirektion-hohenfels.de\/pl\/wp-json\/wp\/v2\/users\/1"}],"replies":[{"embeddable":true,"href":"https:\/\/www.konzertdirektion-hohenfels.de\/pl\/wp-json\/wp\/v2\/comments?post=3851"}],"version-history":[{"count":9,"href":"https:\/\/www.konzertdirektion-hohenfels.de\/pl\/wp-json\/wp\/v2\/pages\/3851\/revisions"}],"predecessor-version":[{"id":7660,"href":"https:\/\/www.konzertdirektion-hohenfels.de\/pl\/wp-json\/wp\/v2\/pages\/3851\/revisions\/7660"}],"up":[{"embeddable":true,"href":"https:\/\/www.konzertdirektion-hohenfels.de\/pl\/wp-json\/wp\/v2\/pages\/730"}],"wp:attachment":[{"href":"https:\/\/www.konzertdirektion-hohenfels.de\/pl\/wp-json\/wp\/v2\/media?parent=3851"}],"curies":[{"name":"wp","href":"https:\/\/api.w.org\/{rel}","templated":true}]}}